{"id":21062,"date":"2024-07-09T11:20:40","date_gmt":"2024-07-09T11:20:40","guid":{"rendered":"https:\/\/simfoniya.az\/?post_type=product&#038;p=21062"},"modified":"2024-09-25T09:56:49","modified_gmt":"2024-09-25T09:56:49","slug":"vama-hamam-mebeli-1200x585x840canaq-1200x585x200-komplekt","status":"publish","type":"product","link":"https:\/\/simfoniya.az\/ru\/product\/vama-hamam-mebeli-1200x585x840canaq-1200x585x200-komplekt\/","title":{"rendered":"\u0412\u0430\u043c\u0430 \/ \u041d\u0430\u0431\u043e\u0440 \u043c\u0435\u0431\u0435\u043b\u0438 \u0434\u043b\u044f \u0432\u0430\u043d\u043d\u043e\u0439 \u043a\u043e\u043c\u043d\u0430\u0442\u044b"},"content":{"rendered":"<div class=\"flex max-w-full flex-col flex-grow\">\n<div class=\"min-h-8 text-message flex w-full flex-col items-end gap-2 whitespace-normal break-words [.text-message+&amp;]:mt-5\" dir=\"auto\" data-message-author-role=\"assistant\" data-message-id=\"e9ab2f16-f5f9-44b2-a665-4a4c06b4f14a\">\n<div class=\"flex w-full flex-col gap-1 empty:hidden first:pt-[3px]\">\n<div class=\"markdown prose w-full break-words dark:prose-invert light\">\n<div class=\"flex max-w-full flex-col flex-grow\">\n<div class=\"min-h-8 text-message flex w-full flex-col items-end gap-2 whitespace-normal break-words [.text-message+&amp;]:mt-5\" dir=\"auto\" data-message-author-role=\"assistant\" data-message-id=\"e9ab2f16-f5f9-44b2-a665-4a4c06b4f14a\">\n<div class=\"flex w-full flex-col gap-1 empty:hidden first:pt-[3px]\">\n<div class=\"markdown prose w-full break-words dark:prose-invert light\">\n<p>Bu minimalist dizaynl\u0131 vanna ota\u011f\u0131 dolab\u0131, geni\u015f bir m\u0259rm\u0259r \u00fcst s\u0259th\u0259 v\u0259 daxili saxlama sah\u0259sin\u0259 sahib modern dolablarla birl\u0259\u015fir. Qara v\u0259 a\u011f r\u0259ng sxeml\u0259ri il\u0259, h\u0259m g\u00f6z\u0259l, h\u0259m d\u0259 funksional bir \u0259lav\u0259dir. Dolab\u0131n alt\u0131ndak\u0131 \u00fc\u00e7 dolab qap\u0131s\u0131, geni\u015f saxlama imkanlar\u0131 t\u0259klif edir ki, bu da vanna l\u0259vazimatlar\u0131n\u0131 d\u00fczg\u00fcn \u015f\u0259kild\u0259 t\u0259\u015fkil etm\u0259y\u0259 imkan verir. \u00dcst\u00fcnd\u0259ki m\u0259rm\u0259r s\u0259th is\u0259 davaml\u0131l\u0131q v\u0259 asan t\u0259mizl\u0259nm\u0259 imkan\u0131 t\u0259min ed\u0259r\u0259k h\u0259r c\u00fcr banyo dekoruna uygundur. Bu kombinasiya, h\u0259m \u015f\u0131k h\u0259m d\u0259 praktik bir \u00e7\u00f6z\u00fcm t\u0259klif ed\u0259r\u0259k, h\u0259r hans\u0131 m\u00fcasir vanna ota\u011f\u0131n\u0131 tamamlar.<\/p>\n<\/div>\n<\/div>\n<\/div>\n<\/div>\n<div class=\"mb-2 flex gap-3 empty:hidden -ml-2\">\n<div class=\"items-center justify-start rounded-xl p-1 flex\">\n<div class=\"flex items-center\"><button class=\"rounded-lg text-token-text-secondary hover:bg-token-main-surface-secondary\" aria-label=\"Read aloud\" data-testid=\"voice-play-turn-action-button\"><\/button><button class=\"rounded-lg text-token-text-secondary hover:bg-token-main-surface-secondary\" aria-label=\"\u041a\u043e\u043f\u0438\u0440\u043e\u0432\u0430\u0442\u044c\" data-testid=\"copy-turn-action-button\"><\/button><\/p>\n<div class=\"flex\"><\/div>\n<div class=\"flex items-center pb-0\"><\/div>\n<\/div>\n<\/div>\n<\/div>\n<\/div>\n<\/div>\n<\/div>\n<\/div>\n","protected":false},"excerpt":{"rendered":"<p>Bu minimalist dizaynl\u0131 vanna ota\u011f\u0131 dolab\u0131, geni\u015f bir m\u0259rm\u0259r \u00fcst s\u0259th\u0259 v\u0259 daxili saxlama sah\u0259sin\u0259 sahib modern dolablarla birl\u0259\u015fir. Qara v\u0259 a\u011f r\u0259ng sxeml\u0259ri il\u0259, h\u0259m g\u00f6z\u0259l, h\u0259m d\u0259 funksional bir \u0259lav\u0259dir. Dolab\u0131n alt\u0131ndak\u0131 \u00fc\u00e7 dolab qap\u0131s\u0131, geni\u015f saxlama imkanlar\u0131 t\u0259klif edir ki, bu da vanna l\u0259vazimatlar\u0131n\u0131 d\u00fczg\u00fcn \u015f\u0259kild\u0259 t\u0259\u015fkil etm\u0259y\u0259 imkan verir. \u00dcst\u00fcnd\u0259ki m\u0259rm\u0259r s\u0259th is\u0259 davaml\u0131l\u0131q v\u0259 asan\u2026<\/p>","protected":false},"featured_media":21063,"comment_status":"closed","ping_status":"closed","template":"","meta":[],"product_brand":[],"product_cat":[76],"product_tag":[],"collection":[],"brand":[],"category_2":[],"catergory_brand":[],"class_list":{"0":"post-21062","1":"product","2":"type-product","3":"status-publish","4":"has-post-thumbnail","6":"product_cat-all","8":"first","9":"instock","10":"shipping-taxable","11":"product-type-simple"},"_links":{"self":[{"href":"https:\/\/simfoniya.az\/ru\/wp-json\/wp\/v2\/product\/21062","targetHints":{"allow":["GET"]}}],"collection":[{"href":"https:\/\/simfoniya.az\/ru\/wp-json\/wp\/v2\/product"}],"about":[{"href":"https:\/\/simfoniya.az\/ru\/wp-json\/wp\/v2\/types\/product"}],"replies":[{"embeddable":true,"href":"https:\/\/simfoniya.az\/ru\/wp-json\/wp\/v2\/comments?post=21062"}],"wp:featuredmedia":[{"embeddable":true,"href":"https:\/\/simfoniya.az\/ru\/wp-json\/wp\/v2\/media\/21063"}],"wp:attachment":[{"href":"https:\/\/simfoniya.az\/ru\/wp-json\/wp\/v2\/media?parent=21062"}],"wp:term":[{"taxonomy":"product_brand","embeddable":true,"href":"https:\/\/simfoniya.az\/ru\/wp-json\/wp\/v2\/product_brand?post=21062"},{"taxonomy":"product_cat","embeddable":true,"href":"https:\/\/simfoniya.az\/ru\/wp-json\/wp\/v2\/product_cat?post=21062"},{"taxonomy":"product_tag","embeddable":true,"href":"https:\/\/simfoniya.az\/ru\/wp-json\/wp\/v2\/product_tag?post=21062"},{"taxonomy":"collection","embeddable":true,"href":"https:\/\/simfoniya.az\/ru\/wp-json\/wp\/v2\/collection?post=21062"},{"taxonomy":"brand","embeddable":true,"href":"https:\/\/simfoniya.az\/ru\/wp-json\/wp\/v2\/brand?post=21062"},{"taxonomy":"category_2","embeddable":true,"href":"https:\/\/simfoniya.az\/ru\/wp-json\/wp\/v2\/category_2?post=21062"},{"taxonomy":"catergory_brand","embeddable":true,"href":"https:\/\/simfoniya.az\/ru\/wp-json\/wp\/v2\/catergory_brand?post=21062"}],"curies":[{"name":"WP","href":"https:\/\/api.w.org\/{rel}","templated":true}]}}