{"id":21081,"date":"2024-07-09T11:54:12","date_gmt":"2024-07-09T11:54:12","guid":{"rendered":"https:\/\/simfoniya.az\/?post_type=product&#038;p=21081"},"modified":"2024-09-25T09:08:31","modified_gmt":"2024-09-25T09:08:31","slug":"tres-dus-slanqi-145-mm-1-50-m-sateen","status":"publish","type":"product","link":"https:\/\/simfoniya.az\/ru\/product\/tres-dus-slanqi-145-mm-1-50-m-sateen\/","title":{"rendered":"\u0422\u0440\u0435\u0441 \/ \u0414\u0443\u0448\u0435\u0432\u043e\u0439 \u0448\u043b\u0430\u043d\u0433"},"content":{"rendered":"<div class=\"flex max-w-full flex-col flex-grow\">\n<div class=\"min-h-8 text-message flex w-full flex-col items-end gap-2 whitespace-normal break-words [.text-message+&amp;]:mt-5\" dir=\"auto\" data-message-author-role=\"assistant\" data-message-id=\"6ecb5915-c952-4e7c-b3dd-d7997d3cbfd4\">\n<div class=\"flex w-full flex-col gap-1 empty:hidden first:pt-[3px]\">\n<div class=\"markdown prose w-full break-words dark:prose-invert light\">\n<p>Bu du\u015f \u015flanq\u0131, hamam\u0131n\u0131z \u00fc\u00e7\u00fcn m\u00fck\u0259mm\u0259l se\u00e7imdir. Y\u00fcks\u0259k keyfiyy\u0259tli materiallardan haz\u0131rlanm\u0131\u015f bu \u015flanq, davaml\u0131l\u0131\u011f\u0131 v\u0259 elastikliyi il\u0259 se\u00e7ilir. Uzunlu\u011fu v\u0259 \u00e7evik dizayn\u0131 say\u0259sind\u0259 du\u015f zaman\u0131 rahat h\u0259r\u0259k\u0259t etm\u0259y\u0259 imkan verir. Paslanmaya qar\u015f\u0131 dayan\u0131ql\u0131 oldu\u011fu \u00fc\u00e7\u00fcn uzun m\u00fcdd\u0259t etibarl\u0131 \u015f\u0259kild\u0259 istifad\u0259 ed\u0259 bil\u0259rsiniz. M\u00fcasir v\u0259 funksional g\u00f6r\u00fcn\u00fc\u015f\u00fc il\u0259 hamam\u0131n\u0131za h\u0259m estetik, h\u0259m d\u0259 praktiklik qat\u0131r.<\/p>\n<\/div>\n<\/div>\n<\/div>\n<\/div>\n<div class=\"mb-2 flex gap-3 empty:hidden -ml-2\">\n<div class=\"items-center justify-start rounded-xl p-1 flex\">\n<div class=\"flex items-center\"><button class=\"rounded-lg text-token-text-secondary hover:bg-token-main-surface-secondary\" aria-label=\"Read aloud\" data-testid=\"voice-play-turn-action-button\"><\/button><button class=\"rounded-lg text-token-text-secondary hover:bg-token-main-surface-secondary\" aria-label=\"\u041a\u043e\u043f\u0438\u0440\u043e\u0432\u0430\u0442\u044c\" data-testid=\"copy-turn-action-button\"><\/button><\/p>\n<div class=\"flex\"><\/div>\n<div class=\"flex items-center pb-0\"><\/div>\n<\/div>\n<\/div>\n<\/div>\n","protected":false},"excerpt":{"rendered":"<p>\u042d\u0442\u043e\u0442 \u0434\u0443\u0448\u0435\u0432\u043e\u0439 \u0448\u043b\u0430\u043d\u0433 \u0441\u0442\u0430\u043d\u0435\u0442 \u0438\u0434\u0435\u0430\u043b\u044c\u043d\u044b\u043c \u0432\u044b\u0431\u043e\u0440\u043e\u043c \u0434\u043b\u044f \u0432\u0430\u0448\u0435\u0439 \u0432\u0430\u043d\u043d\u043e\u0439 \u043a\u043e\u043c\u043d\u0430\u0442\u044b. \u0418\u0437\u0433\u043e\u0442\u043e\u0432\u043b\u0435\u043d\u043d\u044b\u0439 \u0438\u0437 \u0432\u044b\u0441\u043e\u043a\u043e\u043a\u0430\u0447\u0435\u0441\u0442\u0432\u0435\u043d\u043d\u044b\u0445 \u043c\u0430\u0442\u0435\u0440\u0438\u0430\u043b\u043e\u0432, \u044d\u0442\u043e\u0442 \u0448\u043b\u0430\u043d\u0433 \u043e\u0442\u043b\u0438\u0447\u0430\u0435\u0442\u0441\u044f \u0441\u0432\u043e\u0435\u0439 \u043f\u0440\u043e\u0447\u043d\u043e\u0441\u0442\u044c\u044e \u0438 \u0433\u0438\u0431\u043a\u043e\u0441\u0442\u044c\u044e. \u0411\u043b\u0430\u0433\u043e\u0434\u0430\u0440\u044f \u0441\u0432\u043e\u0435\u0439 \u0434\u043b\u0438\u043d\u0435 \u0438 \u0433\u0438\u0431\u043a\u043e\u0439 \u043a\u043e\u043d\u0441\u0442\u0440\u0443\u043a\u0446\u0438\u0438 \u043e\u043d \u043f\u043e\u0437\u0432\u043e\u043b\u044f\u0435\u0442 \u043a\u043e\u043c\u0444\u043e\u0440\u0442\u043d\u043e \u043f\u0435\u0440\u0435\u0434\u0432\u0438\u0433\u0430\u0442\u044c\u0441\u044f \u0432\u043e \u0432\u0440\u0435\u043c\u044f \u043f\u0440\u0438\u043d\u044f\u0442\u0438\u044f \u0434\u0443\u0448\u0430. \u041f\u043e\u0441\u043a\u043e\u043b\u044c\u043a\u0443 \u043e\u043d \u0443\u0441\u0442\u043e\u0439\u0447\u0438\u0432 \u043a \u0440\u0436\u0430\u0432\u0447\u0438\u043d\u0435, \u0435\u0433\u043e \u043c\u043e\u0436\u043d\u043e \u043d\u0430\u0434\u0435\u0436\u043d\u043e \u0438\u0441\u043f\u043e\u043b\u044c\u0437\u043e\u0432\u0430\u0442\u044c \u0432 \u0442\u0435\u0447\u0435\u043d\u0438\u0435 \u0434\u043b\u0438\u0442\u0435\u043b\u044c\u043d\u043e\u0433\u043e \u0432\u0440\u0435\u043c\u0435\u043d\u0438. \u0411\u043b\u0430\u0433\u043e\u0434\u0430\u0440\u044f \u0441\u0432\u043e\u0435\u043c\u0443 \u0441\u043e\u0432\u0440\u0435\u043c\u0435\u043d\u043d\u043e\u043c\u0443 \u0438 \u0444\u0443\u043d\u043a\u0446\u0438\u043e\u043d\u0430\u043b\u044c\u043d\u043e\u043c\u0443 \u0432\u043d\u0435\u0448\u043d\u0435\u043c\u0443 \u0432\u0438\u0434\u0443 \u043e\u043d \u043f\u0440\u0438\u0434\u0430\u0441\u0442 \u0432\u0430\u0448\u0435\u0439 \u0432\u0430\u043d\u043d\u043e\u0439 \u043a\u043e\u043c\u043d\u0430\u0442\u0435 \u044d\u0441\u0442\u0435\u0442\u0438\u043a\u0443 \u0438 \u043f\u0440\u0430\u043a\u0442\u0438\u0447\u043d\u043e\u0441\u0442\u044c.<\/p>","protected":false},"featured_media":21082,"comment_status":"closed","ping_status":"closed","template":"","meta":[],"product_brand":[],"product_cat":[1392],"product_tag":[],"collection":[],"brand":[1435],"category_2":[],"catergory_brand":[],"class_list":{"0":"post-21081","1":"product","2":"type-product","3":"status-publish","4":"has-post-thumbnail","6":"product_cat-shower-and-components","7":"brand-tres","9":"first","10":"instock","11":"shipping-taxable","12":"product-type-simple"},"_links":{"self":[{"href":"https:\/\/simfoniya.az\/ru\/wp-json\/wp\/v2\/product\/21081","targetHints":{"allow":["GET"]}}],"collection":[{"href":"https:\/\/simfoniya.az\/ru\/wp-json\/wp\/v2\/product"}],"about":[{"href":"https:\/\/simfoniya.az\/ru\/wp-json\/wp\/v2\/types\/product"}],"replies":[{"embeddable":true,"href":"https:\/\/simfoniya.az\/ru\/wp-json\/wp\/v2\/comments?post=21081"}],"wp:featuredmedia":[{"embeddable":true,"href":"https:\/\/simfoniya.az\/ru\/wp-json\/wp\/v2\/media\/21082"}],"wp:attachment":[{"href":"https:\/\/simfoniya.az\/ru\/wp-json\/wp\/v2\/media?parent=21081"}],"wp:term":[{"taxonomy":"product_brand","embeddable":true,"href":"https:\/\/simfoniya.az\/ru\/wp-json\/wp\/v2\/product_brand?post=21081"},{"taxonomy":"product_cat","embeddable":true,"href":"https:\/\/simfoniya.az\/ru\/wp-json\/wp\/v2\/product_cat?post=21081"},{"taxonomy":"product_tag","embeddable":true,"href":"https:\/\/simfoniya.az\/ru\/wp-json\/wp\/v2\/product_tag?post=21081"},{"taxonomy":"collection","embeddable":true,"href":"https:\/\/simfoniya.az\/ru\/wp-json\/wp\/v2\/collection?post=21081"},{"taxonomy":"brand","embeddable":true,"href":"https:\/\/simfoniya.az\/ru\/wp-json\/wp\/v2\/brand?post=21081"},{"taxonomy":"category_2","embeddable":true,"href":"https:\/\/simfoniya.az\/ru\/wp-json\/wp\/v2\/category_2?post=21081"},{"taxonomy":"catergory_brand","embeddable":true,"href":"https:\/\/simfoniya.az\/ru\/wp-json\/wp\/v2\/catergory_brand?post=21081"}],"curies":[{"name":"WP","href":"https:\/\/api.w.org\/{rel}","templated":true}]}}