{"id":21083,"date":"2024-07-09T11:57:51","date_gmt":"2024-07-09T11:57:51","guid":{"rendered":"https:\/\/simfoniya.az\/?post_type=product&#038;p=21083"},"modified":"2024-10-12T06:38:04","modified_gmt":"2024-10-12T06:38:04","slug":"tres-dus-cixisi","status":"publish","type":"product","link":"https:\/\/simfoniya.az\/ru\/product\/tres-dus-cixisi\/","title":{"rendered":"\u0422\u0435\u0440\u0440\u0430\u0441\u0430\/\u0432\u044b\u0445\u043e\u0434 \u0432 \u0434\u0443\u0448"},"content":{"rendered":"<div class=\"flex w-full flex-col gap-1 empty:hidden first:pt-[3px]\">\n<div class=\"markdown prose w-full break-words dark:prose-invert light\">\n<p>Bu modern dizaynl\u0131 su qo\u015fqunun g\u00f6vd\u0259si kubik formada olup, mat krom kaplama il\u0259 tamamlanm\u0131\u015fd\u0131r. Minimalist v\u0259 z\u0259rif g\u00f6r\u00fcn\u00fc\u015f\u00fc il\u0259, bu qo\u015fqu su ax\u0131n\u0131n\u0131 idar\u0259 etm\u0259k v\u0259 ist\u0259nil\u0259n su aparat\u0131na ba\u011flant\u0131 yaratmaq \u00fc\u00e7\u00fcn istifad\u0259 olunur. Onun dayan\u0131ql\u0131 konstruksiyas\u0131 su s\u0131z\u0131nt\u0131lar\u0131na qar\u015f\u0131 y\u00fcks\u0259k qoruma t\u0259min edir v\u0259 asan montaj imkan\u0131 il\u0259 diqq\u0259t \u00e7\u0259kir. Bu qo\u015fqu, h\u0259m funksionall\u0131\u011f\u0131 h\u0259m d\u0259 m\u00fcasir vanna ota\u011f\u0131 dizayn\u0131na uy\u011funlu\u011fu il\u0259 m\u00fck\u0259mm\u0259l bir se\u00e7imdir.<\/p>\n<\/div>\n<\/div>\n<div class=\"text-sm text-token-text-error border-token-surface-error\/15 bg-token-surface-error flex w-full items-start gap-3 rounded-2xl border p-4 bg-opacity-5\">\n<div class=\"pt-px\">\n<div class=\"markdown prose w-full break-words dark:prose-invert\">\n<p>&nbsp;<\/p>\n<\/div>\n<\/div>\n<\/div>\n","protected":false},"excerpt":{"rendered":"<p>Bu modern dizaynl\u0131 su qo\u015fqunun g\u00f6vd\u0259si kubik formada olup, mat krom kaplama il\u0259 tamamlanm\u0131\u015fd\u0131r. Minimalist v\u0259 z\u0259rif g\u00f6r\u00fcn\u00fc\u015f\u00fc il\u0259, bu qo\u015fqu su ax\u0131n\u0131n\u0131 idar\u0259 etm\u0259k v\u0259 ist\u0259nil\u0259n su aparat\u0131na ba\u011flant\u0131 yaratmaq \u00fc\u00e7\u00fcn istifad\u0259 olunur. Onun dayan\u0131ql\u0131 konstruksiyas\u0131 su s\u0131z\u0131nt\u0131lar\u0131na qar\u015f\u0131 y\u00fcks\u0259k qoruma t\u0259min edir v\u0259 asan montaj imkan\u0131 il\u0259 diqq\u0259t \u00e7\u0259kir. Bu qo\u015fqu, h\u0259m funksionall\u0131\u011f\u0131 h\u0259m d\u0259 m\u00fcasir vanna ota\u011f\u0131\u2026<\/p>","protected":false},"featured_media":24003,"comment_status":"closed","ping_status":"closed","template":"","meta":[],"product_brand":[],"product_cat":[1392],"product_tag":[],"collection":[],"brand":[1435],"category_2":[],"catergory_brand":[],"class_list":{"0":"post-21083","1":"product","2":"type-product","3":"status-publish","4":"has-post-thumbnail","6":"product_cat-shower-and-components","7":"brand-tres","9":"first","10":"instock","11":"shipping-taxable","12":"product-type-simple"},"_links":{"self":[{"href":"https:\/\/simfoniya.az\/ru\/wp-json\/wp\/v2\/product\/21083","targetHints":{"allow":["GET"]}}],"collection":[{"href":"https:\/\/simfoniya.az\/ru\/wp-json\/wp\/v2\/product"}],"about":[{"href":"https:\/\/simfoniya.az\/ru\/wp-json\/wp\/v2\/types\/product"}],"replies":[{"embeddable":true,"href":"https:\/\/simfoniya.az\/ru\/wp-json\/wp\/v2\/comments?post=21083"}],"wp:featuredmedia":[{"embeddable":true,"href":"https:\/\/simfoniya.az\/ru\/wp-json\/wp\/v2\/media\/24003"}],"wp:attachment":[{"href":"https:\/\/simfoniya.az\/ru\/wp-json\/wp\/v2\/media?parent=21083"}],"wp:term":[{"taxonomy":"product_brand","embeddable":true,"href":"https:\/\/simfoniya.az\/ru\/wp-json\/wp\/v2\/product_brand?post=21083"},{"taxonomy":"product_cat","embeddable":true,"href":"https:\/\/simfoniya.az\/ru\/wp-json\/wp\/v2\/product_cat?post=21083"},{"taxonomy":"product_tag","embeddable":true,"href":"https:\/\/simfoniya.az\/ru\/wp-json\/wp\/v2\/product_tag?post=21083"},{"taxonomy":"collection","embeddable":true,"href":"https:\/\/simfoniya.az\/ru\/wp-json\/wp\/v2\/collection?post=21083"},{"taxonomy":"brand","embeddable":true,"href":"https:\/\/simfoniya.az\/ru\/wp-json\/wp\/v2\/brand?post=21083"},{"taxonomy":"category_2","embeddable":true,"href":"https:\/\/simfoniya.az\/ru\/wp-json\/wp\/v2\/category_2?post=21083"},{"taxonomy":"catergory_brand","embeddable":true,"href":"https:\/\/simfoniya.az\/ru\/wp-json\/wp\/v2\/catergory_brand?post=21083"}],"curies":[{"name":"WP","href":"https:\/\/api.w.org\/{rel}","templated":true}]}}