{"id":21090,"date":"2024-07-09T12:06:56","date_gmt":"2024-07-09T12:06:56","guid":{"rendered":"https:\/\/simfoniya.az\/?post_type=product&#038;p=21090"},"modified":"2024-09-25T08:44:30","modified_gmt":"2024-09-25T08:44:30","slug":"tres-dus-asilqani","status":"publish","type":"product","link":"https:\/\/simfoniya.az\/ru\/product\/tres-dus-asilqani\/","title":{"rendered":"\u0422\u0440\u0435\u0441 \/ \u0412\u0435\u0448\u0430\u043b\u043a\u0430 \u0434\u043b\u044f \u0434\u0443\u0448\u0430"},"content":{"rendered":"<div class=\"flex max-w-full flex-col flex-grow\">\n<div class=\"min-h-8 text-message flex w-full flex-col items-end gap-2 whitespace-normal break-words [.text-message+&amp;]:mt-5\" dir=\"auto\" data-message-author-role=\"assistant\" data-message-id=\"3f19c136-1add-4eee-819b-f5d982cd7e1c\">\n<div class=\"flex w-full flex-col gap-1 empty:hidden first:pt-[3px]\">\n<div class=\"markdown prose w-full break-words dark:prose-invert light\">\n<p>Bu qar\u0131\u015fd\u0131r\u0131c\u0131 kran tutaca\u011f\u0131, hamam\u0131n\u0131z v\u0259 ya m\u0259tb\u0259xiniz \u00fc\u00e7\u00fcn ideal aksesuard\u0131r. Y\u00fcks\u0259k keyfiyy\u0259tli materiallardan haz\u0131rlanm\u0131\u015f bu m\u0259hsul, qar\u0131\u015fd\u0131r\u0131c\u0131 kran\u0131n m\u00f6hk\u0259m v\u0259 etibarl\u0131 \u015f\u0259kild\u0259 qura\u015fd\u0131r\u0131lmas\u0131n\u0131 t\u0259min edir. Asan qura\u015fd\u0131r\u0131lan dizayn\u0131 il\u0259 divara v\u0259 ya lavabo \u00fcz\u0259rin\u0259 b\u0259rkidilir. M\u00fcasir v\u0259 z\u0259rif g\u00f6r\u00fcn\u00fc\u015f\u00fc il\u0259 interyeriniz\u0259 estetik bir toxunu\u015f qat\u0131r.<\/p>\n<\/div>\n<\/div>\n<\/div>\n<\/div>\n<div class=\"mb-2 flex gap-3 empty:hidden -ml-2\">\n<div class=\"items-center justify-start rounded-xl p-1 flex\">\n<div class=\"flex items-center\">\n<p>&nbsp;<\/p>\n<div class=\"flex\"><\/div>\n<div class=\"flex items-center pb-0\"><\/div>\n<\/div>\n<\/div>\n<\/div>\n","protected":false},"excerpt":{"rendered":"<p>\u042d\u0442\u043e\u0442 \u0434\u0435\u0440\u0436\u0430\u0442\u0435\u043b\u044c \u0434\u043b\u044f \u0441\u043c\u0435\u0441\u0438\u0442\u0435\u043b\u044f \u0441\u0442\u0430\u043d\u0435\u0442 \u0438\u0434\u0435\u0430\u043b\u044c\u043d\u044b\u043c \u0430\u043a\u0441\u0435\u0441\u0441\u0443\u0430\u0440\u043e\u043c \u0434\u043b\u044f \u0432\u0430\u0448\u0435\u0439 \u0432\u0430\u043d\u043d\u043e\u0439 \u043a\u043e\u043c\u043d\u0430\u0442\u044b \u0438\u043b\u0438 \u043a\u0443\u0445\u043d\u0438. \u0418\u0437\u0433\u043e\u0442\u043e\u0432\u043b\u0435\u043d\u043d\u043e\u0435 \u0438\u0437 \u0432\u044b\u0441\u043e\u043a\u043e\u043a\u0430\u0447\u0435\u0441\u0442\u0432\u0435\u043d\u043d\u044b\u0445 \u043c\u0430\u0442\u0435\u0440\u0438\u0430\u043b\u043e\u0432, \u0434\u0430\u043d\u043d\u043e\u0435 \u0438\u0437\u0434\u0435\u043b\u0438\u0435 \u043e\u0431\u0435\u0441\u043f\u0435\u0447\u0438\u0432\u0430\u0435\u0442 \u043f\u0440\u043e\u0447\u043d\u0443\u044e \u0438 \u043d\u0430\u0434\u0435\u0436\u043d\u0443\u044e \u0443\u0441\u0442\u0430\u043d\u043e\u0432\u043a\u0443 \u0441\u043c\u0435\u0441\u0438\u0442\u0435\u043b\u044f. \u0411\u043b\u0430\u0433\u043e\u0434\u0430\u0440\u044f \u043f\u0440\u043e\u0441\u0442\u043e\u0439 \u0432 \u0443\u0441\u0442\u0430\u043d\u043e\u0432\u043a\u0435 \u043a\u043e\u043d\u0441\u0442\u0440\u0443\u043a\u0446\u0438\u0438 \u0435\u0433\u043e \u043c\u043e\u0436\u043d\u043e \u0437\u0430\u043a\u0440\u0435\u043f\u0438\u0442\u044c \u043d\u0430 \u0441\u0442\u0435\u043d\u0435 \u0438\u043b\u0438 \u0440\u0430\u043a\u043e\u0432\u0438\u043d\u0435. \u041e\u043d \u043f\u0440\u0438\u0434\u0430\u0441\u0442 \u044d\u0441\u0442\u0435\u0442\u0438\u0447\u043d\u044b\u0439 \u0432\u0438\u0434 \u0432\u0430\u0448\u0435\u043c\u0443 \u0438\u043d\u0442\u0435\u0440\u044c\u0435\u0440\u0443 \u0431\u043b\u0430\u0433\u043e\u0434\u0430\u0440\u044f \u0441\u0432\u043e\u0435\u043c\u0443 \u0441\u043e\u0432\u0440\u0435\u043c\u0435\u043d\u043d\u043e\u043c\u0443 \u0438 \u044d\u043b\u0435\u0433\u0430\u043d\u0442\u043d\u043e\u043c\u0443 \u0432\u0438\u0434\u0443. &nbsp;<\/p>","protected":false},"featured_media":21091,"comment_status":"closed","ping_status":"closed","template":"","meta":[],"product_brand":[],"product_cat":[1327],"product_tag":[],"collection":[],"brand":[1435],"category_2":[],"catergory_brand":[],"class_list":{"0":"post-21090","1":"product","2":"type-product","3":"status-publish","4":"has-post-thumbnail","6":"product_cat-hooks-and-hangers","7":"brand-tres","9":"first","10":"instock","11":"shipping-taxable","12":"product-type-simple"},"_links":{"self":[{"href":"https:\/\/simfoniya.az\/ru\/wp-json\/wp\/v2\/product\/21090","targetHints":{"allow":["GET"]}}],"collection":[{"href":"https:\/\/simfoniya.az\/ru\/wp-json\/wp\/v2\/product"}],"about":[{"href":"https:\/\/simfoniya.az\/ru\/wp-json\/wp\/v2\/types\/product"}],"replies":[{"embeddable":true,"href":"https:\/\/simfoniya.az\/ru\/wp-json\/wp\/v2\/comments?post=21090"}],"wp:featuredmedia":[{"embeddable":true,"href":"https:\/\/simfoniya.az\/ru\/wp-json\/wp\/v2\/media\/21091"}],"wp:attachment":[{"href":"https:\/\/simfoniya.az\/ru\/wp-json\/wp\/v2\/media?parent=21090"}],"wp:term":[{"taxonomy":"product_brand","embeddable":true,"href":"https:\/\/simfoniya.az\/ru\/wp-json\/wp\/v2\/product_brand?post=21090"},{"taxonomy":"product_cat","embeddable":true,"href":"https:\/\/simfoniya.az\/ru\/wp-json\/wp\/v2\/product_cat?post=21090"},{"taxonomy":"product_tag","embeddable":true,"href":"https:\/\/simfoniya.az\/ru\/wp-json\/wp\/v2\/product_tag?post=21090"},{"taxonomy":"collection","embeddable":true,"href":"https:\/\/simfoniya.az\/ru\/wp-json\/wp\/v2\/collection?post=21090"},{"taxonomy":"brand","embeddable":true,"href":"https:\/\/simfoniya.az\/ru\/wp-json\/wp\/v2\/brand?post=21090"},{"taxonomy":"category_2","embeddable":true,"href":"https:\/\/simfoniya.az\/ru\/wp-json\/wp\/v2\/category_2?post=21090"},{"taxonomy":"catergory_brand","embeddable":true,"href":"https:\/\/simfoniya.az\/ru\/wp-json\/wp\/v2\/catergory_brand?post=21090"}],"curies":[{"name":"WP","href":"https:\/\/api.w.org\/{rel}","templated":true}]}}