{"id":21710,"date":"2024-07-26T06:26:19","date_gmt":"2024-07-26T06:26:19","guid":{"rendered":"https:\/\/simfoniya.az\/?post_type=product&#038;p=21710"},"modified":"2024-09-27T10:58:14","modified_gmt":"2024-09-27T10:58:14","slug":"teorema-merida-1-funksiyali-divar-ici-mexanizm-xrom","status":"publish","type":"product","link":"https:\/\/simfoniya.az\/ru\/product\/teorema-merida-1-funksiyali-divar-ici-mexanizm-xrom\/","title":{"rendered":"Teorema Merida \/ \u043c\u0435\u0445\u0430\u043d\u0438\u0437\u043c \u0434\u043b\u044f \u0441\u043a\u0440\u044b\u0442\u043e\u0433\u043e \u043c\u043e\u043d\u0442\u0430\u0436\u0430, 1 \u0444\u0443\u043d\u043a\u0446\u0438\u044f \/ \u0445\u0440\u043e\u043c"},"content":{"rendered":"<div class=\"flex-1 overflow-hidden\">\n<div class=\"h-full\">\n<div class=\"react-scroll-to-bottom--css-vxyae-79elbk h-full\">\n<div class=\"react-scroll-to-bottom--css-vxyae-1n7m0yu\">\n<div class=\"flex flex-col text-sm md:pb-9\">\n<article class=\"w-full text-token-text-primary focus-visible:outline-2 focus-visible:outline-offset-[-4px]\" dir=\"auto\" data-testid=\"conversation-turn-21\" data-scroll-anchor=\"true\">\n<div class=\"text-base py-[18px] px-3 md:px-4 m-auto w-full md:px-5 lg:px-4 xl:px-5\">\n<div class=\"mx-auto flex flex-1 gap-4 text-base md:gap-5 lg:gap-6 md:max-w-3xl lg:max-w-[40rem] xl:max-w-[48rem]\">\n<div class=\"group\/conversation-turn relative flex w-full min-w-0 flex-col agent-turn\">\n<div class=\"flex-col gap-1 md:gap-3\">\n<div class=\"flex max-w-full flex-col flex-grow\">\n<div class=\"min-h-8 text-message flex w-full flex-col items-end gap-2 whitespace-normal break-words [.text-message+&amp;]:mt-5\" dir=\"auto\" data-message-author-role=\"assistant\" data-message-id=\"cfd21122-2701-40d0-9b2e-5d2297a65b82\">\n<div class=\"flex w-full flex-col gap-1 empty:hidden first:pt-[3px]\">\n<div class=\"markdown prose w-full break-words dark:prose-invert light\">\n<p>Bu su ke\u00e7idi du\u015f sisteminiz \u00fc\u00e7\u00fcn m\u00fck\u0259mm\u0259l bir aksesuard\u0131r. Y\u00fcks\u0259k keyfiyy\u0259tli materiallardan haz\u0131rlanm\u0131\u015f bu ke\u00e7id, suyun ax\u0131n\u0131n\u0131 v\u0259 istiqam\u0259tini rahatl\u0131qla idar\u0259 etm\u0259y\u0259 imkan verir. \u0130stifad\u0259si asan olan dizayn\u0131 say\u0259sind\u0259 suyu m\u00fcxt\u0259lif \u00e7\u0131x\u0131\u015flara, m\u0259s\u0259l\u0259n, \u00fcst du\u015f ba\u015fl\u0131\u011f\u0131 v\u0259 ya \u0259l du\u015funa y\u00f6nl\u0259ndir\u0259 bil\u0259rsiniz. M\u00fcasir v\u0259 funksional g\u00f6r\u00fcn\u00fc\u015f\u00fc il\u0259 hamam ota\u011f\u0131n\u0131za h\u0259m estetik, h\u0259m d\u0259 praktiklik qat\u0131r.<\/p>\n<\/div>\n<\/div>\n<\/div>\n<\/div>\n<div class=\"mb-2 flex gap-3 empty:hidden -ml-2\">\n<div class=\"items-center justify-start rounded-xl p-1 flex\">\n<div class=\"flex items-center\">\n<p>&nbsp;<\/p>\n<\/div>\n<\/div>\n<\/div>\n<div class=\"pr-2 lg:pr-0\"><\/div>\n<div class=\"mt-3 w-full empty:hidden\">\n<div class=\"text-center\"><\/div>\n<\/div>\n<\/div>\n<\/div>\n<\/div>\n<\/div>\n<\/article>\n<\/div>\n<\/div>\n<\/div>\n<\/div>\n<\/div>\n<div class=\"md:pt-0 dark:border-white\/20 md:border-transparent md:dark:border-transparent w-full\">\n<div class=\"\">\n<div class=\"text-base px-3 md:px-4 m-auto w-full md:px-5 lg:px-4 xl:px-5\">\n<div class=\"mx-auto flex flex-1 gap-4 text-base md:gap-5 lg:gap-6 md:max-w-3xl lg:max-w-[40rem] xl:max-w-[48rem]\">\n<form class=\"w-full\" aria-haspopup=\"dialog\" aria-expanded=\"false\" aria-controls=\"radix-:Rda9na92mr5:\" data-state=\"closed\">\n<div class=\"relative flex h-full max-w-full flex-1 flex-col\">\n<div class=\"absolute bottom-full left-0 right-0 z-20\"><\/div>\n<div class=\"group relative flex w-full items-center\">\n<div class=\"flex w-full flex-col gap-1.5 rounded-[26px] p-1.5 transition-colors bg-[#f4f4f4] dark:bg-token-main-surface-secondary\">\n<div class=\"flex items-end gap-1.5 pl-4 md:gap-2\">\n<div class=\"flex min-w-0 flex-1 flex-col\">\n<div class=\"_prosemirror-parent_15ceg_1 text-token-text-primary max-h-[25dvh] max-h-52 overflow-auto default-browser\">\n<p>&nbsp;<\/p>\n<div id=\"prompt-textarea\" class=\"ProseMirror\" contenteditable=\"true\" translate=\"no\"><\/div>\n<\/div>\n<\/div>\n<\/div>\n<\/div>\n<\/div>\n<\/div>\n<\/form>\n<\/div>\n<\/div>\n<\/div>\n<\/div>\n","protected":false},"excerpt":{"rendered":"<p>\u042d\u0442\u043e\u0442 \u0432\u043e\u0434\u043e\u043f\u0440\u043e\u0432\u043e\u0434 \u044f\u0432\u043b\u044f\u0435\u0442\u0441\u044f \u0438\u0434\u0435\u0430\u043b\u044c\u043d\u044b\u043c \u0430\u043a\u0441\u0435\u0441\u0441\u0443\u0430\u0440\u043e\u043c \u0434\u043b\u044f \u0432\u0430\u0448\u0435\u0439 \u0434\u0443\u0448\u0435\u0432\u043e\u0439 \u0441\u0438\u0441\u0442\u0435\u043c\u044b. \u0418\u0437\u0433\u043e\u0442\u043e\u0432\u043b\u0435\u043d\u043d\u044b\u0439 \u0438\u0437 \u0432\u044b\u0441\u043e\u043a\u043e\u043a\u0430\u0447\u0435\u0441\u0442\u0432\u0435\u043d\u043d\u044b\u0445 \u043c\u0430\u0442\u0435\u0440\u0438\u0430\u043b\u043e\u0432, \u044d\u0442\u043e\u0442 \u043f\u0435\u0440\u0435\u043a\u043b\u044e\u0447\u0430\u0442\u0435\u043b\u044c \u043f\u043e\u0437\u0432\u043e\u043b\u044f\u0435\u0442 \u043b\u0435\u0433\u043a\u043e \u043a\u043e\u043d\u0442\u0440\u043e\u043b\u0438\u0440\u043e\u0432\u0430\u0442\u044c \u043f\u043e\u0442\u043e\u043a \u0438 \u043d\u0430\u043f\u0440\u0430\u0432\u043b\u0435\u043d\u0438\u0435 \u0432\u043e\u0434\u044b. \u0411\u043b\u0430\u0433\u043e\u0434\u0430\u0440\u044f \u043f\u0440\u043e\u0441\u0442\u043e\u0439 \u0432 \u0438\u0441\u043f\u043e\u043b\u044c\u0437\u043e\u0432\u0430\u043d\u0438\u0438 \u043a\u043e\u043d\u0441\u0442\u0440\u0443\u043a\u0446\u0438\u0438 \u0432\u044b \u043c\u043e\u0436\u0435\u0442\u0435 \u043d\u0430\u043f\u0440\u0430\u0432\u043b\u044f\u0442\u044c \u0432\u043e\u0434\u0443 \u0432 \u0440\u0430\u0437\u043b\u0438\u0447\u043d\u044b\u0435 \u0440\u043e\u0437\u0435\u0442\u043a\u0438, \u043d\u0430\u043f\u0440\u0438\u043c\u0435\u0440, \u0432 \u0432\u0435\u0440\u0445\u043d\u0438\u0439 \u0434\u0443\u0448 \u0438\u043b\u0438 \u0440\u0443\u0447\u043d\u043e\u0439 \u0434\u0443\u0448. \u0411\u043b\u0430\u0433\u043e\u0434\u0430\u0440\u044f \u0441\u0432\u043e\u0435\u043c\u0443 \u0441\u043e\u0432\u0440\u0435\u043c\u0435\u043d\u043d\u043e\u043c\u0443 \u0438 \u0444\u0443\u043d\u043a\u0446\u0438\u043e\u043d\u0430\u043b\u044c\u043d\u043e\u043c\u0443 \u0432\u043d\u0435\u0448\u043d\u0435\u043c\u0443 \u0432\u0438\u0434\u0443 \u043e\u043d \u043f\u0440\u0438\u0434\u0430\u0441\u0442 \u0432\u0430\u0448\u0435\u0439 \u0432\u0430\u043d\u043d\u043e\u0439 \u043a\u043e\u043c\u043d\u0430\u0442\u0435 \u044d\u0441\u0442\u0435\u0442\u0438\u043a\u0443 \u0438 \u043f\u0440\u0430\u043a\u0442\u0438\u0447\u043d\u043e\u0441\u0442\u044c. &nbsp; &nbsp;<\/p>","protected":false},"featured_media":23458,"comment_status":"closed","ping_status":"closed","template":"","meta":[],"product_brand":[],"product_cat":[1394],"product_tag":[],"collection":[],"brand":[1383],"category_2":[],"catergory_brand":[],"class_list":{"0":"post-21710","1":"product","2":"type-product","3":"status-publish","4":"has-post-thumbnail","6":"product_cat-shower-mixer","7":"brand-teorema","9":"first","10":"instock","11":"shipping-taxable","12":"product-type-simple"},"_links":{"self":[{"href":"https:\/\/simfoniya.az\/ru\/wp-json\/wp\/v2\/product\/21710","targetHints":{"allow":["GET"]}}],"collection":[{"href":"https:\/\/simfoniya.az\/ru\/wp-json\/wp\/v2\/product"}],"about":[{"href":"https:\/\/simfoniya.az\/ru\/wp-json\/wp\/v2\/types\/product"}],"replies":[{"embeddable":true,"href":"https:\/\/simfoniya.az\/ru\/wp-json\/wp\/v2\/comments?post=21710"}],"wp:featuredmedia":[{"embeddable":true,"href":"https:\/\/simfoniya.az\/ru\/wp-json\/wp\/v2\/media\/23458"}],"wp:attachment":[{"href":"https:\/\/simfoniya.az\/ru\/wp-json\/wp\/v2\/media?parent=21710"}],"wp:term":[{"taxonomy":"product_brand","embeddable":true,"href":"https:\/\/simfoniya.az\/ru\/wp-json\/wp\/v2\/product_brand?post=21710"},{"taxonomy":"product_cat","embeddable":true,"href":"https:\/\/simfoniya.az\/ru\/wp-json\/wp\/v2\/product_cat?post=21710"},{"taxonomy":"product_tag","embeddable":true,"href":"https:\/\/simfoniya.az\/ru\/wp-json\/wp\/v2\/product_tag?post=21710"},{"taxonomy":"collection","embeddable":true,"href":"https:\/\/simfoniya.az\/ru\/wp-json\/wp\/v2\/collection?post=21710"},{"taxonomy":"brand","embeddable":true,"href":"https:\/\/simfoniya.az\/ru\/wp-json\/wp\/v2\/brand?post=21710"},{"taxonomy":"category_2","embeddable":true,"href":"https:\/\/simfoniya.az\/ru\/wp-json\/wp\/v2\/category_2?post=21710"},{"taxonomy":"catergory_brand","embeddable":true,"href":"https:\/\/simfoniya.az\/ru\/wp-json\/wp\/v2\/catergory_brand?post=21710"}],"curies":[{"name":"WP","href":"https:\/\/api.w.org\/{rel}","templated":true}]}}