{"id":21816,"date":"2024-07-28T07:03:25","date_gmt":"2024-07-28T07:03:25","guid":{"rendered":"https:\/\/simfoniya.az\/?post_type=product&#038;p=21816"},"modified":"2024-09-25T06:42:33","modified_gmt":"2024-09-25T06:42:33","slug":"ba-specchi-oval-boyuducu-guzgu-xrom","status":"publish","type":"product","link":"https:\/\/simfoniya.az\/ru\/product\/ba-specchi-oval-boyuducu-guzgu-xrom\/","title":{"rendered":"B&amp;A Specchi \/ \u0423\u0432\u0435\u043b\u0438\u0447\u0438\u0442\u0435\u043b\u044c\u043d\u043e\u0435 \u0437\u0435\u0440\u043a\u0430\u043b\u043e \/ \u0425\u0440\u043e\u043c"},"content":{"rendered":"<div class=\"flex-shrink-0 flex flex-col relative items-end\">\n<div class=\"pt-0\">\n<div class=\"gizmo-bot-avatar flex h-8 w-8 items-center justify-center overflow-hidden rounded-full\">\n<div class=\"relative p-1 rounded-sm flex items-center justify-center bg-token-main-surface-primary text-token-text-primary h-8 w-8\">\n<div class=\"flex max-w-full flex-col flex-grow\">\n<div class=\"min-h-8 text-message flex w-full flex-col items-end gap-2 whitespace-normal break-words [.text-message+&amp;]:mt-5\" dir=\"auto\" data-message-author-role=\"assistant\" data-message-id=\"b7282a3d-46fe-4eda-b938-e23717502321\">\n<div class=\"flex w-full flex-col gap-1 empty:hidden first:pt-[3px]\">\n<div class=\"markdown prose w-full break-words dark:prose-invert light\">\n<p>Z\u0259f\u0259ran tonlar\u0131nda v\u0259 sad\u0259 \u00e7\u0259r\u00e7iv\u0259siz dizayna malik, m\u00fcasir \u00fcslubda bir g\u00fczg\u00fc. T\u0259miz x\u0259tl\u0259ri v\u0259 funksional \u00f6l\u00e7\u00fcs\u00fc il\u0259 interyerin minimalist atmosferin\u0259 uy\u011funla\u015faraq h\u0259m dekorativ, h\u0259m d\u0259 praktik rol oynay\u0131r.<\/p>\n<\/div>\n<\/div>\n<\/div>\n<\/div>\n<div class=\"mb-2 flex gap-3 empty:hidden -ml-2\">\n<div class=\"items-center justify-start rounded-xl p-1 flex\">\n<div class=\"flex items-center\"><button class=\"rounded-lg text-token-text-secondary hover:bg-token-main-surface-secondary\" aria-label=\"Read aloud\" data-testid=\"voice-play-turn-action-button\"><\/button><button class=\"rounded-lg text-token-text-secondary hover:bg-token-main-surface-secondary\" aria-label=\"Copy\" data-testid=\"copy-turn-action-button\"><\/button><\/p>\n<div class=\"flex\"><\/div>\n<div class=\"flex items-center pb-0\"><\/div>\n<\/div>\n<\/div>\n<\/div>\n<\/div>\n<\/div>\n<\/div>\n<\/div>\n","protected":false},"excerpt":{"rendered":"<p>\u0417\u0435\u0440\u043a\u0430\u043b\u043e \u0432 \u0441\u043e\u0432\u0440\u0435\u043c\u0435\u043d\u043d\u043e\u043c \u0441\u0442\u0438\u043b\u0435 \u0441 \u0448\u0430\u0444\u0440\u0430\u043d\u043e\u0432\u044b\u043c\u0438 \u0442\u043e\u043d\u0430\u043c\u0438 \u0438 \u043f\u0440\u043e\u0441\u0442\u044b\u043c \u0431\u0435\u0437\u0440\u0430\u043c\u043d\u044b\u043c \u0434\u0438\u0437\u0430\u0439\u043d\u043e\u043c. \u0411\u043b\u0430\u0433\u043e\u0434\u0430\u0440\u044f \u0447\u0438\u0441\u0442\u044b\u043c \u043b\u0438\u043d\u0438\u044f\u043c \u0438 \u0444\u0443\u043d\u043a\u0446\u0438\u043e\u043d\u0430\u043b\u044c\u043d\u044b\u043c \u0440\u0430\u0437\u043c\u0435\u0440\u0430\u043c \u043e\u043d \u0438\u0433\u0440\u0430\u0435\u0442 \u043a\u0430\u043a \u0434\u0435\u043a\u043e\u0440\u0430\u0442\u0438\u0432\u043d\u0443\u044e, \u0442\u0430\u043a \u0438 \u043f\u0440\u0430\u043a\u0442\u0438\u0447\u0435\u0441\u043a\u0443\u044e \u0440\u043e\u043b\u044c, \u0430\u0434\u0430\u043f\u0442\u0438\u0440\u0443\u044f\u0441\u044c \u043a \u043c\u0438\u043d\u0438\u043c\u0430\u043b\u0438\u0441\u0442\u0441\u043a\u043e\u0439 \u0430\u0442\u043c\u043e\u0441\u0444\u0435\u0440\u0435 \u0438\u043d\u0442\u0435\u0440\u044c\u0435\u0440\u0430.<\/p>","protected":false},"featured_media":22929,"comment_status":"closed","ping_status":"closed","template":"","meta":[],"product_brand":[],"product_cat":[426],"product_tag":[],"collection":[],"brand":[1443],"category_2":[],"catergory_brand":[],"class_list":{"0":"post-21816","1":"product","2":"type-product","3":"status-publish","4":"has-post-thumbnail","6":"product_cat-makeup-mirrors","7":"brand-bagno-association","9":"first","10":"instock","11":"shipping-taxable","12":"product-type-simple"},"_links":{"self":[{"href":"https:\/\/simfoniya.az\/ru\/wp-json\/wp\/v2\/product\/21816","targetHints":{"allow":["GET"]}}],"collection":[{"href":"https:\/\/simfoniya.az\/ru\/wp-json\/wp\/v2\/product"}],"about":[{"href":"https:\/\/simfoniya.az\/ru\/wp-json\/wp\/v2\/types\/product"}],"replies":[{"embeddable":true,"href":"https:\/\/simfoniya.az\/ru\/wp-json\/wp\/v2\/comments?post=21816"}],"wp:featuredmedia":[{"embeddable":true,"href":"https:\/\/simfoniya.az\/ru\/wp-json\/wp\/v2\/media\/22929"}],"wp:attachment":[{"href":"https:\/\/simfoniya.az\/ru\/wp-json\/wp\/v2\/media?parent=21816"}],"wp:term":[{"taxonomy":"product_brand","embeddable":true,"href":"https:\/\/simfoniya.az\/ru\/wp-json\/wp\/v2\/product_brand?post=21816"},{"taxonomy":"product_cat","embeddable":true,"href":"https:\/\/simfoniya.az\/ru\/wp-json\/wp\/v2\/product_cat?post=21816"},{"taxonomy":"product_tag","embeddable":true,"href":"https:\/\/simfoniya.az\/ru\/wp-json\/wp\/v2\/product_tag?post=21816"},{"taxonomy":"collection","embeddable":true,"href":"https:\/\/simfoniya.az\/ru\/wp-json\/wp\/v2\/collection?post=21816"},{"taxonomy":"brand","embeddable":true,"href":"https:\/\/simfoniya.az\/ru\/wp-json\/wp\/v2\/brand?post=21816"},{"taxonomy":"category_2","embeddable":true,"href":"https:\/\/simfoniya.az\/ru\/wp-json\/wp\/v2\/category_2?post=21816"},{"taxonomy":"catergory_brand","embeddable":true,"href":"https:\/\/simfoniya.az\/ru\/wp-json\/wp\/v2\/catergory_brand?post=21816"}],"curies":[{"name":"WP","href":"https:\/\/api.w.org\/{rel}","templated":true}]}}