{"id":21857,"date":"2024-07-29T05:52:09","date_gmt":"2024-07-29T05:52:09","guid":{"rendered":"https:\/\/simfoniya.az\/?post_type=product&#038;p=21857"},"modified":"2024-09-25T06:37:08","modified_gmt":"2024-09-25T06:37:08","slug":"simas-arcade-hundur-mexanizmli-bacok-qizili-boru","status":"publish","type":"product","link":"https:\/\/simfoniya.az\/ru\/product\/simas-arcade-hundur-mexanizmli-bacok-qizili-boru\/","title":{"rendered":"Simas Arcade \/ \u041c\u0435\u0445\u0430\u043d\u0438\u0437\u043c \u0443\u043d\u0438\u0442\u0430\u0437\u0430-\u0431\u0430\u0447\u043e\u043a \/ \u0417\u043e\u043b\u043e\u0442\u043e\u0439"},"content":{"rendered":"<div class=\"flex w-full flex-col gap-1 empty:hidden first:pt-[3px]\">\n<div class=\"markdown prose w-full break-words dark:prose-invert light\">\n<p>Bu su armaturlar\u0131 d\u0259sti, m\u00fcxt\u0259lif elementl\u0259rd\u0259n ibar\u0259tdir ki, bu elementl\u0259r banyo v\u0259 ya m\u0259tb\u0259x \u00fc\u00e7\u00fcn laz\u0131mi montaj i\u015fl\u0259rind\u0259 istifad\u0259 olunur. D\u0259st, m\u00fcasir v\u0259 effektiv dizayna malikdir, su ax\u0131n\u0131n\u0131n idar\u0259 edilm\u0259sini asanla\u015fd\u0131r\u0131r. H\u0259r bir komponent y\u00fcks\u0259k keyfiyy\u0259tli materiallardan haz\u0131rlanm\u0131\u015fd\u0131r, bu da uzun\u00f6m\u00fcrl\u00fc v\u0259 etibarl\u0131 istifad\u0259ni t\u0259min edir. B\u0259rkidilmi\u015f strukturu v\u0259 estetik g\u00f6r\u00fcn\u00fc\u015f\u00fc il\u0259, bu d\u0259st h\u0259r hans\u0131 vanna ota\u011f\u0131 v\u0259 ya m\u0259tb\u0259x\u0259 m\u00fck\u0259mm\u0259l uy\u011funla\u015f\u0131r v\u0259 t\u0259mizl\u0259nm\u0259si asand\u0131r.<\/p>\n<\/div>\n<\/div>\n<div class=\"text-sm text-token-text-error border-token-surface-error\/15 bg-token-surface-error flex w-full items-start gap-3 rounded-2xl border p-4 bg-opacity-5\">\n<div class=\"pt-px\">\n<div class=\"markdown prose w-full break-words dark:prose-invert\">\n<p>&nbsp;<\/p>\n<\/div>\n<\/div>\n<\/div>\n","protected":false},"excerpt":{"rendered":"<p>Bu su armaturlar\u0131 d\u0259sti, m\u00fcxt\u0259lif elementl\u0259rd\u0259n ibar\u0259tdir ki, bu elementl\u0259r banyo v\u0259 ya m\u0259tb\u0259x \u00fc\u00e7\u00fcn laz\u0131mi montaj i\u015fl\u0259rind\u0259 istifad\u0259 olunur. D\u0259st, m\u00fcasir v\u0259 effektiv dizayna malikdir, su ax\u0131n\u0131n\u0131n idar\u0259 edilm\u0259sini asanla\u015fd\u0131r\u0131r. H\u0259r bir komponent y\u00fcks\u0259k keyfiyy\u0259tli materiallardan haz\u0131rlanm\u0131\u015fd\u0131r, bu da uzun\u00f6m\u00fcrl\u00fc v\u0259 etibarl\u0131 istifad\u0259ni t\u0259min edir. B\u0259rkidilmi\u015f strukturu v\u0259 estetik g\u00f6r\u00fcn\u00fc\u015f\u00fc il\u0259, bu d\u0259st h\u0259r hans\u0131 vanna ota\u011f\u0131 v\u0259 ya\u2026<\/p>","protected":false},"featured_media":21858,"comment_status":"closed","ping_status":"closed","template":"","meta":[],"product_brand":[],"product_cat":[1453],"product_tag":[],"collection":[],"brand":[1454],"category_2":[],"catergory_brand":[],"class_list":{"0":"post-21857","1":"product","2":"type-product","3":"status-publish","4":"has-post-thumbnail","6":"product_cat-fixing-kits","7":"brand-simas","9":"first","10":"instock","11":"shipping-taxable","12":"product-type-simple"},"_links":{"self":[{"href":"https:\/\/simfoniya.az\/ru\/wp-json\/wp\/v2\/product\/21857","targetHints":{"allow":["GET"]}}],"collection":[{"href":"https:\/\/simfoniya.az\/ru\/wp-json\/wp\/v2\/product"}],"about":[{"href":"https:\/\/simfoniya.az\/ru\/wp-json\/wp\/v2\/types\/product"}],"replies":[{"embeddable":true,"href":"https:\/\/simfoniya.az\/ru\/wp-json\/wp\/v2\/comments?post=21857"}],"wp:featuredmedia":[{"embeddable":true,"href":"https:\/\/simfoniya.az\/ru\/wp-json\/wp\/v2\/media\/21858"}],"wp:attachment":[{"href":"https:\/\/simfoniya.az\/ru\/wp-json\/wp\/v2\/media?parent=21857"}],"wp:term":[{"taxonomy":"product_brand","embeddable":true,"href":"https:\/\/simfoniya.az\/ru\/wp-json\/wp\/v2\/product_brand?post=21857"},{"taxonomy":"product_cat","embeddable":true,"href":"https:\/\/simfoniya.az\/ru\/wp-json\/wp\/v2\/product_cat?post=21857"},{"taxonomy":"product_tag","embeddable":true,"href":"https:\/\/simfoniya.az\/ru\/wp-json\/wp\/v2\/product_tag?post=21857"},{"taxonomy":"collection","embeddable":true,"href":"https:\/\/simfoniya.az\/ru\/wp-json\/wp\/v2\/collection?post=21857"},{"taxonomy":"brand","embeddable":true,"href":"https:\/\/simfoniya.az\/ru\/wp-json\/wp\/v2\/brand?post=21857"},{"taxonomy":"category_2","embeddable":true,"href":"https:\/\/simfoniya.az\/ru\/wp-json\/wp\/v2\/category_2?post=21857"},{"taxonomy":"catergory_brand","embeddable":true,"href":"https:\/\/simfoniya.az\/ru\/wp-json\/wp\/v2\/catergory_brand?post=21857"}],"curies":[{"name":"WP","href":"https:\/\/api.w.org\/{rel}","templated":true}]}}