{"id":21888,"date":"2024-07-29T07:43:59","date_gmt":"2024-07-29T07:43:59","guid":{"rendered":"https:\/\/simfoniya.az\/?post_type=product&#038;p=21888"},"modified":"2024-09-25T06:32:27","modified_gmt":"2024-09-25T06:32:27","slug":"simas-lante-qapaqli-orta-bacok","status":"publish","type":"product","link":"https:\/\/simfoniya.az\/ru\/product\/simas-lante-qapaqli-orta-bacok\/","title":{"rendered":"Simas Lante \/ \u0421\u0443\u043c\u043a\u0430 \u0441 \u043a\u0440\u044b\u0448\u043a\u043e\u0439"},"content":{"rendered":"<div class=\"flex max-w-full flex-col flex-grow\">\n<div class=\"min-h-8 text-message flex w-full flex-col items-end gap-2 whitespace-normal break-words [.text-message+&amp;]:mt-5\" dir=\"auto\" data-message-author-role=\"assistant\" data-message-id=\"c3bb7cc5-1097-452e-9b9f-bb95213af4b6\">\n<div class=\"flex w-full flex-col gap-1 empty:hidden first:pt-[3px]\">\n<div class=\"markdown prose w-full break-words dark:prose-invert light\">\n<p>Bu m\u00fcasir dizaynl\u0131 tualet, d\u00fcz v\u0259 t\u0259miz x\u0259tl\u0259ri il\u0259 diqq\u0259t \u00e7\u0259kir. A\u011f keramikadan haz\u0131rlanm\u0131\u015f bu model, h\u0259r hans\u0131 m\u00fcasir vanna ota\u011f\u0131na z\u0259riflik v\u0259 s\u0259liq\u0259lilik \u0259lav\u0259 edir. Bu tualet, qurulu\u015funa g\u00f6r\u0259, su q\u0259na\u0259ti t\u0259min ed\u0259n suyun flush texnologiyas\u0131na malikdir, bu da onu h\u0259m ekoloji, h\u0259m d\u0259 iqtisadi bax\u0131mdan effektiv edir. Tualetin kompakt dizayn\u0131 ki\u00e7ik vanna otaqlar\u0131 \u00fc\u00e7\u00fcn ideal olaraq yer\u0259 q\u0259na\u0259t edir.<\/p>\n<\/div>\n<\/div>\n<\/div>\n<\/div>\n<div class=\"mb-2 flex gap-3 empty:hidden -ml-2\">\n<div class=\"items-center justify-start rounded-xl p-1 z-10 -mt-1 bg-token-main-surface-primary md:absolute md:sr-only\">\n<div class=\"flex items-center\"><button class=\"rounded-lg text-token-text-secondary hover:bg-token-main-surface-secondary\" aria-label=\"Read aloud\" data-testid=\"voice-play-turn-action-button\"><\/button><button class=\"rounded-lg text-token-text-secondary hover:bg-token-main-surface-secondary\" aria-label=\"\u041a\u043e\u043f\u0438\u0440\u043e\u0432\u0430\u0442\u044c\" data-testid=\"copy-turn-action-button\"><\/button><\/p>\n<div class=\"flex\"><\/div>\n<div class=\"flex items-center pb-0\"><\/div>\n<\/div>\n<\/div>\n<\/div>\n","protected":false},"excerpt":{"rendered":"<p>Bu m\u00fcasir dizaynl\u0131 tualet, d\u00fcz v\u0259 t\u0259miz x\u0259tl\u0259ri il\u0259 diqq\u0259t \u00e7\u0259kir. A\u011f keramikadan haz\u0131rlanm\u0131\u015f bu model, h\u0259r hans\u0131 m\u00fcasir vanna ota\u011f\u0131na z\u0259riflik v\u0259 s\u0259liq\u0259lilik \u0259lav\u0259 edir. Bu tualet, qurulu\u015funa g\u00f6r\u0259, su q\u0259na\u0259ti t\u0259min ed\u0259n suyun flush texnologiyas\u0131na malikdir, bu da onu h\u0259m ekoloji, h\u0259m d\u0259 iqtisadi bax\u0131mdan effektiv edir. Tualetin kompakt dizayn\u0131 ki\u00e7ik vanna otaqlar\u0131 \u00fc\u00e7\u00fcn ideal olaraq yer\u0259 q\u0259na\u0259t\u2026<\/p>","protected":false},"featured_media":21889,"comment_status":"closed","ping_status":"closed","template":"","meta":[],"product_brand":[],"product_cat":[408],"product_tag":[],"collection":[],"brand":[1454],"category_2":[],"catergory_brand":[],"class_list":{"0":"post-21888","1":"product","2":"type-product","3":"status-publish","4":"has-post-thumbnail","6":"product_cat-toilets","7":"brand-simas","9":"first","10":"instock","11":"shipping-taxable","12":"product-type-simple"},"_links":{"self":[{"href":"https:\/\/simfoniya.az\/ru\/wp-json\/wp\/v2\/product\/21888","targetHints":{"allow":["GET"]}}],"collection":[{"href":"https:\/\/simfoniya.az\/ru\/wp-json\/wp\/v2\/product"}],"about":[{"href":"https:\/\/simfoniya.az\/ru\/wp-json\/wp\/v2\/types\/product"}],"replies":[{"embeddable":true,"href":"https:\/\/simfoniya.az\/ru\/wp-json\/wp\/v2\/comments?post=21888"}],"wp:featuredmedia":[{"embeddable":true,"href":"https:\/\/simfoniya.az\/ru\/wp-json\/wp\/v2\/media\/21889"}],"wp:attachment":[{"href":"https:\/\/simfoniya.az\/ru\/wp-json\/wp\/v2\/media?parent=21888"}],"wp:term":[{"taxonomy":"product_brand","embeddable":true,"href":"https:\/\/simfoniya.az\/ru\/wp-json\/wp\/v2\/product_brand?post=21888"},{"taxonomy":"product_cat","embeddable":true,"href":"https:\/\/simfoniya.az\/ru\/wp-json\/wp\/v2\/product_cat?post=21888"},{"taxonomy":"product_tag","embeddable":true,"href":"https:\/\/simfoniya.az\/ru\/wp-json\/wp\/v2\/product_tag?post=21888"},{"taxonomy":"collection","embeddable":true,"href":"https:\/\/simfoniya.az\/ru\/wp-json\/wp\/v2\/collection?post=21888"},{"taxonomy":"brand","embeddable":true,"href":"https:\/\/simfoniya.az\/ru\/wp-json\/wp\/v2\/brand?post=21888"},{"taxonomy":"category_2","embeddable":true,"href":"https:\/\/simfoniya.az\/ru\/wp-json\/wp\/v2\/category_2?post=21888"},{"taxonomy":"catergory_brand","embeddable":true,"href":"https:\/\/simfoniya.az\/ru\/wp-json\/wp\/v2\/catergory_brand?post=21888"}],"curies":[{"name":"WP","href":"https:\/\/api.w.org\/{rel}","templated":true}]}}