{"id":21915,"date":"2024-07-29T11:56:16","date_gmt":"2024-07-29T11:56:16","guid":{"rendered":"https:\/\/simfoniya.az\/?post_type=product&#038;p=21915"},"modified":"2024-09-25T06:27:45","modified_gmt":"2024-09-25T06:27:45","slug":"simas-bohemien-canaq-76cm-bianco","status":"publish","type":"product","link":"https:\/\/simfoniya.az\/ru\/product\/simas-bohemien-canaq-76cm-bianco\/","title":{"rendered":"\u0421\u0438\u043c\u0430\u0441 \u0411\u043e\u0433\u0435\u043c\u0438\u0435\u043d \/ \u0427\u0430\u0448\u0430"},"content":{"rendered":"<div class=\"flex max-w-full flex-col flex-grow\">\n<div class=\"min-h-8 text-message flex w-full flex-col items-end gap-2 whitespace-normal break-words [.text-message+&amp;]:mt-5\" dir=\"auto\" data-message-author-role=\"assistant\" data-message-id=\"ab43e1d6-f51b-4726-b169-4df95a431350\">\n<div class=\"flex w-full flex-col gap-1 empty:hidden first:pt-[3px]\">\n<div class=\"markdown prose w-full break-words dark:prose-invert light\">\n<p>Bu yar\u0131m dair\u0259vi dizaynl\u0131 lavabo, m\u00fcasir v\u0259 s\u0259liq\u0259li x\u0259tt\u0259 sahibdir v\u0259 a\u011f keramikadan haz\u0131rlanm\u0131\u015fd\u0131r. Onun qeyri-adi formas\u0131, h\u0259r hans\u0131 m\u00fcasir vanna ota\u011f\u0131na estetik v\u0259 funksional bir toxunu\u015f \u0259lav\u0259 edir. Lavabo, m\u00fcxt\u0259lif dizayn elementl\u0259ri il\u0259 asanl\u0131qla birl\u0259\u015f\u0259 bil\u0259r v\u0259 k\u00f6\u015f\u0259l\u0259rd\u0259 yerl\u0259\u015fdirilm\u0259si m\u0259kan\u0131 effektiv \u015f\u0259kild\u0259 istifad\u0259 etm\u0259y\u0259 imkan verir. Bu model, h\u0259m\u00e7inin rahatl\u0131q v\u0259 t\u0259mizlik bax\u0131m\u0131ndan m\u00fck\u0259mm\u0259l bir se\u00e7imdir.<\/p>\n<\/div>\n<\/div>\n<\/div>\n<\/div>\n<div class=\"mb-2 flex gap-3 empty:hidden -ml-2\">\n<div class=\"items-center justify-start rounded-xl p-1 z-10 -mt-1 bg-token-main-surface-primary md:absolute flex\">\n<div class=\"flex items-center\"><button class=\"rounded-lg text-token-text-secondary hover:bg-token-main-surface-secondary\" aria-label=\"Read aloud\" data-testid=\"voice-play-turn-action-button\"><\/button><button class=\"rounded-lg text-token-text-secondary hover:bg-token-main-surface-secondary\" aria-label=\"\u041a\u043e\u043f\u0438\u0440\u043e\u0432\u0430\u0442\u044c\" data-testid=\"copy-turn-action-button\"><\/button><\/p>\n<div class=\"flex\"><\/div>\n<div class=\"flex items-center pb-0\"><\/div>\n<\/div>\n<\/div>\n<\/div>\n","protected":false},"excerpt":{"rendered":"<p>\u042d\u0442\u0430 \u043c\u043e\u0439\u043a\u0430 \u043f\u043e\u043b\u0443\u043a\u0440\u0443\u0433\u043b\u043e\u0433\u043e \u0434\u0438\u0437\u0430\u0439\u043d\u0430 \u0438\u043c\u0435\u0435\u0442 \u0441\u043e\u0432\u0440\u0435\u043c\u0435\u043d\u043d\u0443\u044e \u0438 \u0447\u0438\u0441\u0442\u0443\u044e \u043b\u0438\u043d\u0438\u044e \u0438 \u0438\u0437\u0433\u043e\u0442\u043e\u0432\u043b\u0435\u043d\u0430 \u0438\u0437 \u0431\u0435\u043b\u043e\u0439 \u043a\u0435\u0440\u0430\u043c\u0438\u043a\u0438. \u0415\u0433\u043e \u043d\u0435\u043e\u0431\u044b\u0447\u043d\u0430\u044f \u0444\u043e\u0440\u043c\u0430 \u043f\u0440\u0438\u0434\u0430\u0435\u0442 \u044d\u0441\u0442\u0435\u0442\u0438\u043a\u0443 \u0438 \u0444\u0443\u043d\u043a\u0446\u0438\u043e\u043d\u0430\u043b\u044c\u043d\u043e\u0441\u0442\u044c \u043b\u044e\u0431\u043e\u0439 \u0441\u043e\u0432\u0440\u0435\u043c\u0435\u043d\u043d\u043e\u0439 \u0432\u0430\u043d\u043d\u043e\u0439 \u043a\u043e\u043c\u043d\u0430\u0442\u0435. \u0420\u0430\u043a\u043e\u0432\u0438\u043d\u0430 \u043b\u0435\u0433\u043a\u043e \u043a\u043e\u043c\u0431\u0438\u043d\u0438\u0440\u0443\u0435\u0442\u0441\u044f \u0441 \u0440\u0430\u0437\u043b\u0438\u0447\u043d\u044b\u043c\u0438 \u044d\u043b\u0435\u043c\u0435\u043d\u0442\u0430\u043c\u0438 \u0434\u0438\u0437\u0430\u0439\u043d\u0430, \u0430 \u0435\u0435 \u0440\u0430\u0437\u043c\u0435\u0449\u0435\u043d\u0438\u0435 \u0432 \u0443\u0433\u043b\u0430\u0445 \u043f\u043e\u0437\u0432\u043e\u043b\u044f\u0435\u0442 \u044d\u0444\u0444\u0435\u043a\u0442\u0438\u0432\u043d\u043e \u0438\u0441\u043f\u043e\u043b\u044c\u0437\u043e\u0432\u0430\u0442\u044c \u043f\u0440\u043e\u0441\u0442\u0440\u0430\u043d\u0441\u0442\u0432\u043e. \u042d\u0442\u0430 \u043c\u043e\u0434\u0435\u043b\u044c \u0442\u0430\u043a\u0436\u0435 \u044f\u0432\u043b\u044f\u0435\u0442\u0441\u044f \u0438\u0434\u0435\u0430\u043b\u044c\u043d\u044b\u043c \u0432\u044b\u0431\u043e\u0440\u043e\u043c \u0441 \u0442\u043e\u0447\u043a\u0438 \u0437\u0440\u0435\u043d\u0438\u044f \u043a\u043e\u043c\u0444\u043e\u0440\u0442\u0430 \u0438 \u0447\u0438\u0441\u0442\u043e\u0442\u044b.<\/p>","protected":false},"featured_media":21916,"comment_status":"closed","ping_status":"closed","template":"","meta":[],"product_brand":[],"product_cat":[1461],"product_tag":[],"collection":[],"brand":[1454],"category_2":[],"catergory_brand":[],"class_list":{"0":"post-21915","1":"product","2":"type-product","3":"status-publish","4":"has-post-thumbnail","6":"product_cat-wash-basins","7":"brand-simas","9":"first","10":"instock","11":"shipping-taxable","12":"product-type-simple"},"_links":{"self":[{"href":"https:\/\/simfoniya.az\/ru\/wp-json\/wp\/v2\/product\/21915","targetHints":{"allow":["GET"]}}],"collection":[{"href":"https:\/\/simfoniya.az\/ru\/wp-json\/wp\/v2\/product"}],"about":[{"href":"https:\/\/simfoniya.az\/ru\/wp-json\/wp\/v2\/types\/product"}],"replies":[{"embeddable":true,"href":"https:\/\/simfoniya.az\/ru\/wp-json\/wp\/v2\/comments?post=21915"}],"wp:featuredmedia":[{"embeddable":true,"href":"https:\/\/simfoniya.az\/ru\/wp-json\/wp\/v2\/media\/21916"}],"wp:attachment":[{"href":"https:\/\/simfoniya.az\/ru\/wp-json\/wp\/v2\/media?parent=21915"}],"wp:term":[{"taxonomy":"product_brand","embeddable":true,"href":"https:\/\/simfoniya.az\/ru\/wp-json\/wp\/v2\/product_brand?post=21915"},{"taxonomy":"product_cat","embeddable":true,"href":"https:\/\/simfoniya.az\/ru\/wp-json\/wp\/v2\/product_cat?post=21915"},{"taxonomy":"product_tag","embeddable":true,"href":"https:\/\/simfoniya.az\/ru\/wp-json\/wp\/v2\/product_tag?post=21915"},{"taxonomy":"collection","embeddable":true,"href":"https:\/\/simfoniya.az\/ru\/wp-json\/wp\/v2\/collection?post=21915"},{"taxonomy":"brand","embeddable":true,"href":"https:\/\/simfoniya.az\/ru\/wp-json\/wp\/v2\/brand?post=21915"},{"taxonomy":"category_2","embeddable":true,"href":"https:\/\/simfoniya.az\/ru\/wp-json\/wp\/v2\/category_2?post=21915"},{"taxonomy":"catergory_brand","embeddable":true,"href":"https:\/\/simfoniya.az\/ru\/wp-json\/wp\/v2\/catergory_brand?post=21915"}],"curies":[{"name":"WP","href":"https:\/\/api.w.org\/{rel}","templated":true}]}}