{"id":21917,"date":"2024-07-29T11:59:53","date_gmt":"2024-07-29T11:59:53","guid":{"rendered":"https:\/\/simfoniya.az\/?post_type=product&#038;p=21917"},"modified":"2024-11-04T10:25:09","modified_gmt":"2024-11-04T10:25:09","slug":"simas-bohemien-bide-yerden","status":"publish","type":"product","link":"https:\/\/simfoniya.az\/ru\/product\/simas-bohemien-bide-yerden\/","title":{"rendered":"Simas Bohemien \/ \u0417\u0430\u044f\u0432\u043a\u0430 \u0441 \u0417\u0435\u043c\u043b\u0438"},"content":{"rendered":"<div class=\"flex-shrink-0 flex flex-col relative items-end\">\n<div class=\"pt-0\">\n<div class=\"gizmo-bot-avatar flex h-8 w-8 items-center justify-center overflow-hidden rounded-full\">\n<div class=\"relative p-1 rounded-sm flex items-center justify-center bg-token-main-surface-primary text-token-text-primary h-8 w-8\">\n<div class=\"flex max-w-full flex-col flex-grow\">\n<div class=\"min-h-8 text-message flex w-full flex-col items-end gap-2 whitespace-normal break-words [.text-message+&amp;]:mt-5\" dir=\"auto\" data-message-author-role=\"assistant\" data-message-id=\"8cf6de60-1e73-4cf2-ab19-64c88252098c\">\n<div class=\"flex w-full flex-col gap-1 empty:hidden first:pt-[3px]\">\n<div class=\"markdown prose w-full break-words dark:prose-invert light\">\n<p>Bu m\u00fcasir as\u0131l\u0131 bidet, onun t\u0259miz v\u0259 d\u00fcz x\u0259tl\u0259ri il\u0259 diqq\u0259t \u00e7\u0259kir. A\u011f keramikadan haz\u0131rlanm\u0131\u015f bu model, minimalizmi v\u0259 sofistikal\u0131\u011f\u0131 birl\u0259\u015fdirir, vanna ota\u011f\u0131n\u0131za m\u00fcasir bir toxunu\u015f \u0259lav\u0259 edir. As\u0131l\u0131 dizayn\u0131 yer\u0259 q\u0259na\u0259t etm\u0259y\u0259 k\u00f6m\u0259k edir v\u0259 t\u0259mizl\u0259m\u0259ni asanla\u015fd\u0131r\u0131r, h\u0259m\u00e7inin gigiyena \u00fc\u00e7\u00fcn m\u00fck\u0259mm\u0259l \u015f\u0259rait yarad\u0131r. Bu bidet, h\u0259m estetik, h\u0259m d\u0259 funksional bir se\u00e7imdir v\u0259 m\u00fcasir vanna otaqlar\u0131nda \u015f\u0131k bir element olaraq xidm\u0259t edir.<\/p>\n<\/div>\n<\/div>\n<\/div>\n<\/div>\n<div class=\"mb-2 flex gap-3 empty:hidden -ml-2\">\n<div class=\"items-center justify-start rounded-xl p-1 z-10 -mt-1 bg-token-main-surface-primary md:absolute md:sr-only\">\n<div class=\"flex items-center\">\n<p>&nbsp;<\/p>\n<div class=\"flex\"><\/div>\n<div class=\"flex items-center pb-0\"><\/div>\n<\/div>\n<\/div>\n<\/div>\n<\/div>\n<\/div>\n<\/div>\n<\/div>\n","protected":false},"excerpt":{"rendered":"<p>\u042d\u0442\u043e \u0441\u043e\u0432\u0440\u0435\u043c\u0435\u043d\u043d\u043e\u0435 \u043f\u043e\u0434\u0432\u0435\u0441\u043d\u043e\u0435 \u0431\u0438\u0434\u0435 \u0432\u044b\u0434\u0435\u043b\u044f\u0435\u0442\u0441\u044f \u0441\u0432\u043e\u0438\u043c\u0438 \u0447\u0438\u0441\u0442\u044b\u043c\u0438 \u0438 \u043f\u0440\u044f\u043c\u044b\u043c\u0438 \u043b\u0438\u043d\u0438\u044f\u043c\u0438. \u0418\u0437\u0433\u043e\u0442\u043e\u0432\u043b\u0435\u043d\u043d\u0430\u044f \u0438\u0437 \u0431\u0435\u043b\u043e\u0439 \u043a\u0435\u0440\u0430\u043c\u0438\u043a\u0438, \u044d\u0442\u0430 \u043c\u043e\u0434\u0435\u043b\u044c \u0441\u043e\u0447\u0435\u0442\u0430\u0435\u0442 \u0432 \u0441\u0435\u0431\u0435 \u043c\u0438\u043d\u0438\u043c\u0430\u043b\u0438\u0437\u043c \u0438 \u0438\u0437\u044b\u0441\u043a\u0430\u043d\u043d\u043e\u0441\u0442\u044c, \u0434\u043e\u0431\u0430\u0432\u043b\u044f\u044f \u0432\u0430\u0448\u0435\u0439 \u0432\u0430\u043d\u043d\u043e\u0439 \u043a\u043e\u043c\u043d\u0430\u0442\u0435 \u043d\u043e\u0442\u043a\u0443 \u0441\u043e\u0432\u0440\u0435\u043c\u0435\u043d\u043d\u043e\u0441\u0442\u0438. \u041f\u043e\u0434\u0432\u0435\u0441\u043d\u0430\u044f \u043a\u043e\u043d\u0441\u0442\u0440\u0443\u043a\u0446\u0438\u044f \u044d\u043a\u043e\u043d\u043e\u043c\u0438\u0442 \u043f\u0440\u043e\u0441\u0442\u0440\u0430\u043d\u0441\u0442\u0432\u043e, \u043e\u0431\u043b\u0435\u0433\u0447\u0430\u0435\u0442 \u0443\u0431\u043e\u0440\u043a\u0443 \u0438 \u0441\u043e\u0437\u0434\u0430\u0435\u0442 \u0438\u0434\u0435\u0430\u043b\u044c\u043d\u044b\u0435 \u0443\u0441\u043b\u043e\u0432\u0438\u044f \u0434\u043b\u044f \u043f\u043e\u0434\u0434\u0435\u0440\u0436\u0430\u043d\u0438\u044f \u0433\u0438\u0433\u0438\u0435\u043d\u044b. \u042d\u0442\u043e \u0431\u0438\u0434\u0435 \u2014 \u044d\u0441\u0442\u0435\u0442\u0438\u0447\u043d\u044b\u0439 \u0438 \u0444\u0443\u043d\u043a\u0446\u0438\u043e\u043d\u0430\u043b\u044c\u043d\u044b\u0439 \u0432\u044b\u0431\u043e\u0440, \u0430 \u0442\u0430\u043a\u0436\u0435 \u0441\u0442\u0438\u043b\u044c\u043d\u044b\u0439 \u044d\u043b\u0435\u043c\u0435\u043d\u0442 \u0441\u043e\u0432\u0440\u0435\u043c\u0435\u043d\u043d\u043e\u0439 \u0432\u0430\u043d\u043d\u043e\u0439 \u043a\u043e\u043c\u043d\u0430\u0442\u044b\u2026<\/p>","protected":false},"featured_media":21918,"comment_status":"closed","ping_status":"closed","template":"","meta":[],"product_brand":[],"product_cat":[409],"product_tag":[],"collection":[],"brand":[1454],"category_2":[],"catergory_brand":[],"class_list":{"0":"post-21917","1":"product","2":"type-product","3":"status-publish","4":"has-post-thumbnail","6":"product_cat-bidets","7":"brand-simas","9":"first","10":"instock","11":"shipping-taxable","12":"product-type-simple"},"_links":{"self":[{"href":"https:\/\/simfoniya.az\/ru\/wp-json\/wp\/v2\/product\/21917","targetHints":{"allow":["GET"]}}],"collection":[{"href":"https:\/\/simfoniya.az\/ru\/wp-json\/wp\/v2\/product"}],"about":[{"href":"https:\/\/simfoniya.az\/ru\/wp-json\/wp\/v2\/types\/product"}],"replies":[{"embeddable":true,"href":"https:\/\/simfoniya.az\/ru\/wp-json\/wp\/v2\/comments?post=21917"}],"wp:featuredmedia":[{"embeddable":true,"href":"https:\/\/simfoniya.az\/ru\/wp-json\/wp\/v2\/media\/21918"}],"wp:attachment":[{"href":"https:\/\/simfoniya.az\/ru\/wp-json\/wp\/v2\/media?parent=21917"}],"wp:term":[{"taxonomy":"product_brand","embeddable":true,"href":"https:\/\/simfoniya.az\/ru\/wp-json\/wp\/v2\/product_brand?post=21917"},{"taxonomy":"product_cat","embeddable":true,"href":"https:\/\/simfoniya.az\/ru\/wp-json\/wp\/v2\/product_cat?post=21917"},{"taxonomy":"product_tag","embeddable":true,"href":"https:\/\/simfoniya.az\/ru\/wp-json\/wp\/v2\/product_tag?post=21917"},{"taxonomy":"collection","embeddable":true,"href":"https:\/\/simfoniya.az\/ru\/wp-json\/wp\/v2\/collection?post=21917"},{"taxonomy":"brand","embeddable":true,"href":"https:\/\/simfoniya.az\/ru\/wp-json\/wp\/v2\/brand?post=21917"},{"taxonomy":"category_2","embeddable":true,"href":"https:\/\/simfoniya.az\/ru\/wp-json\/wp\/v2\/category_2?post=21917"},{"taxonomy":"catergory_brand","embeddable":true,"href":"https:\/\/simfoniya.az\/ru\/wp-json\/wp\/v2\/catergory_brand?post=21917"}],"curies":[{"name":"WP","href":"https:\/\/api.w.org\/{rel}","templated":true}]}}