{"id":21950,"date":"2024-07-29T15:01:43","date_gmt":"2024-07-29T15:01:43","guid":{"rendered":"https:\/\/simfoniya.az\/?post_type=product&#038;p=21950"},"modified":"2024-09-25T06:22:09","modified_gmt":"2024-09-25T06:22:09","slug":"simas-agile-dezgah-ustu-matte-black-dordkunc-canaq-80-sm-2","status":"publish","type":"product","link":"https:\/\/simfoniya.az\/ru\/product\/simas-agile-dezgah-ustu-matte-black-dordkunc-canaq-80-sm-2\/","title":{"rendered":"Simas Agile\/ \u041d\u0430\u0441\u0442\u043e\u043b\u044c\u043d\u0430\u044f \u0447\u0430\u0448\u0430\/\u041a\u043e\u0432\u0440\u0438\u043a"},"content":{"rendered":"<div class=\"flex-shrink-0 flex flex-col relative items-end\">\n<div class=\"pt-0\">\n<div class=\"gizmo-bot-avatar flex h-8 w-8 items-center justify-center overflow-hidden rounded-full\">\n<div class=\"relative p-1 rounded-sm flex items-center justify-center bg-token-main-surface-primary text-token-text-primary h-8 w-8\">\n<div class=\"flex max-w-full flex-col flex-grow\">\n<div class=\"min-h-8 text-message flex w-full flex-col items-end gap-2 whitespace-normal break-words [.text-message+&amp;]:mt-5\" dir=\"auto\" data-message-author-role=\"assistant\" data-message-id=\"efa2a5e7-d396-457e-af80-7041e9a5dd5e\">\n<div class=\"flex w-full flex-col gap-1 empty:hidden first:pt-[3px]\">\n<div class=\"markdown prose w-full break-words dark:prose-invert light\">\n<div class=\"flex max-w-full flex-col flex-grow\">\n<div class=\"min-h-8 text-message flex w-full flex-col items-end gap-2 whitespace-normal break-words [.text-message+&amp;]:mt-5\" dir=\"auto\" data-message-author-role=\"assistant\" data-message-id=\"2f628747-8411-47ba-813c-b1191aefafcc\">\n<div class=\"flex w-full flex-col gap-1 empty:hidden first:pt-[3px]\">\n<div class=\"markdown prose w-full break-words dark:prose-invert light\">\n<p>Qara mat moyka m\u00fcasir v\u0259 \u015f\u0131k g\u00f6r\u00fcn\u00fc\u015f\u00fc il\u0259 interyerinizi tamamlay\u0131r. Onun mat s\u0259thi barmaq izl\u0259rini v\u0259 l\u0259k\u0259l\u0259ri g\u00f6st\u0259rmir, bu da t\u0259mizliyi asanla\u015fd\u0131r\u0131r. Qara moyka dig\u0259r m\u0259i\u015f\u0259t \u0259\u015fyalar\u0131 il\u0259 kontrast yarad\u0131r v\u0259 c\u0259lbedici g\u00f6r\u00fcn\u00fcr. M\u0259tb\u0259x v\u0259 ya vanna ota\u011f\u0131n\u0131za f\u0259rqli bir t\u0259rz qatmaq \u00fc\u00e7\u00fcn ideal se\u00e7imdir.<\/p>\n<\/div>\n<\/div>\n<\/div>\n<\/div>\n<div class=\"mb-2 flex gap-3 empty:hidden -ml-2\">\n<div class=\"items-center justify-start rounded-xl p-1 flex\">\n<div class=\"flex items-center\"><button class=\"rounded-lg text-token-text-secondary hover:bg-token-main-surface-secondary\" aria-label=\"Read aloud\" data-testid=\"voice-play-turn-action-button\"><\/button><button class=\"rounded-lg text-token-text-secondary hover:bg-token-main-surface-secondary\" aria-label=\"\u041a\u043e\u043f\u0438\u0440\u043e\u0432\u0430\u0442\u044c\" data-testid=\"copy-turn-action-button\"><\/button><\/p>\n<div class=\"flex\"><\/div>\n<div class=\"flex items-center pb-0\"><\/div>\n<\/div>\n<\/div>\n<\/div>\n<\/div>\n<\/div>\n<\/div>\n<\/div>\n<\/div>\n<\/div>\n<\/div>\n<\/div>\n","protected":false},"excerpt":{"rendered":"<p>\u0427\u0435\u0440\u043d\u0430\u044f \u043c\u0430\u0442\u043e\u0432\u0430\u044f \u0440\u0430\u043a\u043e\u0432\u0438\u043d\u0430 \u043f\u0440\u0438\u0434\u0430\u0441\u0442 \u0432\u0430\u0448\u0435\u043c\u0443 \u0438\u043d\u0442\u0435\u0440\u044c\u0435\u0440\u0443 \u0441\u043e\u0432\u0440\u0435\u043c\u0435\u043d\u043d\u044b\u0439 \u0438 \u0441\u0442\u0438\u043b\u044c\u043d\u044b\u0439 \u0432\u0438\u0434. \u041d\u0430 \u0435\u0433\u043e \u043c\u0430\u0442\u043e\u0432\u043e\u0439 \u043f\u043e\u0432\u0435\u0440\u0445\u043d\u043e\u0441\u0442\u0438 \u043d\u0435 \u043e\u0441\u0442\u0430\u044e\u0442\u0441\u044f \u043e\u0442\u043f\u0435\u0447\u0430\u0442\u043a\u0438 \u043f\u0430\u043b\u044c\u0446\u0435\u0432 \u0438 \u043f\u044f\u0442\u043d\u0430, \u0447\u0442\u043e \u043e\u0431\u043b\u0435\u0433\u0447\u0430\u0435\u0442 \u0447\u0438\u0441\u0442\u043a\u0443. \u0427\u0435\u0440\u043d\u0430\u044f \u043c\u043e\u0439\u043a\u0430 \u043a\u043e\u043d\u0442\u0440\u0430\u0441\u0442\u0438\u0440\u0443\u0435\u0442 \u0441 \u0434\u0440\u0443\u0433\u0438\u043c\u0438 \u043f\u0440\u0435\u0434\u043c\u0435\u0442\u0430\u043c\u0438 \u043e\u0431\u0438\u0445\u043e\u0434\u0430 \u0438 \u0432\u044b\u0433\u043b\u044f\u0434\u0438\u0442 \u043f\u0440\u0438\u0432\u043b\u0435\u043a\u0430\u0442\u0435\u043b\u044c\u043d\u043e. \u042d\u0442\u043e \u0438\u0434\u0435\u0430\u043b\u044c\u043d\u044b\u0439 \u0432\u044b\u0431\u043e\u0440, \u0447\u0442\u043e\u0431\u044b \u0434\u043e\u0431\u0430\u0432\u0438\u0442\u044c \u043d\u043e\u0432\u044b\u0439 \u0441\u0442\u0438\u043b\u044c \u0432\u0430\u0448\u0435\u0439 \u043a\u0443\u0445\u043d\u0435 \u0438\u043b\u0438 \u0432\u0430\u043d\u043d\u043e\u0439 \u043a\u043e\u043c\u043d\u0430\u0442\u0435.<\/p>","protected":false},"featured_media":21951,"comment_status":"closed","ping_status":"closed","template":"","meta":[],"product_brand":[],"product_cat":[1461],"product_tag":[],"collection":[],"brand":[1454],"category_2":[],"catergory_brand":[],"class_list":{"0":"post-21950","1":"product","2":"type-product","3":"status-publish","4":"has-post-thumbnail","6":"product_cat-wash-basins","7":"brand-simas","9":"first","10":"instock","11":"shipping-taxable","12":"product-type-simple"},"_links":{"self":[{"href":"https:\/\/simfoniya.az\/ru\/wp-json\/wp\/v2\/product\/21950","targetHints":{"allow":["GET"]}}],"collection":[{"href":"https:\/\/simfoniya.az\/ru\/wp-json\/wp\/v2\/product"}],"about":[{"href":"https:\/\/simfoniya.az\/ru\/wp-json\/wp\/v2\/types\/product"}],"replies":[{"embeddable":true,"href":"https:\/\/simfoniya.az\/ru\/wp-json\/wp\/v2\/comments?post=21950"}],"wp:featuredmedia":[{"embeddable":true,"href":"https:\/\/simfoniya.az\/ru\/wp-json\/wp\/v2\/media\/21951"}],"wp:attachment":[{"href":"https:\/\/simfoniya.az\/ru\/wp-json\/wp\/v2\/media?parent=21950"}],"wp:term":[{"taxonomy":"product_brand","embeddable":true,"href":"https:\/\/simfoniya.az\/ru\/wp-json\/wp\/v2\/product_brand?post=21950"},{"taxonomy":"product_cat","embeddable":true,"href":"https:\/\/simfoniya.az\/ru\/wp-json\/wp\/v2\/product_cat?post=21950"},{"taxonomy":"product_tag","embeddable":true,"href":"https:\/\/simfoniya.az\/ru\/wp-json\/wp\/v2\/product_tag?post=21950"},{"taxonomy":"collection","embeddable":true,"href":"https:\/\/simfoniya.az\/ru\/wp-json\/wp\/v2\/collection?post=21950"},{"taxonomy":"brand","embeddable":true,"href":"https:\/\/simfoniya.az\/ru\/wp-json\/wp\/v2\/brand?post=21950"},{"taxonomy":"category_2","embeddable":true,"href":"https:\/\/simfoniya.az\/ru\/wp-json\/wp\/v2\/category_2?post=21950"},{"taxonomy":"catergory_brand","embeddable":true,"href":"https:\/\/simfoniya.az\/ru\/wp-json\/wp\/v2\/catergory_brand?post=21950"}],"curies":[{"name":"WP","href":"https:\/\/api.w.org\/{rel}","templated":true}]}}