{"id":21968,"date":"2024-07-29T15:43:55","date_gmt":"2024-07-29T15:43:55","guid":{"rendered":"https:\/\/simfoniya.az\/?post_type=product&#038;p=21968"},"modified":"2024-09-24T10:40:33","modified_gmt":"2024-09-24T10:40:33","slug":"simas-arcade-dezgah-ustu-yari-gomme-canaq-61-sm","status":"publish","type":"product","link":"https:\/\/simfoniya.az\/ru\/product\/simas-arcade-dezgah-ustu-yari-gomme-canaq-61-sm\/","title":{"rendered":"Simas Arcade\/\u041d\u0430\u0441\u0442\u043e\u043b\u044c\u043d\u0430\u044f \u0447\u0430\u0448\u0430"},"content":{"rendered":"<div class=\"flex-shrink-0 flex flex-col relative items-end\">\n<div class=\"pt-0\">\n<div class=\"gizmo-bot-avatar flex h-8 w-8 items-center justify-center overflow-hidden rounded-full\">\n<div class=\"relative p-1 rounded-sm flex items-center justify-center bg-token-main-surface-primary text-token-text-primary h-8 w-8\">\n<div class=\"flex max-w-full flex-col flex-grow\">\n<div class=\"min-h-[20px] text-message flex w-full flex-col items-end gap-2 whitespace-normal break-words [.text-message+&amp;]:mt-5\" dir=\"auto\" data-message-author-role=\"assistant\" data-message-id=\"1cd7576c-3fa0-40f7-be4d-b1f3b97bd55e\">\n<div class=\"flex w-full flex-col gap-1 empty:hidden first:pt-[3px]\">\n<div class=\"markdown prose w-full break-words dark:prose-invert light\">\n<p>Bu oval forma v\u0259 klassik dizaynl\u0131 moyka, a\u011f keramikadan haz\u0131rlanm\u0131\u015fd\u0131r v\u0259 onun sad\u0259 x\u0259tl\u0259ri h\u0259r hans\u0131 vanna ota\u011f\u0131na t\u0259miz v\u0259 s\u0259liq\u0259li bir g\u00f6r\u00fcn\u00fc\u015f \u0259lav\u0259 edir. Bu moyka, rahat istifad\u0259 \u00fc\u00e7\u00fcn kifay\u0259t q\u0259d\u0259r geni\u015fdir v\u0259 onun daxilind\u0259 kran v\u0259 sabun qoyulan yerl\u0259r n\u0259z\u0259rd\u0259 tutulmu\u015fdur. Moyka, h\u0259m estetik, h\u0259m d\u0259 praktik bir element olaraq vanna ota\u011f\u0131n\u0131zda m\u0259rk\u0259zi bir yer tutur, eyni zamanda t\u0259mizl\u0259nm\u0259si asan v\u0259 uzun\u00f6m\u00fcrl\u00fc bir h\u0259ll t\u0259klif edir.<\/p>\n<\/div>\n<\/div>\n<\/div>\n<\/div>\n<div class=\"mb-2 flex gap-3 empty:hidden -ml-2\">\n<div class=\"items-center justify-start rounded-xl p-1 flex\">\n<div class=\"flex items-center\">\n<p>&nbsp;<\/p>\n<div class=\"flex\"><\/div>\n<div class=\"flex items-center pb-0\"><\/div>\n<\/div>\n<\/div>\n<\/div>\n<\/div>\n<\/div>\n<\/div>\n<\/div>\n","protected":false},"excerpt":{"rendered":"<p>\u042d\u0442\u0430 \u043e\u0432\u0430\u043b\u044c\u043d\u0430\u044f \u0440\u0430\u043a\u043e\u0432\u0438\u043d\u0430 \u043a\u043b\u0430\u0441\u0441\u0438\u0447\u0435\u0441\u043a\u043e\u0433\u043e \u0434\u0438\u0437\u0430\u0439\u043d\u0430 \u0438\u0437\u0433\u043e\u0442\u043e\u0432\u043b\u0435\u043d\u0430 \u0438\u0437 \u0431\u0435\u043b\u043e\u0439 \u043a\u0435\u0440\u0430\u043c\u0438\u043a\u0438, \u0430 \u0435\u0451 \u043f\u0440\u043e\u0441\u0442\u044b\u0435 \u043b\u0438\u043d\u0438\u0438 \u0434\u043e\u0431\u0430\u0432\u044f\u0442 \u0447\u0438\u0441\u0442\u043e\u0442\u044b \u0438 \u043b\u0430\u043a\u043e\u043d\u0438\u0447\u043d\u043e\u0441\u0442\u0438 \u043b\u044e\u0431\u043e\u0439 \u0432\u0430\u043d\u043d\u043e\u0439 \u043a\u043e\u043c\u043d\u0430\u0442\u0435. \u0420\u0430\u043a\u043e\u0432\u0438\u043d\u0430 \u0434\u043e\u0441\u0442\u0430\u0442\u043e\u0447\u043d\u043e \u043f\u0440\u043e\u0441\u0442\u043e\u0440\u043d\u0430\u044f \u0434\u043b\u044f \u043a\u043e\u043c\u0444\u043e\u0440\u0442\u043d\u043e\u0433\u043e \u0438\u0441\u043f\u043e\u043b\u044c\u0437\u043e\u0432\u0430\u043d\u0438\u044f \u0438 \u0438\u043c\u0435\u0435\u0442 \u0432\u0441\u0442\u0440\u043e\u0435\u043d\u043d\u044b\u0435 \u043e\u0442\u0434\u0435\u043b\u0435\u043d\u0438\u044f \u0434\u043b\u044f \u0441\u043c\u0435\u0441\u0438\u0442\u0435\u043b\u044f \u0438 \u043c\u044b\u043b\u044c\u043d\u0438\u0446\u044b. \u0420\u0430\u043a\u043e\u0432\u0438\u043d\u0430 \u0441\u0442\u0430\u043d\u0435\u0442 \u0446\u0435\u043d\u0442\u0440\u0430\u043b\u044c\u043d\u044b\u043c \u044d\u043b\u0435\u043c\u0435\u043d\u0442\u043e\u043c \u0432\u0430\u0448\u0435\u0439 \u0432\u0430\u043d\u043d\u043e\u0439 \u043a\u043e\u043c\u043d\u0430\u0442\u044b, \u0432\u044b\u043f\u043e\u043b\u043d\u044f\u044f \u043e\u0434\u043d\u043e\u0432\u0440\u0435\u043c\u0435\u043d\u043d\u043e \u044d\u0441\u0442\u0435\u0442\u0438\u0447\u0435\u0441\u043a\u0443\u044e \u0438 \u043f\u0440\u0430\u043a\u0442\u0438\u0447\u0435\u0441\u043a\u0443\u044e \u0444\u0443\u043d\u043a\u0446\u0438\u044e, \u0430 \u0442\u0430\u043a\u0436\u0435\u2026<\/p>","protected":false},"featured_media":21969,"comment_status":"closed","ping_status":"closed","template":"","meta":[],"product_brand":[],"product_cat":[1461],"product_tag":[],"collection":[],"brand":[1454],"category_2":[],"catergory_brand":[],"class_list":{"0":"post-21968","1":"product","2":"type-product","3":"status-publish","4":"has-post-thumbnail","6":"product_cat-wash-basins","7":"brand-simas","9":"first","10":"instock","11":"shipping-taxable","12":"product-type-simple"},"_links":{"self":[{"href":"https:\/\/simfoniya.az\/ru\/wp-json\/wp\/v2\/product\/21968","targetHints":{"allow":["GET"]}}],"collection":[{"href":"https:\/\/simfoniya.az\/ru\/wp-json\/wp\/v2\/product"}],"about":[{"href":"https:\/\/simfoniya.az\/ru\/wp-json\/wp\/v2\/types\/product"}],"replies":[{"embeddable":true,"href":"https:\/\/simfoniya.az\/ru\/wp-json\/wp\/v2\/comments?post=21968"}],"wp:featuredmedia":[{"embeddable":true,"href":"https:\/\/simfoniya.az\/ru\/wp-json\/wp\/v2\/media\/21969"}],"wp:attachment":[{"href":"https:\/\/simfoniya.az\/ru\/wp-json\/wp\/v2\/media?parent=21968"}],"wp:term":[{"taxonomy":"product_brand","embeddable":true,"href":"https:\/\/simfoniya.az\/ru\/wp-json\/wp\/v2\/product_brand?post=21968"},{"taxonomy":"product_cat","embeddable":true,"href":"https:\/\/simfoniya.az\/ru\/wp-json\/wp\/v2\/product_cat?post=21968"},{"taxonomy":"product_tag","embeddable":true,"href":"https:\/\/simfoniya.az\/ru\/wp-json\/wp\/v2\/product_tag?post=21968"},{"taxonomy":"collection","embeddable":true,"href":"https:\/\/simfoniya.az\/ru\/wp-json\/wp\/v2\/collection?post=21968"},{"taxonomy":"brand","embeddable":true,"href":"https:\/\/simfoniya.az\/ru\/wp-json\/wp\/v2\/brand?post=21968"},{"taxonomy":"category_2","embeddable":true,"href":"https:\/\/simfoniya.az\/ru\/wp-json\/wp\/v2\/category_2?post=21968"},{"taxonomy":"catergory_brand","embeddable":true,"href":"https:\/\/simfoniya.az\/ru\/wp-json\/wp\/v2\/catergory_brand?post=21968"}],"curies":[{"name":"WP","href":"https:\/\/api.w.org\/{rel}","templated":true}]}}