{"id":21970,"date":"2024-07-29T15:54:56","date_gmt":"2024-07-29T15:54:56","guid":{"rendered":"https:\/\/simfoniya.az\/?post_type=product&#038;p=21970"},"modified":"2024-09-24T10:31:08","modified_gmt":"2024-09-24T10:31:08","slug":"simas-canaq-ucun-sifon","status":"publish","type":"product","link":"https:\/\/simfoniya.az\/ru\/product\/simas-canaq-ucun-sifon\/","title":{"rendered":"\u0421\u0438\u0444\u043e\u043d \u0434\u043b\u044f \u043b\u0438\u0446\u0430\/\u0442\u0430\u0437\u0438\u043a\u0430"},"content":{"rendered":"<div class=\"content user-select-text\" tabindex=\"0\" aria-description=\"\" aria-label=\"Sent by Copilot: Transform your bathroom with the SIMAS \u00c7ANAQ \u00dc\u00c7\u00dcN S\u0130FON! This sleek and efficient siphon ensures optimal drainage while adding a touch of elegance to your sink. Crafted with high-quality materials, it promises durability and long-lasting performance. Imagine a clog-free, sparkling clean sink every day. Upgrade your bathroom experience with this essential accessory. Don't miss out on the perfect blend of functionality and style. Order now and enjoy a hassle-free installation!\">\n<div class=\"ac-container ac-adaptiveCard has-image\">\n<div class=\"ac-textBlock\">\n<div class=\"flex max-w-full flex-col flex-grow\">\n<div class=\"min-h-[20px] text-message flex w-full flex-col items-end gap-2 whitespace-normal break-words [.text-message+&amp;]:mt-5\" dir=\"auto\" data-message-author-role=\"assistant\" data-message-id=\"28fe91d3-bb86-45c6-9208-0db7583988c6\">\n<div class=\"flex w-full flex-col gap-1 empty:hidden first:pt-[3px]\">\n<div class=\"markdown prose w-full break-words dark:prose-invert light\">\n<p>Bu paslanmayan poladdan haz\u0131rlanm\u0131\u015f hamamb drenaj borusu, onun dayan\u0131ql\u0131 v\u0259 m\u00fcasir dizayn\u0131 il\u0259 f\u0259rql\u0259nir. Bu drenaj borusu, hamam\u0131n effektiv \u015f\u0259kild\u0259 bo\u015falmas\u0131n\u0131 t\u0259min etm\u0259k \u00fc\u00e7\u00fcn n\u0259z\u0259rd\u0259 tutulmu\u015fdur, suyun ax\u0131n\u0131na k\u00f6m\u0259k edir v\u0259 su s\u0131z\u0131nt\u0131s\u0131n\u0131 qar\u015f\u0131s\u0131n\u0131 al\u0131r. Bu komponent, y\u00fcks\u0259k keyfiyy\u0259tli material\u0131 say\u0259sind\u0259 uzun\u00f6m\u00fcrl\u00fc istifad\u0259 v\u0259 asan t\u0259mizl\u0259nm\u0259 imkan\u0131 t\u0259min edir. Bu borusun t\u0259miz v\u0259 minimal dizayn\u0131 h\u0259r hans\u0131 m\u00fcasir vanna ota\u011f\u0131nda rahatl\u0131qla inteqrasiya oluna bil\u0259r.<\/p>\n<\/div>\n<\/div>\n<\/div>\n<\/div>\n<div class=\"mb-2 flex gap-3 empty:hidden -ml-2\">\n<div class=\"items-center justify-start rounded-xl p-1 flex\">\n<div class=\"flex items-center\"><button class=\"rounded-lg text-token-text-secondary hover:bg-token-main-surface-secondary\" aria-label=\"Read aloud\" data-testid=\"voice-play-turn-action-button\"><\/button><button class=\"rounded-lg text-token-text-secondary hover:bg-token-main-surface-secondary\" aria-label=\"\u041a\u043e\u043f\u0438\u0440\u043e\u0432\u0430\u0442\u044c\" data-testid=\"copy-turn-action-button\"><\/button><\/p>\n<div class=\"flex\"><\/div>\n<div class=\"flex items-center pb-0\"><\/div>\n<\/div>\n<\/div>\n<\/div>\n<\/div>\n<\/div>\n<\/div>\n","protected":false},"excerpt":{"rendered":"<p>Bu paslanmayan poladdan haz\u0131rlanm\u0131\u015f hamamb drenaj borusu, onun dayan\u0131ql\u0131 v\u0259 m\u00fcasir dizayn\u0131 il\u0259 f\u0259rql\u0259nir. Bu drenaj borusu, hamam\u0131n effektiv \u015f\u0259kild\u0259 bo\u015falmas\u0131n\u0131 t\u0259min etm\u0259k \u00fc\u00e7\u00fcn n\u0259z\u0259rd\u0259 tutulmu\u015fdur, suyun ax\u0131n\u0131na k\u00f6m\u0259k edir v\u0259 su s\u0131z\u0131nt\u0131s\u0131n\u0131 qar\u015f\u0131s\u0131n\u0131 al\u0131r. Bu komponent, y\u00fcks\u0259k keyfiyy\u0259tli material\u0131 say\u0259sind\u0259 uzun\u00f6m\u00fcrl\u00fc istifad\u0259 v\u0259 asan t\u0259mizl\u0259nm\u0259 imkan\u0131 t\u0259min edir. Bu borusun t\u0259miz v\u0259 minimal dizayn\u0131 h\u0259r hans\u0131 m\u00fcasir vanna ota\u011f\u0131nda\u2026<\/p>","protected":false},"featured_media":21971,"comment_status":"closed","ping_status":"closed","template":"","meta":[],"product_brand":[],"product_cat":[1453],"product_tag":[],"collection":[],"brand":[1454],"category_2":[],"catergory_brand":[],"class_list":{"0":"post-21970","1":"product","2":"type-product","3":"status-publish","4":"has-post-thumbnail","6":"product_cat-fixing-kits","7":"brand-simas","9":"first","10":"instock","11":"shipping-taxable","12":"product-type-simple"},"_links":{"self":[{"href":"https:\/\/simfoniya.az\/ru\/wp-json\/wp\/v2\/product\/21970","targetHints":{"allow":["GET"]}}],"collection":[{"href":"https:\/\/simfoniya.az\/ru\/wp-json\/wp\/v2\/product"}],"about":[{"href":"https:\/\/simfoniya.az\/ru\/wp-json\/wp\/v2\/types\/product"}],"replies":[{"embeddable":true,"href":"https:\/\/simfoniya.az\/ru\/wp-json\/wp\/v2\/comments?post=21970"}],"wp:featuredmedia":[{"embeddable":true,"href":"https:\/\/simfoniya.az\/ru\/wp-json\/wp\/v2\/media\/21971"}],"wp:attachment":[{"href":"https:\/\/simfoniya.az\/ru\/wp-json\/wp\/v2\/media?parent=21970"}],"wp:term":[{"taxonomy":"product_brand","embeddable":true,"href":"https:\/\/simfoniya.az\/ru\/wp-json\/wp\/v2\/product_brand?post=21970"},{"taxonomy":"product_cat","embeddable":true,"href":"https:\/\/simfoniya.az\/ru\/wp-json\/wp\/v2\/product_cat?post=21970"},{"taxonomy":"product_tag","embeddable":true,"href":"https:\/\/simfoniya.az\/ru\/wp-json\/wp\/v2\/product_tag?post=21970"},{"taxonomy":"collection","embeddable":true,"href":"https:\/\/simfoniya.az\/ru\/wp-json\/wp\/v2\/collection?post=21970"},{"taxonomy":"brand","embeddable":true,"href":"https:\/\/simfoniya.az\/ru\/wp-json\/wp\/v2\/brand?post=21970"},{"taxonomy":"category_2","embeddable":true,"href":"https:\/\/simfoniya.az\/ru\/wp-json\/wp\/v2\/category_2?post=21970"},{"taxonomy":"catergory_brand","embeddable":true,"href":"https:\/\/simfoniya.az\/ru\/wp-json\/wp\/v2\/catergory_brand?post=21970"}],"curies":[{"name":"WP","href":"https:\/\/api.w.org\/{rel}","templated":true}]}}