{"id":21992,"date":"2024-07-30T04:16:59","date_gmt":"2024-07-30T04:16:59","guid":{"rendered":"https:\/\/simfoniya.az\/?post_type=product&#038;p=21992"},"modified":"2024-09-24T07:37:49","modified_gmt":"2024-09-24T07:37:49","slug":"simas-vasche-da-bagno-taxta-yan-panel-2","status":"publish","type":"product","link":"https:\/\/simfoniya.az\/ru\/product\/simas-vasche-da-bagno-taxta-yan-panel-2\/","title":{"rendered":"Simas Vasche da Bagno \/ \u0411\u043e\u043a\u043e\u0432\u0430\u044f \u043f\u0430\u043d\u0435\u043b\u044c \/ \u0414\u0435\u0440\u0435\u0432\u043e"},"content":{"rendered":"<div class=\"flex-1 overflow-hidden\">\n<div class=\"h-full\">\n<div class=\"react-scroll-to-bottom--css-ycuum-79elbk h-full\">\n<div class=\"react-scroll-to-bottom--css-ycuum-1n7m0yu\">\n<div class=\"flex flex-col text-sm md:pb-9\">\n<article class=\"w-full text-token-text-primary focus-visible:outline-2 focus-visible:outline-offset-[-4px]\" dir=\"auto\" data-testid=\"conversation-turn-145\" data-scroll-anchor=\"true\">\n<div class=\"text-base py-[18px] px-3 md:px-4 m-auto w-full md:px-5 lg:px-4 xl:px-5\">\n<div class=\"mx-auto flex flex-1 gap-4 text-base md:gap-5 lg:gap-6 md:max-w-3xl lg:max-w-[40rem] xl:max-w-[48rem]\">\n<div class=\"group\/conversation-turn relative flex w-full min-w-0 flex-col agent-turn\">\n<div class=\"flex-col gap-1 md:gap-3\">\n<div class=\"flex max-w-full flex-col flex-grow\">\n<div class=\"min-h-[20px] text-message flex w-full flex-col items-end gap-2 whitespace-normal break-words [.text-message+&amp;]:mt-5\" dir=\"auto\" data-message-author-role=\"assistant\" data-message-id=\"de3883ff-332f-4636-a57d-05779e654138\">\n<div class=\"flex w-full flex-col gap-1 empty:hidden first:pt-[3px]\">\n<div class=\"result-streaming markdown prose w-full break-words dark:prose-invert light\">\n<p>Bu taxta dolabl\u0131 vanna, onun klassik v\u0259 m\u00fcasir elementl\u0259rinin qar\u0131\u015f\u0131\u011f\u0131 il\u0259 se\u00e7ilir. Taxta dolab\u0131n isti r\u0259ngi v\u0259 d\u0259rin qab\u0131\u011f\u0131 il\u0259 vanna ota\u011f\u0131na t\u0259bii v\u0259 ev rahatl\u0131\u011f\u0131 hissi verir. A\u011f keramik vanna is\u0259, h\u0259m estetik, h\u0259m d\u0259 funksional bir uy\u011funluq t\u0259klif edir, vanna ota\u011f\u0131n\u0131za z\u0259rif bir toxunu\u015f \u0259lav\u0259 edir. Bu kombinasiya, h\u0259m geni\u015f saxlama imkanlar\u0131 t\u0259klif edir, h\u0259m d\u0259 g\u00f6z\u0259l v\u0259 praktik bir m\u0259kan yarad\u0131r.<\/p>\n<\/div>\n<\/div>\n<\/div>\n<\/div>\n<\/div>\n<div class=\"absolute\">\n<div class=\"flex items-center justify-center\"><\/div>\n<\/div>\n<\/div>\n<\/div>\n<\/div>\n<\/article>\n<\/div>\n<\/div>\n<\/div>\n<\/div>\n<\/div>\n<div class=\"md:pt-0 dark:border-white\/20 md:border-transparent md:dark:border-transparent w-full\">\n<div class=\"\">\n<div class=\"text-base px-3 md:px-4 m-auto w-full md:px-5 lg:px-4 xl:px-5\">\n<div class=\"mx-auto flex flex-1 gap-4 text-base md:gap-5 lg:gap-6 md:max-w-3xl lg:max-w-[40rem] xl:max-w-[48rem]\">\n<form class=\"w-full\" aria-haspopup=\"dialog\" aria-expanded=\"false\" aria-controls=\"radix-:r47:\" data-state=\"closed\">\n<div class=\"relative flex h-full max-w-full flex-1 flex-col\">\n<div class=\"absolute bottom-full left-0 right-0 z-20\"><\/div>\n<div class=\"group relative flex w-full items-center\">\n<div class=\"absolute bottom-16 space-y-2 z-20\"><\/div>\n<div class=\"flex w-full flex-col gap-1.5 rounded-[26px] p-1.5 transition-colors bg-[#f4f4f4] dark:bg-token-main-surface-secondary\">\n<div class=\"flex items-end gap-1.5 pl-4 md:gap-2\">\n<div class=\"-ml-2.5 flex\">\n<div class=\"relative\">\n<div class=\"relative\">\n<div class=\"flex flex-col\"><input class=\"hidden\" tabindex=\"-1\" multiple=\"multiple\" type=\"file\" \/><button id=\"radix-:r4d:\" class=\"text-token-text-primary border border-transparent inline-flex items-center justify-center gap-1 rounded-lg text-sm dark:transparent dark:bg-transparent leading-none outline-none cursor-pointer hover:bg-token-main-surface-secondary dark:hover:bg-token-main-surface-secondary focus-visible:bg-token-main-surface-secondary radix-state-active:text-token-text-secondary radix-disabled:cursor-auto radix-disabled:bg-transparent radix-disabled:text-token-text-tertiary dark:radix-disabled:bg-transparent m-0 h-0 w-0 border-none bg-transparent p-0\" type=\"button\" aria-haspopup=\"menu\" aria-expanded=\"false\" data-state=\"closed\"><\/button><button class=\"flex items-center justify-center h-8 w-8 rounded-full text-token-text-primary dark:text-white focus-visible:outline-black dark:focus-visible:outline-white mb-1\" aria-disabled=\"false\" aria-label=\"\u041f\u0440\u0438\u043a\u0440\u0435\u043f\u0438\u0442\u044c \u0444\u0430\u0439\u043b\u044b\"><\/button><\/p>\n<div aria-haspopup=\"dialog\" aria-expanded=\"false\" aria-controls=\"radix-:r4g:\" data-state=\"closed\"><\/div>\n<\/div>\n<\/div>\n<\/div>\n<\/div>\n<div class=\"flex min-w-0 flex-1 flex-col\">\n<div class=\"_prosemirror-parent_15ceg_1 text-token-text-primary max-h-[25dvh] max-h-52 overflow-auto default-browser\"><textarea class=\"block h-10 w-full resize-none border-0 bg-transparent px-0 py-2 text-token-text-primary placeholder:text-token-text-secondary\" placeholder=\"\u0421\u043e\u043e\u0431\u0449\u0438\u0442\u044c ChatGPT\"><\/textarea><script>requestAnimationFrame((function(){window.__oai_logTTI?window.__oai_logTTI():window.__oai_SSR_TTI=window.__oai_SSR_TTI??Date.now()}))<\/script><\/p>\n<div id=\"prompt-textarea\" class=\"ProseMirror\" contenteditable=\"true\" translate=\"no\"><\/div>\n<\/div>\n<\/div>\n<\/div>\n<\/div>\n<\/div>\n<\/div>\n<\/form>\n<\/div>\n<\/div>\n<\/div>\n<\/div>\n","protected":false},"excerpt":{"rendered":"<p>Bu taxta dolabl\u0131 vanna, onun klassik v\u0259 m\u00fcasir elementl\u0259rinin qar\u0131\u015f\u0131\u011f\u0131 il\u0259 se\u00e7ilir. Taxta dolab\u0131n isti r\u0259ngi v\u0259 d\u0259rin qab\u0131\u011f\u0131 il\u0259 vanna ota\u011f\u0131na t\u0259bii v\u0259 ev rahatl\u0131\u011f\u0131 hissi verir. A\u011f keramik vanna is\u0259, h\u0259m estetik, h\u0259m d\u0259 funksional bir uy\u011funluq t\u0259klif edir, vanna ota\u011f\u0131n\u0131za z\u0259rif bir toxunu\u015f \u0259lav\u0259 edir. Bu kombinasiya, h\u0259m geni\u015f saxlama imkanlar\u0131 t\u0259klif edir, h\u0259m d\u0259 g\u00f6z\u0259l v\u0259\u2026<\/p>","protected":false},"featured_media":21993,"comment_status":"closed","ping_status":"closed","template":"","meta":[],"product_brand":[],"product_cat":[1487],"product_tag":[],"collection":[],"brand":[1454],"category_2":[],"catergory_brand":[],"class_list":{"0":"post-21992","1":"product","2":"type-product","3":"status-publish","4":"has-post-thumbnail","6":"product_cat-bathtubs","7":"brand-simas","9":"first","10":"instock","11":"shipping-taxable","12":"product-type-simple"},"_links":{"self":[{"href":"https:\/\/simfoniya.az\/ru\/wp-json\/wp\/v2\/product\/21992","targetHints":{"allow":["GET"]}}],"collection":[{"href":"https:\/\/simfoniya.az\/ru\/wp-json\/wp\/v2\/product"}],"about":[{"href":"https:\/\/simfoniya.az\/ru\/wp-json\/wp\/v2\/types\/product"}],"replies":[{"embeddable":true,"href":"https:\/\/simfoniya.az\/ru\/wp-json\/wp\/v2\/comments?post=21992"}],"wp:featuredmedia":[{"embeddable":true,"href":"https:\/\/simfoniya.az\/ru\/wp-json\/wp\/v2\/media\/21993"}],"wp:attachment":[{"href":"https:\/\/simfoniya.az\/ru\/wp-json\/wp\/v2\/media?parent=21992"}],"wp:term":[{"taxonomy":"product_brand","embeddable":true,"href":"https:\/\/simfoniya.az\/ru\/wp-json\/wp\/v2\/product_brand?post=21992"},{"taxonomy":"product_cat","embeddable":true,"href":"https:\/\/simfoniya.az\/ru\/wp-json\/wp\/v2\/product_cat?post=21992"},{"taxonomy":"product_tag","embeddable":true,"href":"https:\/\/simfoniya.az\/ru\/wp-json\/wp\/v2\/product_tag?post=21992"},{"taxonomy":"collection","embeddable":true,"href":"https:\/\/simfoniya.az\/ru\/wp-json\/wp\/v2\/collection?post=21992"},{"taxonomy":"brand","embeddable":true,"href":"https:\/\/simfoniya.az\/ru\/wp-json\/wp\/v2\/brand?post=21992"},{"taxonomy":"category_2","embeddable":true,"href":"https:\/\/simfoniya.az\/ru\/wp-json\/wp\/v2\/category_2?post=21992"},{"taxonomy":"catergory_brand","embeddable":true,"href":"https:\/\/simfoniya.az\/ru\/wp-json\/wp\/v2\/catergory_brand?post=21992"}],"curies":[{"name":"WP","href":"https:\/\/api.w.org\/{rel}","templated":true}]}}