{"id":22004,"date":"2024-07-30T05:27:29","date_gmt":"2024-07-30T05:27:29","guid":{"rendered":"https:\/\/simfoniya.az\/?post_type=product&#038;p=22004"},"modified":"2024-09-24T07:34:24","modified_gmt":"2024-09-24T07:34:24","slug":"simas-vasche-da-bagno-vanna-sifonu-bronz","status":"publish","type":"product","link":"https:\/\/simfoniya.az\/ru\/product\/simas-vasche-da-bagno-vanna-sifonu-bronz\/","title":{"rendered":"Simas Vasche da Bagno \/ \u0421\u0438\u0444\u043e\u043d \u0434\u043b\u044f \u0432\u0430\u043d\u043d\u044b \/ \u0411\u0440\u043e\u043d\u0437\u0430"},"content":{"rendered":"<div class=\"flex max-w-full flex-col flex-grow\">\n<div class=\"min-h-[20px] text-message flex w-full flex-col items-end gap-2 whitespace-normal break-words [.text-message+&amp;]:mt-5\" dir=\"auto\" data-message-author-role=\"assistant\" data-message-id=\"23b434d5-d1cb-4724-8497-25ba71bd6e5e\">\n<div class=\"flex w-full flex-col gap-1 empty:hidden first:pt-[3px]\">\n<div class=\"markdown prose w-full break-words dark:prose-invert light\">\n<p>Bu vanna ota\u011f\u0131 \u00fc\u00e7\u00fcn su drenaj sistemi, z\u0259rif v\u0259 funksional dizayn\u0131 il\u0259 diqq\u0259t \u00e7\u0259kir. A\u011f v\u0259 metal detallar\u0131n birl\u0259\u015fm\u0259si bu drenaj sistemin\u0259 m\u00fcasir v\u0259 s\u0259liq\u0259li bir g\u00f6r\u00fcn\u00fc\u015f verir. O, h\u0259m estetik, h\u0259m d\u0259 praktik bir h\u0259ll t\u0259klif edir, suyun s\u00fcr\u0259tli v\u0259 effektiv ax\u0131d\u0131lmas\u0131n\u0131 t\u0259min ed\u0259r\u0259k vanna ota\u011f\u0131n\u0131z\u0131n daha t\u0259miz v\u0259 quru qalmas\u0131na k\u00f6m\u0259k edir. Bu komponent, m\u00fcasir vanna otaqlar\u0131 \u00fc\u00e7\u00fcn m\u00fck\u0259mm\u0259l bir se\u00e7imdir, t\u0259mizl\u0259m\u0259ni asanla\u015fd\u0131r\u0131r v\u0259 uzunm\u00fcdd\u0259tli istifad\u0259 t\u0259min edir.<\/p>\n<\/div>\n<\/div>\n<\/div>\n<\/div>\n<div class=\"mb-2 flex gap-3 empty:hidden -ml-2\">\n<div class=\"items-center justify-start rounded-xl p-1 flex\">\n<div class=\"flex items-center\"><button class=\"rounded-lg text-token-text-secondary hover:bg-token-main-surface-secondary\" aria-label=\"Read aloud\" data-testid=\"voice-play-turn-action-button\"><\/button><button class=\"rounded-lg text-token-text-secondary hover:bg-token-main-surface-secondary\" aria-label=\"\u041a\u043e\u043f\u0438\u0440\u043e\u0432\u0430\u0442\u044c\" data-testid=\"copy-turn-action-button\"><\/button><\/p>\n<div class=\"flex\"><\/div>\n<div class=\"flex items-center pb-0\"><\/div>\n<\/div>\n<\/div>\n<\/div>\n","protected":false},"excerpt":{"rendered":"<p>Bu vanna ota\u011f\u0131 \u00fc\u00e7\u00fcn su drenaj sistemi, z\u0259rif v\u0259 funksional dizayn\u0131 il\u0259 diqq\u0259t \u00e7\u0259kir. A\u011f v\u0259 metal detallar\u0131n birl\u0259\u015fm\u0259si bu drenaj sistemin\u0259 m\u00fcasir v\u0259 s\u0259liq\u0259li bir g\u00f6r\u00fcn\u00fc\u015f verir. O, h\u0259m estetik, h\u0259m d\u0259 praktik bir h\u0259ll t\u0259klif edir, suyun s\u00fcr\u0259tli v\u0259 effektiv ax\u0131d\u0131lmas\u0131n\u0131 t\u0259min ed\u0259r\u0259k vanna ota\u011f\u0131n\u0131z\u0131n daha t\u0259miz v\u0259 quru qalmas\u0131na k\u00f6m\u0259k edir. Bu komponent, m\u00fcasir vanna otaqlar\u0131 \u00fc\u00e7\u00fcn\u2026<\/p>","protected":false},"featured_media":22003,"comment_status":"closed","ping_status":"closed","template":"","meta":[],"product_brand":[],"product_cat":[1493],"product_tag":[],"collection":[],"brand":[1454],"category_2":[],"catergory_brand":[],"class_list":{"0":"post-22004","1":"product","2":"type-product","3":"status-publish","4":"has-post-thumbnail","6":"product_cat-bathtub-drain","7":"brand-simas","9":"first","10":"instock","11":"shipping-taxable","12":"product-type-simple"},"_links":{"self":[{"href":"https:\/\/simfoniya.az\/ru\/wp-json\/wp\/v2\/product\/22004","targetHints":{"allow":["GET"]}}],"collection":[{"href":"https:\/\/simfoniya.az\/ru\/wp-json\/wp\/v2\/product"}],"about":[{"href":"https:\/\/simfoniya.az\/ru\/wp-json\/wp\/v2\/types\/product"}],"replies":[{"embeddable":true,"href":"https:\/\/simfoniya.az\/ru\/wp-json\/wp\/v2\/comments?post=22004"}],"wp:featuredmedia":[{"embeddable":true,"href":"https:\/\/simfoniya.az\/ru\/wp-json\/wp\/v2\/media\/22003"}],"wp:attachment":[{"href":"https:\/\/simfoniya.az\/ru\/wp-json\/wp\/v2\/media?parent=22004"}],"wp:term":[{"taxonomy":"product_brand","embeddable":true,"href":"https:\/\/simfoniya.az\/ru\/wp-json\/wp\/v2\/product_brand?post=22004"},{"taxonomy":"product_cat","embeddable":true,"href":"https:\/\/simfoniya.az\/ru\/wp-json\/wp\/v2\/product_cat?post=22004"},{"taxonomy":"product_tag","embeddable":true,"href":"https:\/\/simfoniya.az\/ru\/wp-json\/wp\/v2\/product_tag?post=22004"},{"taxonomy":"collection","embeddable":true,"href":"https:\/\/simfoniya.az\/ru\/wp-json\/wp\/v2\/collection?post=22004"},{"taxonomy":"brand","embeddable":true,"href":"https:\/\/simfoniya.az\/ru\/wp-json\/wp\/v2\/brand?post=22004"},{"taxonomy":"category_2","embeddable":true,"href":"https:\/\/simfoniya.az\/ru\/wp-json\/wp\/v2\/category_2?post=22004"},{"taxonomy":"catergory_brand","embeddable":true,"href":"https:\/\/simfoniya.az\/ru\/wp-json\/wp\/v2\/catergory_brand?post=22004"}],"curies":[{"name":"WP","href":"https:\/\/api.w.org\/{rel}","templated":true}]}}