{"id":22023,"date":"2024-07-30T06:39:34","date_gmt":"2024-07-30T06:39:34","guid":{"rendered":"https:\/\/simfoniya.az\/?post_type=product&#038;p=22023"},"modified":"2024-09-24T07:03:18","modified_gmt":"2024-09-24T07:03:18","slug":"simas-evolution-monoblok-bacok","status":"publish","type":"product","link":"https:\/\/simfoniya.az\/ru\/product\/simas-evolution-monoblok-bacok\/","title":{"rendered":"Simas Evolution \/ \u041c\u043e\u043d\u043e\u0431\u043b\u043e\u0447\u043d\u044b\u0439 \u0431\u0430\u0447\u043e\u043a"},"content":{"rendered":"<div class=\"flex-1 overflow-hidden\">\n<div class=\"h-full\">\n<div class=\"react-scroll-to-bottom--css-ycuum-79elbk h-full\">\n<div class=\"react-scroll-to-bottom--css-ycuum-1n7m0yu\">\n<div class=\"flex flex-col text-sm md:pb-9\">\n<article class=\"w-full text-token-text-primary focus-visible:outline-2 focus-visible:outline-offset-[-4px]\" dir=\"auto\" data-testid=\"conversation-turn-135\" data-scroll-anchor=\"true\">\n<div class=\"text-base py-[18px] px-3 md:px-4 m-auto w-full md:px-5 lg:px-4 xl:px-5\">\n<div class=\"mx-auto flex flex-1 gap-4 text-base md:gap-5 lg:gap-6 md:max-w-3xl lg:max-w-[40rem] xl:max-w-[48rem]\">\n<div class=\"group\/conversation-turn relative flex w-full min-w-0 flex-col agent-turn\">\n<div class=\"flex-col gap-1 md:gap-3\">\n<div class=\"flex max-w-full flex-col flex-grow\">\n<div class=\"min-h-[20px] text-message flex w-full flex-col items-end gap-2 whitespace-normal break-words [.text-message+&amp;]:mt-5\" dir=\"auto\" data-message-author-role=\"assistant\" data-message-id=\"75d93a1d-4df2-4364-890f-fbe547ea20bd\">\n<div class=\"flex w-full flex-col gap-1 empty:hidden first:pt-[3px]\">\n<div class=\"markdown prose w-full break-words dark:prose-invert light\">\n<p>Bu m\u00fcasir v\u0259 s\u0259liq\u0259li su qutusu, a\u011f keramikadan haz\u0131rlanm\u0131\u015fd\u0131r v\u0259 onun d\u00fcz v\u0259 sad\u0259 dizayn\u0131 h\u0259r hans\u0131 vanna ota\u011f\u0131na uy\u011funla\u015fd\u0131r\u0131la bil\u0259r. Minimalist dizayn\u0131 il\u0259 bu su qutusu, estetik c\u0259h\u0259td\u0259n g\u00f6z\u0259l g\u00f6r\u00fcn\u00fc\u015f\u0259 malikdir v\u0259 h\u0259m\u00e7inin funksional x\u00fcsusiyy\u0259tl\u0259r\u0259 sahibdir, su q\u0259na\u0259ti t\u0259min ed\u0259n effektiv flush sistemini daxil edir. Bu komponent, m\u00fcasir vanna otaqlar\u0131n\u0131n dizayn\u0131n\u0131 tamamlamaq \u00fc\u00e7\u00fcn m\u00fck\u0259mm\u0259l bir se\u00e7imdir.<\/p>\n<\/div>\n<\/div>\n<\/div>\n<\/div>\n<div class=\"mb-2 flex gap-3 empty:hidden -ml-2\">\n<div class=\"items-center justify-start rounded-xl p-1 flex\">\n<div class=\"flex items-center\"><button class=\"rounded-lg text-token-text-secondary hover:bg-token-main-surface-secondary\" aria-label=\"Read aloud\" data-testid=\"voice-play-turn-action-button\"><\/button><button class=\"rounded-lg text-token-text-secondary hover:bg-token-main-surface-secondary\" aria-label=\"\u041a\u043e\u043f\u0438\u0440\u043e\u0432\u0430\u0442\u044c\" data-testid=\"copy-turn-action-button\"><\/button><\/p>\n<div class=\"flex items-center pb-0\"><\/div>\n<\/div>\n<\/div>\n<\/div>\n<div class=\"pr-2 lg:pr-0\"><\/div>\n<div class=\"mt-3 w-full empty:hidden\">\n<div class=\"text-center\"><\/div>\n<\/div>\n<\/div>\n<div class=\"absolute\">\n<div class=\"flex items-center justify-center\"><\/div>\n<\/div>\n<\/div>\n<\/div>\n<\/div>\n<\/article>\n<\/div>\n<\/div>\n<\/div>\n<\/div>\n<\/div>\n<div class=\"md:pt-0 dark:border-white\/20 md:border-transparent md:dark:border-transparent w-full\">\n<div class=\"\">\n<div class=\"text-base px-3 md:px-4 m-auto w-full md:px-5 lg:px-4 xl:px-5\">\n<div class=\"mx-auto flex flex-1 gap-4 text-base md:gap-5 lg:gap-6 md:max-w-3xl lg:max-w-[40rem] xl:max-w-[48rem]\">\n<form class=\"w-full\" aria-haspopup=\"dialog\" aria-expanded=\"false\" aria-controls=\"radix-:r47:\" data-state=\"closed\">\n<div class=\"relative flex h-full max-w-full flex-1 flex-col\">\n<div class=\"absolute bottom-full left-0 right-0 z-20\"><\/div>\n<div class=\"group relative flex w-full items-center\">\n<div class=\"absolute bottom-16 space-y-2 z-20\"><\/div>\n<div class=\"flex w-full flex-col gap-1.5 rounded-[26px] p-1.5 transition-colors bg-[#f4f4f4] dark:bg-token-main-surface-secondary\">\n<div class=\"flex items-end gap-1.5 pl-4 md:gap-2\">\n<div class=\"-ml-2.5 flex\">\n<div class=\"relative\">\n<div class=\"relative\">\n<div class=\"flex flex-col\"><input class=\"hidden\" tabindex=\"-1\" multiple=\"multiple\" type=\"file\" \/><button id=\"radix-:r4d:\" class=\"text-token-text-primary border border-transparent inline-flex items-center justify-center gap-1 rounded-lg text-sm dark:transparent dark:bg-transparent leading-none outline-none cursor-pointer hover:bg-token-main-surface-secondary dark:hover:bg-token-main-surface-secondary focus-visible:bg-token-main-surface-secondary radix-state-active:text-token-text-secondary radix-disabled:cursor-auto radix-disabled:bg-transparent radix-disabled:text-token-text-tertiary dark:radix-disabled:bg-transparent m-0 h-0 w-0 border-none bg-transparent p-0\" type=\"button\" aria-haspopup=\"menu\" aria-expanded=\"false\" data-state=\"closed\"><\/button><button class=\"flex items-center justify-center h-8 w-8 rounded-full text-token-text-primary dark:text-white focus-visible:outline-black dark:focus-visible:outline-white mb-1\" aria-disabled=\"false\" aria-label=\"\u041f\u0440\u0438\u043a\u0440\u0435\u043f\u0438\u0442\u044c \u0444\u0430\u0439\u043b\u044b\"><\/button><\/p>\n<div aria-haspopup=\"dialog\" aria-expanded=\"false\" aria-controls=\"radix-:r4g:\" data-state=\"closed\"><\/div>\n<\/div>\n<\/div>\n<\/div>\n<\/div>\n<div class=\"flex min-w-0 flex-1 flex-col\">\n<div class=\"_prosemirror-parent_15ceg_1 text-token-text-primary max-h-[25dvh] max-h-52 overflow-auto default-browser\"><textarea class=\"block h-10 w-full resize-none border-0 bg-transparent px-0 py-2 text-token-text-primary placeholder:text-token-text-secondary\" placeholder=\"\u0421\u043e\u043e\u0431\u0449\u0438\u0442\u044c ChatGPT\"><\/textarea><script>requestAnimationFrame((function(){window.__oai_logTTI?window.__oai_logTTI():window.__oai_SSR_TTI=window.__oai_SSR_TTI??Date.now()}))<\/script><\/p>\n<div id=\"prompt-textarea\" class=\"ProseMirror\" contenteditable=\"true\" translate=\"no\"><\/div>\n<\/div>\n<\/div>\n<\/div>\n<\/div>\n<\/div>\n<\/div>\n<\/form>\n<\/div>\n<\/div>\n<\/div>\n<\/div>\n","protected":false},"excerpt":{"rendered":"<p>\u042d\u0442\u043e\u0442 \u0441\u043e\u0432\u0440\u0435\u043c\u0435\u043d\u043d\u044b\u0439 \u0438 \u044d\u043b\u0435\u0433\u0430\u043d\u0442\u043d\u044b\u0439 \u0440\u0435\u0437\u0435\u0440\u0432\u0443\u0430\u0440 \u0434\u043b\u044f \u0432\u043e\u0434\u044b \u0438\u0437\u0433\u043e\u0442\u043e\u0432\u043b\u0435\u043d \u0438\u0437 \u0431\u0435\u043b\u043e\u0439 \u043a\u0435\u0440\u0430\u043c\u0438\u043a\u0438, \u0430 \u0435\u0433\u043e \u043f\u043b\u043e\u0441\u043a\u0438\u0439 \u0438 \u043f\u0440\u043e\u0441\u0442\u043e\u0439 \u0434\u0438\u0437\u0430\u0439\u043d \u043c\u043e\u0436\u043d\u043e \u0430\u0434\u0430\u043f\u0442\u0438\u0440\u043e\u0432\u0430\u0442\u044c \u043a \u043b\u044e\u0431\u043e\u0439 \u0432\u0430\u043d\u043d\u043e\u0439 \u043a\u043e\u043c\u043d\u0430\u0442\u0435. \u0411\u043b\u0430\u0433\u043e\u0434\u0430\u0440\u044f \u043c\u0438\u043d\u0438\u043c\u0430\u043b\u0438\u0441\u0442\u0438\u0447\u043d\u043e\u043c\u0443 \u0434\u0438\u0437\u0430\u0439\u043d\u0443 \u044d\u0442\u043e\u0442 \u0440\u0435\u0437\u0435\u0440\u0432\u0443\u0430\u0440 \u0434\u043b\u044f \u0432\u043e\u0434\u044b \u044d\u0441\u0442\u0435\u0442\u0438\u0447\u0435\u043d, \u0430 \u0442\u0430\u043a\u0436\u0435 \u0438\u043c\u0435\u0435\u0442 \u0444\u0443\u043d\u043a\u0446\u0438\u043e\u043d\u0430\u043b\u044c\u043d\u044b\u0435 \u043e\u0441\u043e\u0431\u0435\u043d\u043d\u043e\u0441\u0442\u0438, \u0432 \u0442\u043e\u043c \u0447\u0438\u0441\u043b\u0435 \u044d\u0444\u0444\u0435\u043a\u0442\u0438\u0432\u043d\u0443\u044e \u0441\u0438\u0441\u0442\u0435\u043c\u0443 \u0441\u043c\u044b\u0432\u0430, \u043f\u043e\u0437\u0432\u043e\u043b\u044f\u044e\u0449\u0443\u044e \u044d\u043a\u043e\u043d\u043e\u043c\u0438\u0442\u044c \u0432\u043e\u0434\u0443. \u042d\u0442\u043e\u0442 \u043a\u043e\u043c\u043f\u043e\u043d\u0435\u043d\u0442 \u044f\u0432\u043b\u044f\u0435\u0442\u0441\u044f \u0438\u0434\u0435\u0430\u043b\u044c\u043d\u044b\u043c \u0432\u044b\u0431\u043e\u0440\u043e\u043c \u0434\u043b\u044f \u0437\u0430\u0432\u0435\u0440\u0448\u0435\u043d\u0438\u044f \u0434\u0438\u0437\u0430\u0439\u043d\u0430 \u0441\u043e\u0432\u0440\u0435\u043c\u0435\u043d\u043d\u043e\u0439 \u0432\u0430\u043d\u043d\u043e\u0439 \u043a\u043e\u043c\u043d\u0430\u0442\u044b.<\/p>","protected":false},"featured_media":22024,"comment_status":"closed","ping_status":"closed","template":"","meta":[],"product_brand":[],"product_cat":[408],"product_tag":[],"collection":[],"brand":[1454],"category_2":[],"catergory_brand":[],"class_list":{"0":"post-22023","1":"product","2":"type-product","3":"status-publish","4":"has-post-thumbnail","6":"product_cat-toilets","7":"brand-simas","9":"first","10":"instock","11":"shipping-taxable","12":"product-type-simple"},"_links":{"self":[{"href":"https:\/\/simfoniya.az\/ru\/wp-json\/wp\/v2\/product\/22023","targetHints":{"allow":["GET"]}}],"collection":[{"href":"https:\/\/simfoniya.az\/ru\/wp-json\/wp\/v2\/product"}],"about":[{"href":"https:\/\/simfoniya.az\/ru\/wp-json\/wp\/v2\/types\/product"}],"replies":[{"embeddable":true,"href":"https:\/\/simfoniya.az\/ru\/wp-json\/wp\/v2\/comments?post=22023"}],"wp:featuredmedia":[{"embeddable":true,"href":"https:\/\/simfoniya.az\/ru\/wp-json\/wp\/v2\/media\/22024"}],"wp:attachment":[{"href":"https:\/\/simfoniya.az\/ru\/wp-json\/wp\/v2\/media?parent=22023"}],"wp:term":[{"taxonomy":"product_brand","embeddable":true,"href":"https:\/\/simfoniya.az\/ru\/wp-json\/wp\/v2\/product_brand?post=22023"},{"taxonomy":"product_cat","embeddable":true,"href":"https:\/\/simfoniya.az\/ru\/wp-json\/wp\/v2\/product_cat?post=22023"},{"taxonomy":"product_tag","embeddable":true,"href":"https:\/\/simfoniya.az\/ru\/wp-json\/wp\/v2\/product_tag?post=22023"},{"taxonomy":"collection","embeddable":true,"href":"https:\/\/simfoniya.az\/ru\/wp-json\/wp\/v2\/collection?post=22023"},{"taxonomy":"brand","embeddable":true,"href":"https:\/\/simfoniya.az\/ru\/wp-json\/wp\/v2\/brand?post=22023"},{"taxonomy":"category_2","embeddable":true,"href":"https:\/\/simfoniya.az\/ru\/wp-json\/wp\/v2\/category_2?post=22023"},{"taxonomy":"catergory_brand","embeddable":true,"href":"https:\/\/simfoniya.az\/ru\/wp-json\/wp\/v2\/catergory_brand?post=22023"}],"curies":[{"name":"WP","href":"https:\/\/api.w.org\/{rel}","templated":true}]}}