{"id":22040,"date":"2024-07-30T09:53:11","date_gmt":"2024-07-30T09:53:11","guid":{"rendered":"https:\/\/simfoniya.az\/?post_type=product&#038;p=22040"},"modified":"2024-09-23T12:42:10","modified_gmt":"2024-09-23T12:42:10","slug":"simas-arcade-eylecli-unitaz-qapagi-qizili-taxtali","status":"publish","type":"product","link":"https:\/\/simfoniya.az\/ru\/product\/simas-arcade-eylecli-unitaz-qapagi-qizili-taxtali\/","title":{"rendered":"Simas Arcade \/ \u041a\u0440\u044b\u0448\u043a\u0430 \u0443\u043d\u0438\u0442\u0430\u0437\u0430 \/ \u0417\u043e\u043b\u043e\u0442\u043e\u0439"},"content":{"rendered":"<div class=\"flex-shrink-0 flex flex-col relative items-end\">\n<div class=\"pt-0\">\n<div class=\"gizmo-bot-avatar flex h-8 w-8 items-center justify-center overflow-hidden rounded-full\">\n<div class=\"relative p-1 rounded-sm flex items-center justify-center bg-token-main-surface-primary text-token-text-primary h-8 w-8\">\n<div class=\"flex max-w-full flex-col flex-grow\">\n<div class=\"min-h-[20px] text-message flex w-full flex-col items-end gap-2 whitespace-normal break-words [.text-message+&amp;]:mt-5\" dir=\"auto\" data-message-author-role=\"assistant\" data-message-id=\"9d368388-b27a-49ec-8669-998e60b2d629\">\n<div class=\"flex w-full flex-col gap-1 empty:hidden first:pt-[3px]\">\n<div class=\"markdown prose w-full break-words dark:prose-invert light\">\n<p>Bu taxta tualet otura\u011f\u0131, isti v\u0259 t\u0259bii g\u00f6r\u00fcn\u00fc\u015f\u00fc il\u0259 se\u00e7ilir. Q\u0259hv\u0259yi r\u0259ngi v\u0259 taxta material\u0131, istifad\u0259\u00e7il\u0259r\u0259 h\u0259m rahatl\u0131q, h\u0259m d\u0259 vanna ota\u011f\u0131na t\u0259bii bir toxunu\u015f \u0259lav\u0259 edir. Bu oturaq, x\u00fcsusil\u0259 rustik v\u0259 ya q\u0259dim \u00fcslublu vanna otaqlar\u0131 \u00fc\u00e7\u00fcn ideald\u0131r, \u00e7\u00fcnki o, istilik v\u0259 z\u0259riflik hissi yarad\u0131r.<\/p>\n<\/div>\n<\/div>\n<\/div>\n<\/div>\n<\/div>\n<\/div>\n<\/div>\n<\/div>\n","protected":false},"excerpt":{"rendered":"<p>\u042d\u0442\u043e \u0434\u0435\u0440\u0435\u0432\u044f\u043d\u043d\u043e\u0435 \u0441\u0438\u0434\u0435\u043d\u044c\u0435 \u0434\u043b\u044f \u0443\u043d\u0438\u0442\u0430\u0437\u0430 \u043e\u0442\u043b\u0438\u0447\u0430\u0435\u0442\u0441\u044f \u0441\u0432\u043e\u0438\u043c \u0442\u0435\u043f\u043b\u044b\u043c \u0438 \u0435\u0441\u0442\u0435\u0441\u0442\u0432\u0435\u043d\u043d\u044b\u043c \u0432\u0438\u0434\u043e\u043c. \u041a\u043e\u0440\u0438\u0447\u043d\u0435\u0432\u044b\u0439 \u0446\u0432\u0435\u0442 \u0438 \u0434\u0440\u0435\u0432\u0435\u0441\u043d\u044b\u0439 \u043c\u0430\u0442\u0435\u0440\u0438\u0430\u043b \u0434\u043e\u0431\u0430\u0432\u043b\u044f\u044e\u0442 \u043a\u043e\u043c\u0444\u043e\u0440\u0442\u0430 \u043f\u043e\u043b\u044c\u0437\u043e\u0432\u0430\u0442\u0435\u043b\u044f\u043c \u0438 \u043f\u0440\u0438\u0434\u0430\u044e\u0442 \u0432\u0430\u043d\u043d\u043e\u0439 \u043a\u043e\u043c\u043d\u0430\u0442\u0435 \u0435\u0441\u0442\u0435\u0441\u0442\u0432\u0435\u043d\u043d\u044b\u0439 \u0432\u0438\u0434. \u042d\u0442\u043e \u0441\u0438\u0434\u0435\u043d\u044c\u0435 \u043e\u0441\u043e\u0431\u0435\u043d\u043d\u043e \u0438\u0434\u0435\u0430\u043b\u044c\u043d\u043e \u043f\u043e\u0434\u0445\u043e\u0434\u0438\u0442 \u0434\u043b\u044f \u0432\u0430\u043d\u043d\u044b\u0445 \u043a\u043e\u043c\u043d\u0430\u0442 \u0432 \u0434\u0435\u0440\u0435\u0432\u0435\u043d\u0441\u043a\u043e\u043c \u0438\u043b\u0438 \u0430\u043d\u0442\u0438\u043a\u0432\u0430\u0440\u043d\u043e\u043c \u0441\u0442\u0438\u043b\u0435, \u043f\u043e\u0441\u043a\u043e\u043b\u044c\u043a\u0443 \u0441\u043e\u0437\u0434\u0430\u0435\u0442 \u043e\u0449\u0443\u0449\u0435\u043d\u0438\u0435 \u0442\u0435\u043f\u043b\u0430 \u0438 \u044d\u043b\u0435\u0433\u0430\u043d\u0442\u043d\u043e\u0441\u0442\u0438.<\/p>","protected":false},"featured_media":22041,"comment_status":"closed","ping_status":"closed","template":"","meta":[],"product_brand":[],"product_cat":[1458],"product_tag":[],"collection":[],"brand":[1454],"category_2":[],"catergory_brand":[],"class_list":{"0":"post-22040","1":"product","2":"type-product","3":"status-publish","4":"has-post-thumbnail","6":"product_cat-toilet-cover-and-seats","7":"brand-simas","9":"first","10":"instock","11":"shipping-taxable","12":"product-type-simple"},"_links":{"self":[{"href":"https:\/\/simfoniya.az\/ru\/wp-json\/wp\/v2\/product\/22040","targetHints":{"allow":["GET"]}}],"collection":[{"href":"https:\/\/simfoniya.az\/ru\/wp-json\/wp\/v2\/product"}],"about":[{"href":"https:\/\/simfoniya.az\/ru\/wp-json\/wp\/v2\/types\/product"}],"replies":[{"embeddable":true,"href":"https:\/\/simfoniya.az\/ru\/wp-json\/wp\/v2\/comments?post=22040"}],"wp:featuredmedia":[{"embeddable":true,"href":"https:\/\/simfoniya.az\/ru\/wp-json\/wp\/v2\/media\/22041"}],"wp:attachment":[{"href":"https:\/\/simfoniya.az\/ru\/wp-json\/wp\/v2\/media?parent=22040"}],"wp:term":[{"taxonomy":"product_brand","embeddable":true,"href":"https:\/\/simfoniya.az\/ru\/wp-json\/wp\/v2\/product_brand?post=22040"},{"taxonomy":"product_cat","embeddable":true,"href":"https:\/\/simfoniya.az\/ru\/wp-json\/wp\/v2\/product_cat?post=22040"},{"taxonomy":"product_tag","embeddable":true,"href":"https:\/\/simfoniya.az\/ru\/wp-json\/wp\/v2\/product_tag?post=22040"},{"taxonomy":"collection","embeddable":true,"href":"https:\/\/simfoniya.az\/ru\/wp-json\/wp\/v2\/collection?post=22040"},{"taxonomy":"brand","embeddable":true,"href":"https:\/\/simfoniya.az\/ru\/wp-json\/wp\/v2\/brand?post=22040"},{"taxonomy":"category_2","embeddable":true,"href":"https:\/\/simfoniya.az\/ru\/wp-json\/wp\/v2\/category_2?post=22040"},{"taxonomy":"catergory_brand","embeddable":true,"href":"https:\/\/simfoniya.az\/ru\/wp-json\/wp\/v2\/catergory_brand?post=22040"}],"curies":[{"name":"WP","href":"https:\/\/api.w.org\/{rel}","templated":true}]}}