{"id":22046,"date":"2024-07-30T10:10:03","date_gmt":"2024-07-30T10:10:03","guid":{"rendered":"https:\/\/simfoniya.az\/?post_type=product&#038;p=22046"},"modified":"2024-09-23T12:33:17","modified_gmt":"2024-09-23T12:33:17","slug":"simas-arcade-bacok","status":"publish","type":"product","link":"https:\/\/simfoniya.az\/ru\/product\/simas-arcade-bacok\/","title":{"rendered":"\u0421\u0438\u043c\u0430\u0441 \u0410\u0440\u043a\u0430\u0434\u0430 \/ \u0411\u0430\u0447\u043e\u043a"},"content":{"rendered":"<div class=\"content user-select-text\" tabindex=\"0\" aria-description=\"\" aria-label=\"Sent by Copilot: Upgrade your bathroom with the SIMAS ARCADE WC MONOBLOCCO! This close-coupled toilet combines timeless elegance with modern efficiency. Crafted from high-quality materials, it ensures durability and a sleek, classic look. Imagine the sophistication it brings to your space, enhancing both style and functionality. Transform your bathroom into a luxurious retreat with this essential addition. Don't miss out on the perfect blend of beauty and practicality. Order now and experience the ultimate in bathroom luxury!\">\n<div class=\"ac-container ac-adaptiveCard has-image\">\n<div class=\"ac-textBlock\">\n<div class=\"flex-1 overflow-hidden\">\n<div class=\"h-full\">\n<div class=\"react-scroll-to-bottom--css-wnxmz-79elbk h-full\">\n<div class=\"react-scroll-to-bottom--css-wnxmz-1n7m0yu\">\n<div class=\"flex flex-col text-sm md:pb-9\">\n<article class=\"w-full text-token-text-primary focus-visible:outline-2 focus-visible:outline-offset-[-4px]\" dir=\"auto\" data-testid=\"conversation-turn-119\" data-scroll-anchor=\"true\">\n<div class=\"text-base py-[18px] px-3 md:px-4 m-auto w-full md:px-5 lg:px-4 xl:px-5\">\n<div class=\"mx-auto flex flex-1 gap-4 text-base md:gap-5 lg:gap-6 md:max-w-3xl lg:max-w-[40rem] xl:max-w-[48rem]\">\n<div class=\"group\/conversation-turn relative flex w-full min-w-0 flex-col agent-turn\">\n<div class=\"flex-col gap-1 md:gap-3\">\n<div class=\"flex max-w-full flex-col flex-grow\">\n<div class=\"min-h-[20px] text-message flex w-full flex-col items-end gap-2 whitespace-normal break-words [.text-message+&amp;]:mt-5\" dir=\"auto\" data-message-author-role=\"assistant\" data-message-id=\"8aad0d12-6832-4a22-8a34-568daa0d0ea9\">\n<div class=\"flex w-full flex-col gap-1 empty:hidden first:pt-[3px]\">\n<div class=\"markdown prose w-full break-words dark:prose-invert light\">\n<p>Bu tualetin su qutusu, m\u00fcasir v\u0259 kompakt dizayn\u0131 il\u0259 diqq\u0259t \u00e7\u0259kir. A\u011f rengi h\u0259r hans\u0131 vanna ota\u011f\u0131na t\u0259miz v\u0259 s\u0259liq\u0259li bir g\u00f6r\u00fcn\u00fc\u015f \u0259lav\u0259 edir. Su qutusunun d\u00fcz x\u0259tl\u0259ri v\u0259 sad\u0259 formalar\u0131 onu m\u00fcasir v\u0259 zaman\u0131n t\u0259l\u0259bl\u0259rin\u0259 uy\u011fun edir, h\u0259m\u00e7inin montaj\u0131 v\u0259 t\u0259mizl\u0259nm\u0259si asan olmas\u0131n\u0131 t\u0259min edir. Bu su qutusu, h\u0259m funksional, h\u0259m d\u0259 estetik bax\u0131mdan h\u0259r hans\u0131 vanna ota\u011f\u0131na uy\u011funla\u015fma qabiliyy\u0259tin\u0259 malikdir.<\/p>\n<\/div>\n<\/div>\n<\/div>\n<\/div>\n<div class=\"mb-2 flex gap-3 empty:hidden -ml-2\">\n<div class=\"items-center justify-start rounded-xl p-1 flex\">\n<div class=\"flex items-center\">\n<p>&nbsp;<\/p>\n<div class=\"flex\"><\/div>\n<\/div>\n<\/div>\n<\/div>\n<div class=\"pr-2 lg:pr-0\"><\/div>\n<div class=\"mt-3 w-full empty:hidden\">\n<div class=\"text-center\"><\/div>\n<\/div>\n<\/div>\n<div class=\"absolute\">\n<div class=\"flex items-center justify-center\"><\/div>\n<\/div>\n<\/div>\n<\/div>\n<\/div>\n<\/article>\n<\/div>\n<\/div>\n<\/div>\n<\/div>\n<\/div>\n<div class=\"md:pt-0 dark:border-white\/20 md:border-transparent md:dark:border-transparent w-full\">\n<div class=\"\">\n<div class=\"text-base px-3 md:px-4 m-auto w-full md:px-5 lg:px-4 xl:px-5\">\n<div class=\"mx-auto flex flex-1 gap-4 text-base md:gap-5 lg:gap-6 md:max-w-3xl lg:max-w-[40rem] xl:max-w-[48rem]\">\n<form class=\"w-full\" aria-haspopup=\"dialog\" aria-expanded=\"false\" aria-controls=\"radix-:ro8:\" data-state=\"closed\">\n<div class=\"relative flex h-full max-w-full flex-1 flex-col\">\n<div class=\"absolute bottom-full left-0 right-0 z-20\"><\/div>\n<div class=\"group relative flex w-full items-center\">\n<div class=\"absolute bottom-16 space-y-2 z-20\"><\/div>\n<div class=\"flex w-full flex-col gap-1.5 rounded-[26px] p-1.5 transition-colors bg-[#f4f4f4] dark:bg-token-main-surface-secondary\">\n<div class=\"flex items-end gap-1.5 pl-4 md:gap-2\">\n<div class=\"-ml-2.5 flex\">\n<div class=\"relative\">\n<div class=\"relative\">\n<div class=\"flex flex-col\">\n<p><input class=\"hidden\" tabindex=\"-1\" multiple=\"multiple\" type=\"file\" \/><button id=\"radix-:roe:\" class=\"text-token-text-primary border border-transparent inline-flex items-center justify-center gap-1 rounded-lg text-sm dark:transparent dark:bg-transparent leading-none outline-none cursor-pointer hover:bg-token-main-surface-secondary dark:hover:bg-token-main-surface-secondary focus-visible:bg-token-main-surface-secondary radix-state-active:text-token-text-secondary radix-disabled:cursor-auto radix-disabled:bg-transparent radix-disabled:text-token-text-tertiary dark:radix-disabled:bg-transparent m-0 h-0 w-0 border-none bg-transparent p-0\" type=\"button\" aria-haspopup=\"menu\" aria-expanded=\"false\" data-state=\"closed\"><\/button><button class=\"flex items-center justify-center h-8 w-8 rounded-full text-token-text-primary dark:text-white focus-visible:outline-black dark:focus-visible:outline-white mb-1\" aria-disabled=\"false\" aria-label=\"\u041f\u0440\u0438\u043a\u0440\u0435\u043f\u0438\u0442\u044c \u0444\u0430\u0439\u043b\u044b\"><\/button><\/p>\n<div aria-haspopup=\"dialog\" aria-expanded=\"false\" aria-controls=\"radix-:roh:\" data-state=\"closed\"><\/div>\n<\/div>\n<\/div>\n<\/div>\n<\/div>\n<div class=\"flex min-w-0 flex-1 flex-col\">\n<div class=\"_prosemirror-parent_15ceg_1 text-token-text-primary max-h-[25dvh] max-h-52 overflow-auto default-browser\">\n<p><textarea class=\"block h-10 w-full resize-none border-0 bg-transparent px-0 py-2 text-token-text-primary placeholder:text-token-text-secondary\" placeholder=\"\u0421\u043e\u043e\u0431\u0449\u0438\u0442\u044c ChatGPT\"><\/textarea><script>requestAnimationFrame((function(){window.__oai_logTTI?window.__oai_logTTI():window.__oai_SSR_TTI=window.__oai_SSR_TTI??Date.now()}))<\/script><\/p>\n<div id=\"prompt-textarea\" class=\"ProseMirror\" contenteditable=\"true\" translate=\"no\"><\/div>\n<\/div>\n<\/div>\n<\/div>\n<\/div>\n<\/div>\n<\/div>\n<\/form>\n<\/div>\n<\/div>\n<\/div>\n<\/div>\n<\/div>\n<\/div>\n<\/div>\n","protected":false},"excerpt":{"rendered":"<p>Bu tualetin su qutusu, m\u00fcasir v\u0259 kompakt dizayn\u0131 il\u0259 diqq\u0259t \u00e7\u0259kir. A\u011f rengi h\u0259r hans\u0131 vanna ota\u011f\u0131na t\u0259miz v\u0259 s\u0259liq\u0259li bir g\u00f6r\u00fcn\u00fc\u015f \u0259lav\u0259 edir. Su qutusunun d\u00fcz x\u0259tl\u0259ri v\u0259 sad\u0259 formalar\u0131 onu m\u00fcasir v\u0259 zaman\u0131n t\u0259l\u0259bl\u0259rin\u0259 uy\u011fun edir, h\u0259m\u00e7inin montaj\u0131 v\u0259 t\u0259mizl\u0259nm\u0259si asan olmas\u0131n\u0131 t\u0259min edir. Bu su qutusu, h\u0259m funksional, h\u0259m d\u0259 estetik bax\u0131mdan h\u0259r hans\u0131 vanna ota\u011f\u0131na uy\u011funla\u015fma\u2026<\/p>","protected":false},"featured_media":22047,"comment_status":"closed","ping_status":"closed","template":"","meta":[],"product_brand":[],"product_cat":[408],"product_tag":[],"collection":[],"brand":[1454],"category_2":[],"catergory_brand":[],"class_list":{"0":"post-22046","1":"product","2":"type-product","3":"status-publish","4":"has-post-thumbnail","6":"product_cat-toilets","7":"brand-simas","9":"first","10":"instock","11":"shipping-taxable","12":"product-type-simple"},"_links":{"self":[{"href":"https:\/\/simfoniya.az\/ru\/wp-json\/wp\/v2\/product\/22046","targetHints":{"allow":["GET"]}}],"collection":[{"href":"https:\/\/simfoniya.az\/ru\/wp-json\/wp\/v2\/product"}],"about":[{"href":"https:\/\/simfoniya.az\/ru\/wp-json\/wp\/v2\/types\/product"}],"replies":[{"embeddable":true,"href":"https:\/\/simfoniya.az\/ru\/wp-json\/wp\/v2\/comments?post=22046"}],"wp:featuredmedia":[{"embeddable":true,"href":"https:\/\/simfoniya.az\/ru\/wp-json\/wp\/v2\/media\/22047"}],"wp:attachment":[{"href":"https:\/\/simfoniya.az\/ru\/wp-json\/wp\/v2\/media?parent=22046"}],"wp:term":[{"taxonomy":"product_brand","embeddable":true,"href":"https:\/\/simfoniya.az\/ru\/wp-json\/wp\/v2\/product_brand?post=22046"},{"taxonomy":"product_cat","embeddable":true,"href":"https:\/\/simfoniya.az\/ru\/wp-json\/wp\/v2\/product_cat?post=22046"},{"taxonomy":"product_tag","embeddable":true,"href":"https:\/\/simfoniya.az\/ru\/wp-json\/wp\/v2\/product_tag?post=22046"},{"taxonomy":"collection","embeddable":true,"href":"https:\/\/simfoniya.az\/ru\/wp-json\/wp\/v2\/collection?post=22046"},{"taxonomy":"brand","embeddable":true,"href":"https:\/\/simfoniya.az\/ru\/wp-json\/wp\/v2\/brand?post=22046"},{"taxonomy":"category_2","embeddable":true,"href":"https:\/\/simfoniya.az\/ru\/wp-json\/wp\/v2\/category_2?post=22046"},{"taxonomy":"catergory_brand","embeddable":true,"href":"https:\/\/simfoniya.az\/ru\/wp-json\/wp\/v2\/catergory_brand?post=22046"}],"curies":[{"name":"WP","href":"https:\/\/api.w.org\/{rel}","templated":true}]}}