{"id":22101,"date":"2024-07-31T05:06:51","date_gmt":"2024-07-31T05:06:51","guid":{"rendered":"https:\/\/simfoniya.az\/?post_type=product&#038;p=22101"},"modified":"2024-09-23T11:58:26","modified_gmt":"2024-09-23T11:58:26","slug":"il-tempo-ante-2230-guzgu","status":"publish","type":"product","link":"https:\/\/simfoniya.az\/ru\/product\/il-tempo-ante-2230-guzgu\/","title":{"rendered":"IL Tempo Ante \/ \u0417\u0435\u0440\u043a\u0430\u043b\u043e"},"content":{"rendered":"<div class=\"flex max-w-full flex-col flex-grow\">\n<div class=\"min-h-[20px] text-message flex w-full flex-col items-end gap-2 whitespace-normal break-words [.text-message+&amp;]:mt-5\" dir=\"auto\" data-message-author-role=\"assistant\" data-message-id=\"0b64e93e-67f1-4316-a8f6-0d6b0bac68c7\">\n<div class=\"flex w-full flex-col gap-1 empty:hidden first:pt-[3px]\">\n<div class=\"markdown prose w-full break-words dark:prose-invert light\">\n<p>Bu d\u0259bli v\u0259 x\u00fcsusi dizaynl\u0131 g\u00fczg\u00fc, vanna ota\u011f\u0131n\u0131za d\u0259rinlik v\u0259 xarakter \u0259lav\u0259 edir. \u018fyri x\u0259tl\u0259r v\u0259 z\u0259rif \u00e7\u0259r\u00e7iv\u0259 dizayn\u0131 il\u0259 bu g\u00fczg\u00fc, klassik v\u0259 m\u00fcasir elementl\u0259ri birl\u0259\u015fdirir. \u0130\u015f\u0131qlar daxil edilmi\u015fdir ki, bu da makiyaj etm\u0259k v\u0259 ya \u00fcz\u00fcn\u00fcz\u0259 qulluq etm\u0259k \u00fc\u00e7\u00fcn ideal i\u015f\u0131qland\u0131rma t\u0259min edir. Bu g\u00f6z\u0259l \u0259\u015fya h\u0259m praktik, h\u0259m d\u0259 dekorativ funksiyalar\u0131 il\u0259 diqq\u0259t \u00e7\u0259kir v\u0259 h\u0259r hans\u0131 interyer\u0259 \u015f\u0131k bir toxunu\u015f \u0259lav\u0259 edir.<\/p>\n<\/div>\n<\/div>\n<\/div>\n<\/div>\n<div class=\"mb-2 flex gap-3 empty:hidden -ml-2\">\n<div class=\"items-center justify-start rounded-xl p-1 z-10 -mt-1 bg-token-main-surface-primary md:absolute md:sr-only\">\n<div class=\"flex items-center\"><button class=\"rounded-lg text-token-text-secondary hover:bg-token-main-surface-secondary\" aria-label=\"Read aloud\" data-testid=\"voice-play-turn-action-button\"><\/button><button class=\"rounded-lg text-token-text-secondary hover:bg-token-main-surface-secondary\" aria-label=\"\u041a\u043e\u043f\u0438\u0440\u043e\u0432\u0430\u0442\u044c\" data-testid=\"copy-turn-action-button\"><\/button><\/p>\n<div class=\"flex\"><\/div>\n<div class=\"flex items-center pb-0\"><\/div>\n<\/div>\n<\/div>\n<\/div>\n","protected":false},"excerpt":{"rendered":"<p>Bu d\u0259bli v\u0259 x\u00fcsusi dizaynl\u0131 g\u00fczg\u00fc, vanna ota\u011f\u0131n\u0131za d\u0259rinlik v\u0259 xarakter \u0259lav\u0259 edir. \u018fyri x\u0259tl\u0259r v\u0259 z\u0259rif \u00e7\u0259r\u00e7iv\u0259 dizayn\u0131 il\u0259 bu g\u00fczg\u00fc, klassik v\u0259 m\u00fcasir elementl\u0259ri birl\u0259\u015fdirir. \u0130\u015f\u0131qlar daxil edilmi\u015fdir ki, bu da makiyaj etm\u0259k v\u0259 ya \u00fcz\u00fcn\u00fcz\u0259 qulluq etm\u0259k \u00fc\u00e7\u00fcn ideal i\u015f\u0131qland\u0131rma t\u0259min edir. Bu g\u00f6z\u0259l \u0259\u015fya h\u0259m praktik, h\u0259m d\u0259 dekorativ funksiyalar\u0131 il\u0259 diqq\u0259t \u00e7\u0259kir v\u0259 h\u0259r hans\u0131\u2026<\/p>","protected":false},"featured_media":22928,"comment_status":"closed","ping_status":"closed","template":"","meta":[],"product_brand":[],"product_cat":[426],"product_tag":[],"collection":[],"brand":[1505],"category_2":[],"catergory_brand":[],"class_list":{"0":"post-22101","1":"product","2":"type-product","3":"status-publish","4":"has-post-thumbnail","6":"product_cat-makeup-mirrors","7":"brand-il-tempo","9":"first","10":"instock","11":"shipping-taxable","12":"product-type-simple"},"_links":{"self":[{"href":"https:\/\/simfoniya.az\/ru\/wp-json\/wp\/v2\/product\/22101","targetHints":{"allow":["GET"]}}],"collection":[{"href":"https:\/\/simfoniya.az\/ru\/wp-json\/wp\/v2\/product"}],"about":[{"href":"https:\/\/simfoniya.az\/ru\/wp-json\/wp\/v2\/types\/product"}],"replies":[{"embeddable":true,"href":"https:\/\/simfoniya.az\/ru\/wp-json\/wp\/v2\/comments?post=22101"}],"wp:featuredmedia":[{"embeddable":true,"href":"https:\/\/simfoniya.az\/ru\/wp-json\/wp\/v2\/media\/22928"}],"wp:attachment":[{"href":"https:\/\/simfoniya.az\/ru\/wp-json\/wp\/v2\/media?parent=22101"}],"wp:term":[{"taxonomy":"product_brand","embeddable":true,"href":"https:\/\/simfoniya.az\/ru\/wp-json\/wp\/v2\/product_brand?post=22101"},{"taxonomy":"product_cat","embeddable":true,"href":"https:\/\/simfoniya.az\/ru\/wp-json\/wp\/v2\/product_cat?post=22101"},{"taxonomy":"product_tag","embeddable":true,"href":"https:\/\/simfoniya.az\/ru\/wp-json\/wp\/v2\/product_tag?post=22101"},{"taxonomy":"collection","embeddable":true,"href":"https:\/\/simfoniya.az\/ru\/wp-json\/wp\/v2\/collection?post=22101"},{"taxonomy":"brand","embeddable":true,"href":"https:\/\/simfoniya.az\/ru\/wp-json\/wp\/v2\/brand?post=22101"},{"taxonomy":"category_2","embeddable":true,"href":"https:\/\/simfoniya.az\/ru\/wp-json\/wp\/v2\/category_2?post=22101"},{"taxonomy":"catergory_brand","embeddable":true,"href":"https:\/\/simfoniya.az\/ru\/wp-json\/wp\/v2\/catergory_brand?post=22101"}],"curies":[{"name":"WP","href":"https:\/\/api.w.org\/{rel}","templated":true}]}}