{"id":22189,"date":"2024-08-01T07:53:09","date_gmt":"2024-08-01T07:53:09","guid":{"rendered":"https:\/\/simfoniya.az\/?post_type=product&#038;p=22189"},"modified":"2024-09-23T08:52:21","modified_gmt":"2024-09-23T08:52:21","slug":"kerama-atria-geberit-duofix-smart-instalyaciya","status":"publish","type":"product","link":"https:\/\/simfoniya.az\/ru\/product\/kerama-atria-geberit-duofix-smart-instalyaciya\/","title":{"rendered":"Kerama Atria \/ \u0423\u043c\u043d\u0430\u044f \u0443\u0441\u0442\u0430\u043d\u043e\u0432\u043a\u0430"},"content":{"rendered":"<div class=\"flex max-w-full flex-col flex-grow\">\n<div class=\"min-h-[20px] text-message flex w-full flex-col items-end gap-2 whitespace-normal break-words [.text-message+&amp;]:mt-5\" dir=\"auto\" data-message-author-role=\"assistant\" data-message-id=\"5dff5948-4eaf-44aa-9473-83c368bcc110\">\n<div class=\"flex w-full flex-col gap-1 empty:hidden first:pt-[3px]\">\n<div class=\"markdown prose w-full break-words dark:prose-invert light\">\n<p>Bu m\u00fcasir dizaynl\u0131 as\u0131l\u0131 tualet v\u0259 onun montaj \u00e7\u0259r\u00e7iv\u0259si, h\u0259m funksional, h\u0259m d\u0259 estetik bax\u0131mdan t\u0259kmill\u0259\u015fdirilmi\u015f bir h\u0259ll t\u0259klif edir. \u00c7\u0259r\u00e7iv\u0259 daxili su qutusu il\u0259 t\u0259chiz edilmi\u015fdir ki, bu daha s\u0259liq\u0259li v\u0259 t\u0259miz bir g\u00f6r\u00fcn\u00fc\u015f yarad\u0131r. As\u0131l\u0131 tualet dizayn\u0131 is\u0259 yer\u0259 q\u0259na\u0259t etm\u0259y\u0259 v\u0259 asan t\u0259mizl\u0259nm\u0259y\u0259 imkan verir, vanna ota\u011f\u0131n\u0131zda m\u00fcasir v\u0259 y\u00fcks\u0259k texnologiyal\u0131 bir atmosfer yarad\u0131r.<\/p>\n<\/div>\n<\/div>\n<\/div>\n<\/div>\n<div class=\"mb-2 flex gap-3 empty:hidden -ml-2\">\n<div class=\"items-center justify-start rounded-xl p-1 flex\">\n<div class=\"flex items-center\"><button class=\"rounded-lg text-token-text-secondary hover:bg-token-main-surface-secondary\" aria-label=\"Read aloud\" data-testid=\"voice-play-turn-action-button\"><\/button><button class=\"rounded-lg text-token-text-secondary hover:bg-token-main-surface-secondary\" aria-label=\"\u041a\u043e\u043f\u0438\u0440\u043e\u0432\u0430\u0442\u044c\" data-testid=\"copy-turn-action-button\"><\/button><\/p>\n<div class=\"flex\"><\/div>\n<div class=\"flex items-center pb-0\"><\/div>\n<\/div>\n<\/div>\n<\/div>\n","protected":false},"excerpt":{"rendered":"<p>\u042d\u0442\u043e\u0442 \u043d\u0430\u0441\u0442\u0435\u043d\u043d\u044b\u0439 \u0443\u043d\u0438\u0442\u0430\u0437 \u0441\u043e\u0432\u0440\u0435\u043c\u0435\u043d\u043d\u043e\u0433\u043e \u0434\u0438\u0437\u0430\u0439\u043d\u0430 \u0438 \u0435\u0433\u043e \u043c\u043e\u043d\u0442\u0430\u0436\u043d\u0430\u044f \u0440\u0430\u043c\u0430 \u043f\u0440\u0435\u0434\u043b\u0430\u0433\u0430\u044e\u0442 \u0443\u043b\u0443\u0447\u0448\u0435\u043d\u043d\u043e\u0435 \u0440\u0435\u0448\u0435\u043d\u0438\u0435 \u043a\u0430\u043a \u0444\u0443\u043d\u043a\u0446\u0438\u043e\u043d\u0430\u043b\u044c\u043d\u043e, \u0442\u0430\u043a \u0438 \u044d\u0441\u0442\u0435\u0442\u0438\u0447\u0435\u0441\u043a\u0438. \u0420\u0430\u043c\u0430 \u043e\u0441\u043d\u0430\u0449\u0435\u043d\u0430 \u0432\u043d\u0443\u0442\u0440\u0435\u043d\u043d\u0435\u0439 \u0432\u043e\u0434\u044f\u043d\u043e\u0439 \u043a\u0430\u043c\u0435\u0440\u043e\u0439, \u0447\u0442\u043e \u043f\u0440\u0438\u0434\u0430\u0435\u0442 \u0435\u0439 \u0431\u043e\u043b\u0435\u0435 \u0430\u043a\u043a\u0443\u0440\u0430\u0442\u043d\u044b\u0439 \u0438 \u0447\u0438\u0441\u0442\u044b\u0439 \u0432\u0438\u0434. \u041a\u043e\u043d\u0441\u0442\u0440\u0443\u043a\u0446\u0438\u044f \u043f\u043e\u0434\u0432\u0435\u0441\u043d\u043e\u0433\u043e \u0443\u043d\u0438\u0442\u0430\u0437\u0430 \u043f\u043e\u0437\u0432\u043e\u043b\u044f\u0435\u0442 \u044d\u043a\u043e\u043d\u043e\u043c\u0438\u0442\u044c \u043f\u0440\u043e\u0441\u0442\u0440\u0430\u043d\u0441\u0442\u0432\u043e \u0438 \u043e\u0431\u043b\u0435\u0433\u0447\u0430\u0435\u0442 \u0443\u0431\u043e\u0440\u043a\u0443, \u0441\u043e\u0437\u0434\u0430\u0432\u0430\u044f \u0432 \u0432\u0430\u043d\u043d\u043e\u0439 \u043a\u043e\u043c\u043d\u0430\u0442\u0435 \u0441\u043e\u0432\u0440\u0435\u043c\u0435\u043d\u043d\u0443\u044e \u0438 \u0432\u044b\u0441\u043e\u043a\u043e\u0442\u0435\u0445\u043d\u043e\u043b\u043e\u0433\u0438\u0447\u043d\u0443\u044e \u0430\u0442\u043c\u043e\u0441\u0444\u0435\u0440\u0443.<\/p>","protected":false},"featured_media":22190,"comment_status":"closed","ping_status":"closed","template":"","meta":[],"product_brand":[],"product_cat":[408],"product_tag":[],"collection":[],"brand":[79],"category_2":[],"catergory_brand":[],"class_list":{"0":"post-22189","1":"product","2":"type-product","3":"status-publish","4":"has-post-thumbnail","6":"product_cat-toilets","7":"brand-kerama-marazzi","9":"first","10":"instock","11":"shipping-taxable","12":"product-type-simple"},"_links":{"self":[{"href":"https:\/\/simfoniya.az\/ru\/wp-json\/wp\/v2\/product\/22189","targetHints":{"allow":["GET"]}}],"collection":[{"href":"https:\/\/simfoniya.az\/ru\/wp-json\/wp\/v2\/product"}],"about":[{"href":"https:\/\/simfoniya.az\/ru\/wp-json\/wp\/v2\/types\/product"}],"replies":[{"embeddable":true,"href":"https:\/\/simfoniya.az\/ru\/wp-json\/wp\/v2\/comments?post=22189"}],"wp:featuredmedia":[{"embeddable":true,"href":"https:\/\/simfoniya.az\/ru\/wp-json\/wp\/v2\/media\/22190"}],"wp:attachment":[{"href":"https:\/\/simfoniya.az\/ru\/wp-json\/wp\/v2\/media?parent=22189"}],"wp:term":[{"taxonomy":"product_brand","embeddable":true,"href":"https:\/\/simfoniya.az\/ru\/wp-json\/wp\/v2\/product_brand?post=22189"},{"taxonomy":"product_cat","embeddable":true,"href":"https:\/\/simfoniya.az\/ru\/wp-json\/wp\/v2\/product_cat?post=22189"},{"taxonomy":"product_tag","embeddable":true,"href":"https:\/\/simfoniya.az\/ru\/wp-json\/wp\/v2\/product_tag?post=22189"},{"taxonomy":"collection","embeddable":true,"href":"https:\/\/simfoniya.az\/ru\/wp-json\/wp\/v2\/collection?post=22189"},{"taxonomy":"brand","embeddable":true,"href":"https:\/\/simfoniya.az\/ru\/wp-json\/wp\/v2\/brand?post=22189"},{"taxonomy":"category_2","embeddable":true,"href":"https:\/\/simfoniya.az\/ru\/wp-json\/wp\/v2\/category_2?post=22189"},{"taxonomy":"catergory_brand","embeddable":true,"href":"https:\/\/simfoniya.az\/ru\/wp-json\/wp\/v2\/catergory_brand?post=22189"}],"curies":[{"name":"WP","href":"https:\/\/api.w.org\/{rel}","templated":true}]}}