{"id":22834,"date":"2024-08-13T16:49:35","date_gmt":"2024-08-13T16:49:35","guid":{"rendered":"https:\/\/simfoniya.az\/?post_type=product&#038;p=22834"},"modified":"2024-09-23T08:49:52","modified_gmt":"2024-09-23T08:49:52","slug":"ba-aida-60-sm-su-r%c9%99f-qizili","status":"publish","type":"product","link":"https:\/\/simfoniya.az\/ru\/product\/ba-aida-60-sm-su-r%c9%99f-qizili\/","title":{"rendered":"\u041f\u043e\u043b\u043a\u0430 \u0434\u043b\u044f \u0432\u0430\u043d\u043d\u043e\u0439 \/ \u0417\u043e\u043b\u043e\u0442\u043e"},"content":{"rendered":"<div class=\"flex max-w-full flex-col flex-grow\">\n<div class=\"min-h-[20px] text-message flex w-full flex-col items-end gap-2 whitespace-normal break-words [.text-message+&amp;]:mt-5\" dir=\"auto\" data-message-author-role=\"assistant\" data-message-id=\"006cbd1a-a641-427e-9c13-08987d9f58e0\">\n<div class=\"flex w-full flex-col gap-1 empty:hidden first:pt-[3px]\">\n<div class=\"markdown prose w-full break-words dark:prose-invert light\">\n<p>Bu uzun v\u0259 inc\u0259 \u015f\u00fc\u015f\u0259 r\u0259f, m\u00fcasir v\u0259 minimalizm dizayn\u0131 il\u0259 diqq\u0259t \u00e7\u0259kir. R\u0259f, divarla birl\u0259\u015fdirilmi\u015f metal tutucularla t\u0259chiz edilmi\u015fdir ki, bu ona h\u0259m m\u00f6hk\u0259mlik, h\u0259m d\u0259 t\u0259miz bir g\u00f6r\u00fcn\u00fc\u015f verir. \u015e\u0259ffaf \u015f\u00fc\u015f\u0259 y\u00fcng\u00fcl v\u0259 a\u00e7\u0131q bir hiss yarad\u0131r, vanna ota\u011f\u0131n\u0131zda v\u0259 ya ist\u0259nil\u0259n otaqda g\u00f6z\u0259l dekorativ element olaraq xidm\u0259t ed\u0259 bil\u0259r.<\/p>\n<\/div>\n<\/div>\n<\/div>\n<\/div>\n<div class=\"mb-2 flex gap-3 empty:hidden -ml-2\">\n<div class=\"items-center justify-start rounded-xl p-1 flex\">\n<div class=\"flex items-center\"><button class=\"rounded-lg text-token-text-secondary hover:bg-token-main-surface-secondary\" aria-label=\"Read aloud\" data-testid=\"voice-play-turn-action-button\"><\/button><button class=\"rounded-lg text-token-text-secondary hover:bg-token-main-surface-secondary\" aria-label=\"\u041a\u043e\u043f\u0438\u0440\u043e\u0432\u0430\u0442\u044c\" data-testid=\"copy-turn-action-button\"><\/button><\/p>\n<div class=\"flex\"><\/div>\n<div class=\"flex items-center pb-0\"><\/div>\n<\/div>\n<\/div>\n<\/div>\n","protected":false},"excerpt":{"rendered":"<p>\u042d\u0442\u0430 \u0432\u044b\u0441\u043e\u043a\u0430\u044f \u0438 \u0442\u043e\u043d\u043a\u0430\u044f \u0441\u0442\u0435\u043a\u043b\u044f\u043d\u043d\u0430\u044f \u043f\u043e\u043b\u043a\u0430 \u043f\u043e\u0440\u0430\u0436\u0430\u0435\u0442 \u0441\u0432\u043e\u0438\u043c \u0441\u043e\u0432\u0440\u0435\u043c\u0435\u043d\u043d\u044b\u043c \u0438 \u043c\u0438\u043d\u0438\u043c\u0430\u043b\u0438\u0441\u0442\u0438\u0447\u043d\u044b\u043c \u0434\u0438\u0437\u0430\u0439\u043d\u043e\u043c. \u041f\u043e\u043b\u043a\u0430 \u043e\u0441\u043d\u0430\u0449\u0435\u043d\u0430 \u043c\u0435\u0442\u0430\u043b\u043b\u0438\u0447\u0435\u0441\u043a\u0438\u043c\u0438 \u0434\u0435\u0440\u0436\u0430\u0442\u0435\u043b\u044f\u043c\u0438, \u043f\u0440\u0438\u043a\u0440\u0435\u043f\u043b\u0435\u043d\u043d\u044b\u043c\u0438 \u043a \u0441\u0442\u0435\u043d\u0435, \u0447\u0442\u043e \u043f\u0440\u0438\u0434\u0430\u0435\u0442 \u0435\u0439 \u043f\u0440\u043e\u0447\u043d\u043e\u0441\u0442\u044c \u0438 \u0430\u043a\u043a\u0443\u0440\u0430\u0442\u043d\u044b\u0439 \u0432\u0438\u0434. \u041f\u0440\u043e\u0437\u0440\u0430\u0447\u043d\u043e\u0435 \u0441\u0442\u0435\u043a\u043b\u043e \u0441\u043e\u0437\u0434\u0430\u0435\u0442 \u043e\u0449\u0443\u0449\u0435\u043d\u0438\u0435 \u043b\u0435\u0433\u043a\u043e\u0441\u0442\u0438 \u0438 \u043e\u0442\u043a\u0440\u044b\u0442\u043e\u0441\u0442\u0438 \u0438 \u043c\u043e\u0436\u0435\u0442 \u0441\u043b\u0443\u0436\u0438\u0442\u044c \u043a\u0440\u0430\u0441\u0438\u0432\u044b\u043c \u0434\u0435\u043a\u043e\u0440\u0430\u0442\u0438\u0432\u043d\u044b\u043c \u044d\u043b\u0435\u043c\u0435\u043d\u0442\u043e\u043c \u0432 \u0432\u0430\u0448\u0435\u0439 \u0432\u0430\u043d\u043d\u043e\u0439 \u0438\u043b\u0438 \u043b\u044e\u0431\u043e\u0439 \u043a\u043e\u043c\u043d\u0430\u0442\u0435.<\/p>","protected":false},"featured_media":22835,"comment_status":"closed","ping_status":"closed","template":"","meta":[],"product_brand":[],"product_cat":[1503],"product_tag":[],"collection":[],"brand":[],"category_2":[],"catergory_brand":[],"class_list":{"0":"post-22834","1":"product","2":"type-product","3":"status-publish","4":"has-post-thumbnail","6":"product_cat-guzgu-rf","8":"first","9":"instock","10":"shipping-taxable","11":"product-type-simple"},"_links":{"self":[{"href":"https:\/\/simfoniya.az\/ru\/wp-json\/wp\/v2\/product\/22834","targetHints":{"allow":["GET"]}}],"collection":[{"href":"https:\/\/simfoniya.az\/ru\/wp-json\/wp\/v2\/product"}],"about":[{"href":"https:\/\/simfoniya.az\/ru\/wp-json\/wp\/v2\/types\/product"}],"replies":[{"embeddable":true,"href":"https:\/\/simfoniya.az\/ru\/wp-json\/wp\/v2\/comments?post=22834"}],"wp:featuredmedia":[{"embeddable":true,"href":"https:\/\/simfoniya.az\/ru\/wp-json\/wp\/v2\/media\/22835"}],"wp:attachment":[{"href":"https:\/\/simfoniya.az\/ru\/wp-json\/wp\/v2\/media?parent=22834"}],"wp:term":[{"taxonomy":"product_brand","embeddable":true,"href":"https:\/\/simfoniya.az\/ru\/wp-json\/wp\/v2\/product_brand?post=22834"},{"taxonomy":"product_cat","embeddable":true,"href":"https:\/\/simfoniya.az\/ru\/wp-json\/wp\/v2\/product_cat?post=22834"},{"taxonomy":"product_tag","embeddable":true,"href":"https:\/\/simfoniya.az\/ru\/wp-json\/wp\/v2\/product_tag?post=22834"},{"taxonomy":"collection","embeddable":true,"href":"https:\/\/simfoniya.az\/ru\/wp-json\/wp\/v2\/collection?post=22834"},{"taxonomy":"brand","embeddable":true,"href":"https:\/\/simfoniya.az\/ru\/wp-json\/wp\/v2\/brand?post=22834"},{"taxonomy":"category_2","embeddable":true,"href":"https:\/\/simfoniya.az\/ru\/wp-json\/wp\/v2\/category_2?post=22834"},{"taxonomy":"catergory_brand","embeddable":true,"href":"https:\/\/simfoniya.az\/ru\/wp-json\/wp\/v2\/catergory_brand?post=22834"}],"curies":[{"name":"WP","href":"https:\/\/api.w.org\/{rel}","templated":true}]}}