{"id":22935,"date":"2024-08-16T14:43:14","date_gmt":"2024-08-16T14:43:14","guid":{"rendered":"https:\/\/simfoniya.az\/?post_type=product&#038;p=22935"},"modified":"2024-09-23T08:48:41","modified_gmt":"2024-09-23T08:48:41","slug":"taihe-paddonlu-kabina-910x910x2000","status":"publish","type":"product","link":"https:\/\/simfoniya.az\/ru\/product\/taihe-paddonlu-kabina-910x910x2000\/","title":{"rendered":"\u0422\u0430\u0439\u0445\u044d \/ \u0414\u0443\u0448\u0435\u0432\u0430\u044f \u043a\u0430\u0431\u0438\u043d\u0430"},"content":{"rendered":"<div class=\"flex max-w-full flex-col flex-grow\">\n<div class=\"min-h-[20px] text-message flex w-full flex-col items-end gap-2 whitespace-normal break-words [.text-message+&amp;]:mt-5\" dir=\"auto\" data-message-author-role=\"assistant\" data-message-id=\"b09e5f69-fb06-4772-bd9d-a18c89e13fa2\">\n<div class=\"flex w-full flex-col gap-1 empty:hidden first:pt-[3px]\">\n<div class=\"markdown prose w-full break-words dark:prose-invert light\">\n<p>Bu k\u00f6\u015f\u0259 du\u015f kabinas\u0131, qara mat \u015f\u00fc\u015f\u0259 panell\u0259ri il\u0259 m\u00fcasir v\u0259 \u015f\u0131k bir g\u00f6r\u00fcn\u00fc\u015f t\u0259klif edir. Mat \u015f\u00fc\u015f\u0259 m\u0259xfilik t\u0259min edir, eyni zamanda vanna ota\u011f\u0131na z\u0259rif bir toxunu\u015f \u0259lav\u0259 edir. Bu dizayn, m\u0259hdud m\u0259kanlar\u0131 optimal \u015f\u0259kild\u0259 istifad\u0259 etm\u0259k ist\u0259y\u0259n istifad\u0259\u00e7il\u0259r \u00fc\u00e7\u00fcn m\u00fck\u0259mm\u0259ldir, \u00e7\u00fcnki k\u00f6\u015f\u0259 yerl\u0259\u015fdirilm\u0259si yer\u0259 q\u0259na\u0259t edir v\u0259 eyni zamanda funksionall\u0131\u011f\u0131 art\u0131r\u0131r.<\/p>\n<\/div>\n<\/div>\n<\/div>\n<\/div>\n<div class=\"mb-2 flex gap-3 empty:hidden -ml-2\">\n<div class=\"items-center justify-start rounded-xl p-1 flex\">\n<div class=\"flex items-center\"><button class=\"rounded-lg text-token-text-secondary hover:bg-token-main-surface-secondary\" aria-label=\"Read aloud\" data-testid=\"voice-play-turn-action-button\"><\/button><button class=\"rounded-lg text-token-text-secondary hover:bg-token-main-surface-secondary\" aria-label=\"\u041a\u043e\u043f\u0438\u0440\u043e\u0432\u0430\u0442\u044c\" data-testid=\"copy-turn-action-button\"><\/button><\/p>\n<div class=\"flex\"><\/div>\n<div class=\"flex items-center pb-0\"><\/div>\n<\/div>\n<\/div>\n<\/div>\n","protected":false},"excerpt":{"rendered":"<p>\u042d\u0442\u0430 \u0443\u0433\u043b\u043e\u0432\u0430\u044f \u0434\u0443\u0448\u0435\u0432\u0430\u044f \u043a\u0430\u0431\u0438\u043d\u0430 \u0438\u043c\u0435\u0435\u0442 \u0441\u043e\u0432\u0440\u0435\u043c\u0435\u043d\u043d\u044b\u0439 \u0438 \u0441\u0442\u0438\u043b\u044c\u043d\u044b\u0439 \u0432\u0438\u0434 \u0431\u043b\u0430\u0433\u043e\u0434\u0430\u0440\u044f \u0447\u0435\u0440\u043d\u044b\u043c \u043c\u0430\u0442\u043e\u0432\u044b\u043c \u0441\u0442\u0435\u043a\u043b\u044f\u043d\u043d\u044b\u043c \u043f\u0430\u043d\u0435\u043b\u044f\u043c. \u041c\u0430\u0442\u043e\u0432\u043e\u0435 \u0441\u0442\u0435\u043a\u043b\u043e \u043e\u0431\u0435\u0441\u043f\u0435\u0447\u0438\u0432\u0430\u0435\u0442 \u043a\u043e\u043d\u0444\u0438\u0434\u0435\u043d\u0446\u0438\u0430\u043b\u044c\u043d\u043e\u0441\u0442\u044c \u0438 \u0434\u043e\u0431\u0430\u0432\u043b\u044f\u0435\u0442 \u044d\u043b\u0435\u0433\u0430\u043d\u0442\u043d\u043e\u0441\u0442\u0438 \u0432\u0430\u043d\u043d\u043e\u0439 \u043a\u043e\u043c\u043d\u0430\u0442\u0435. \u042d\u0442\u043e\u0442 \u0434\u0438\u0437\u0430\u0439\u043d \u0438\u0434\u0435\u0430\u043b\u044c\u043d\u043e \u043f\u043e\u0434\u0445\u043e\u0434\u0438\u0442 \u0434\u043b\u044f \u043f\u043e\u043b\u044c\u0437\u043e\u0432\u0430\u0442\u0435\u043b\u0435\u0439, \u043a\u043e\u0442\u043e\u0440\u044b\u0435 \u0445\u043e\u0442\u044f\u0442 \u043e\u043f\u0442\u0438\u043c\u0430\u043b\u044c\u043d\u043e \u0438\u0441\u043f\u043e\u043b\u044c\u0437\u043e\u0432\u0430\u0442\u044c \u043e\u0433\u0440\u0430\u043d\u0438\u0447\u0435\u043d\u043d\u043e\u0435 \u043f\u0440\u043e\u0441\u0442\u0440\u0430\u043d\u0441\u0442\u0432\u043e, \u043f\u043e\u0441\u043a\u043e\u043b\u044c\u043a\u0443 \u0443\u0433\u043b\u043e\u0432\u043e\u0435 \u0440\u0430\u0437\u043c\u0435\u0449\u0435\u043d\u0438\u0435 \u044d\u043a\u043e\u043d\u043e\u043c\u0438\u0442 \u043f\u0440\u043e\u0441\u0442\u0440\u0430\u043d\u0441\u0442\u0432\u043e \u0438 \u043e\u0434\u043d\u043e\u0432\u0440\u0435\u043c\u0435\u043d\u043d\u043e \u043f\u043e\u0432\u044b\u0448\u0430\u0435\u0442 \u0444\u0443\u043d\u043a\u0446\u0438\u043e\u043d\u0430\u043b\u044c\u043d\u043e\u0441\u0442\u044c.<\/p>","protected":false},"featured_media":22936,"comment_status":"closed","ping_status":"closed","template":"","meta":[],"product_brand":[],"product_cat":[1342],"product_tag":[],"collection":[],"brand":[],"category_2":[],"catergory_brand":[],"class_list":{"0":"post-22935","1":"product","2":"type-product","3":"status-publish","4":"has-post-thumbnail","6":"product_cat-shower-cabinet","8":"first","9":"instock","10":"shipping-taxable","11":"product-type-simple"},"_links":{"self":[{"href":"https:\/\/simfoniya.az\/ru\/wp-json\/wp\/v2\/product\/22935","targetHints":{"allow":["GET"]}}],"collection":[{"href":"https:\/\/simfoniya.az\/ru\/wp-json\/wp\/v2\/product"}],"about":[{"href":"https:\/\/simfoniya.az\/ru\/wp-json\/wp\/v2\/types\/product"}],"replies":[{"embeddable":true,"href":"https:\/\/simfoniya.az\/ru\/wp-json\/wp\/v2\/comments?post=22935"}],"wp:featuredmedia":[{"embeddable":true,"href":"https:\/\/simfoniya.az\/ru\/wp-json\/wp\/v2\/media\/22936"}],"wp:attachment":[{"href":"https:\/\/simfoniya.az\/ru\/wp-json\/wp\/v2\/media?parent=22935"}],"wp:term":[{"taxonomy":"product_brand","embeddable":true,"href":"https:\/\/simfoniya.az\/ru\/wp-json\/wp\/v2\/product_brand?post=22935"},{"taxonomy":"product_cat","embeddable":true,"href":"https:\/\/simfoniya.az\/ru\/wp-json\/wp\/v2\/product_cat?post=22935"},{"taxonomy":"product_tag","embeddable":true,"href":"https:\/\/simfoniya.az\/ru\/wp-json\/wp\/v2\/product_tag?post=22935"},{"taxonomy":"collection","embeddable":true,"href":"https:\/\/simfoniya.az\/ru\/wp-json\/wp\/v2\/collection?post=22935"},{"taxonomy":"brand","embeddable":true,"href":"https:\/\/simfoniya.az\/ru\/wp-json\/wp\/v2\/brand?post=22935"},{"taxonomy":"category_2","embeddable":true,"href":"https:\/\/simfoniya.az\/ru\/wp-json\/wp\/v2\/category_2?post=22935"},{"taxonomy":"catergory_brand","embeddable":true,"href":"https:\/\/simfoniya.az\/ru\/wp-json\/wp\/v2\/catergory_brand?post=22935"}],"curies":[{"name":"WP","href":"https:\/\/api.w.org\/{rel}","templated":true}]}}