{"id":22939,"date":"2024-08-16T14:51:44","date_gmt":"2024-08-16T14:51:44","guid":{"rendered":"https:\/\/simfoniya.az\/?post_type=product&#038;p=22939"},"modified":"2024-09-23T08:47:02","modified_gmt":"2024-09-23T08:47:02","slug":"taihe-kabina-mat-suseli-910x910x2080","status":"publish","type":"product","link":"https:\/\/simfoniya.az\/ru\/product\/taihe-kabina-mat-suseli-910x910x2080\/","title":{"rendered":"\u0422\u0430\u0439\u0445\u044d \/ \u0414\u0443\u0448\u0435\u0432\u0430\u044f \u043a\u0430\u0431\u0438\u043d\u0430 \/ \u041c\u0430\u0442\u043e\u0432\u043e\u0435 \u0441\u0442\u0435\u043a\u043b\u043e"},"content":{"rendered":"<div class=\"flex max-w-full flex-col flex-grow\">\n<div class=\"min-h-[20px] text-message flex w-full flex-col items-end gap-2 whitespace-normal break-words [.text-message+&amp;]:mt-5\" dir=\"auto\" data-message-author-role=\"assistant\" data-message-id=\"5b1ee3fc-0bd6-4e8f-8790-0c9d62fe9e9d\">\n<div class=\"flex w-full flex-col gap-1 empty:hidden first:pt-[3px]\">\n<div class=\"markdown prose w-full break-words dark:prose-invert light\">\n<p>Bu yar\u0131m dair\u0259vi du\u015f kabinas\u0131, z\u0259rif v\u0259 m\u00fcasir bir toxunu\u015fla, h\u0259r hans\u0131 vanna ota\u011f\u0131n\u0131n dizayn\u0131n\u0131 tamamlay\u0131r. \u015e\u00fc\u015f\u0259 panell\u0259r m\u0259kan\u0131 daha geni\u015f v\u0259 a\u00e7\u0131q g\u00f6st\u0259rir, t\u0259miz v\u0259 sad\u0259 x\u0259tl\u0259r is\u0259 m\u00fcasir estetikaya uy\u011fun g\u0259lir. Kabinan\u0131n yuvarlaq dizayn\u0131 k\u00f6\u015f\u0259l\u0259rd\u0259 yerl\u0259\u015fdirm\u0259 \u00fc\u00e7\u00fcn m\u00fck\u0259mm\u0259ldir, bu da h\u0259m yer\u0259 q\u0259na\u0259t etm\u0259y\u0259, h\u0259m d\u0259 vanna ota\u011f\u0131n\u0131 daha funksional etm\u0259y\u0259 imkan verir.<\/p>\n<\/div>\n<\/div>\n<\/div>\n<\/div>\n<div class=\"mb-2 flex gap-3 empty:hidden -ml-2\">\n<div class=\"items-center justify-start rounded-xl p-1 flex\">\n<div class=\"flex items-center\"><button class=\"rounded-lg text-token-text-secondary hover:bg-token-main-surface-secondary\" aria-label=\"Read aloud\" data-testid=\"voice-play-turn-action-button\"><\/button><button class=\"rounded-lg text-token-text-secondary hover:bg-token-main-surface-secondary\" aria-label=\"\u041a\u043e\u043f\u0438\u0440\u043e\u0432\u0430\u0442\u044c\" data-testid=\"copy-turn-action-button\"><\/button><\/p>\n<div class=\"flex\"><\/div>\n<div class=\"flex items-center pb-0\"><\/div>\n<\/div>\n<\/div>\n<\/div>\n","protected":false},"excerpt":{"rendered":"<p>\u042d\u0442\u0430 \u043f\u043e\u043b\u0443\u043a\u0440\u0443\u0433\u043b\u0430\u044f \u0434\u0443\u0448\u0435\u0432\u0430\u044f \u043a\u0430\u0431\u0438\u043d\u0430 \u044d\u043b\u0435\u0433\u0430\u043d\u0442\u043d\u043e \u0438 \u0441\u043e\u0432\u0440\u0435\u043c\u0435\u043d\u043d\u043e \u0434\u043e\u043f\u043e\u043b\u043d\u0438\u0442 \u043b\u044e\u0431\u043e\u0439 \u0434\u0438\u0437\u0430\u0439\u043d \u0432\u0430\u043d\u043d\u043e\u0439 \u043a\u043e\u043c\u043d\u0430\u0442\u044b. \u0421\u0442\u0435\u043a\u043b\u044f\u043d\u043d\u044b\u0435 \u043f\u0430\u043d\u0435\u043b\u0438 \u0434\u0435\u043b\u0430\u044e\u0442 \u043f\u0440\u043e\u0441\u0442\u0440\u0430\u043d\u0441\u0442\u0432\u043e \u0431\u043e\u043b\u0435\u0435 \u043f\u0440\u043e\u0441\u0442\u043e\u0440\u043d\u044b\u043c \u0438 \u043e\u0442\u043a\u0440\u044b\u0442\u044b\u043c, \u0430 \u0447\u0438\u0441\u0442\u044b\u0435 \u0438 \u043f\u0440\u043e\u0441\u0442\u044b\u0435 \u043b\u0438\u043d\u0438\u0438 \u0441\u043e\u043e\u0442\u0432\u0435\u0442\u0441\u0442\u0432\u0443\u044e\u0442 \u0441\u043e\u0432\u0440\u0435\u043c\u0435\u043d\u043d\u043e\u0439 \u044d\u0441\u0442\u0435\u0442\u0438\u043a\u0435. \u041a\u0440\u0443\u0433\u043b\u0430\u044f \u043a\u043e\u043d\u0441\u0442\u0440\u0443\u043a\u0446\u0438\u044f \u043a\u0430\u0431\u0438\u043d\u044b \u0438\u0434\u0435\u0430\u043b\u044c\u043d\u0430 \u0434\u043b\u044f \u0440\u0430\u0437\u043c\u0435\u0449\u0435\u043d\u0438\u044f \u0432 \u0443\u0433\u043b\u0430\u0445, \u0447\u0442\u043e \u043f\u043e\u0437\u0432\u043e\u043b\u044f\u0435\u0442 \u0441\u044d\u043a\u043e\u043d\u043e\u043c\u0438\u0442\u044c \u043f\u0440\u043e\u0441\u0442\u0440\u0430\u043d\u0441\u0442\u0432\u043e \u0438 \u0441\u0434\u0435\u043b\u0430\u0442\u044c \u0432\u0430\u043d\u043d\u0443\u044e \u043a\u043e\u043c\u043d\u0430\u0442\u0443 \u0431\u043e\u043b\u0435\u0435 \u0444\u0443\u043d\u043a\u0446\u0438\u043e\u043d\u0430\u043b\u044c\u043d\u043e\u0439.<\/p>","protected":false},"featured_media":22941,"comment_status":"closed","ping_status":"closed","template":"","meta":[],"product_brand":[],"product_cat":[1342],"product_tag":[],"collection":[],"brand":[],"category_2":[],"catergory_brand":[],"class_list":{"0":"post-22939","1":"product","2":"type-product","3":"status-publish","4":"has-post-thumbnail","6":"product_cat-shower-cabinet","8":"first","9":"instock","10":"shipping-taxable","11":"product-type-simple"},"_links":{"self":[{"href":"https:\/\/simfoniya.az\/ru\/wp-json\/wp\/v2\/product\/22939","targetHints":{"allow":["GET"]}}],"collection":[{"href":"https:\/\/simfoniya.az\/ru\/wp-json\/wp\/v2\/product"}],"about":[{"href":"https:\/\/simfoniya.az\/ru\/wp-json\/wp\/v2\/types\/product"}],"replies":[{"embeddable":true,"href":"https:\/\/simfoniya.az\/ru\/wp-json\/wp\/v2\/comments?post=22939"}],"wp:featuredmedia":[{"embeddable":true,"href":"https:\/\/simfoniya.az\/ru\/wp-json\/wp\/v2\/media\/22941"}],"wp:attachment":[{"href":"https:\/\/simfoniya.az\/ru\/wp-json\/wp\/v2\/media?parent=22939"}],"wp:term":[{"taxonomy":"product_brand","embeddable":true,"href":"https:\/\/simfoniya.az\/ru\/wp-json\/wp\/v2\/product_brand?post=22939"},{"taxonomy":"product_cat","embeddable":true,"href":"https:\/\/simfoniya.az\/ru\/wp-json\/wp\/v2\/product_cat?post=22939"},{"taxonomy":"product_tag","embeddable":true,"href":"https:\/\/simfoniya.az\/ru\/wp-json\/wp\/v2\/product_tag?post=22939"},{"taxonomy":"collection","embeddable":true,"href":"https:\/\/simfoniya.az\/ru\/wp-json\/wp\/v2\/collection?post=22939"},{"taxonomy":"brand","embeddable":true,"href":"https:\/\/simfoniya.az\/ru\/wp-json\/wp\/v2\/brand?post=22939"},{"taxonomy":"category_2","embeddable":true,"href":"https:\/\/simfoniya.az\/ru\/wp-json\/wp\/v2\/category_2?post=22939"},{"taxonomy":"catergory_brand","embeddable":true,"href":"https:\/\/simfoniya.az\/ru\/wp-json\/wp\/v2\/catergory_brand?post=22939"}],"curies":[{"name":"WP","href":"https:\/\/api.w.org\/{rel}","templated":true}]}}