{"id":22944,"date":"2024-08-16T15:16:55","date_gmt":"2024-08-16T15:16:55","guid":{"rendered":"https:\/\/simfoniya.az\/?post_type=product&#038;p=22944"},"modified":"2024-09-23T08:43:11","modified_gmt":"2024-09-23T08:43:11","slug":"taihe-kabina-910x910x2000-3","status":"publish","type":"product","link":"https:\/\/simfoniya.az\/ru\/product\/taihe-kabina-910x910x2000-3\/","title":{"rendered":"\u0422\u0430\u0439\u0445\u044d \/ \u0414\u0443\u0448\u0435\u0432\u0430\u044f \u043a\u0430\u0431\u0438\u043d\u0430"},"content":{"rendered":"<div class=\"flex max-w-full flex-col flex-grow\">\n<div class=\"min-h-[20px] text-message flex w-full flex-col items-end gap-2 whitespace-normal break-words [.text-message+&amp;]:mt-5\" dir=\"auto\" data-message-author-role=\"assistant\" data-message-id=\"ef1f17c0-2b24-4482-ae26-645ae3fa1047\">\n<div class=\"flex w-full flex-col gap-1 empty:hidden first:pt-[3px]\">\n<div class=\"markdown prose w-full break-words dark:prose-invert light\">\n<p>Bu k\u00f6\u015f\u0259 du\u015f kabinas\u0131, m\u00fcasir dizayn\u0131 v\u0259 a\u011f \u00e7\u0259r\u00e7iv\u0259 il\u0259 t\u0259chiz edilmi\u015f \u015f\u0259ffaf \u015f\u00fc\u015f\u0259 panell\u0259ri il\u0259 diqq\u0259t \u00e7\u0259kir. Bu dizayn, h\u0259m ki\u00e7ik, h\u0259m d\u0259 b\u00f6y\u00fck vanna otaqlar\u0131 \u00fc\u00e7\u00fcn m\u00fck\u0259mm\u0259ldir, \u00e7\u00fcnki onun k\u00f6\u015f\u0259 qura\u015fd\u0131rmas\u0131 yer\u0259 q\u0259na\u0259t edir. \u015e\u00fc\u015f\u0259 panell\u0259r i\u015f\u0131q ke\u00e7iriciliyi il\u0259 m\u0259kan\u0131 daha a\u00e7\u0131q v\u0259 havadar g\u00f6st\u0259rir, bu da vanna ota\u011f\u0131n\u0131z\u0131 daha b\u00f6y\u00fck v\u0259 d\u0259v\u0259t edici edir. Kabinan\u0131n z\u0259rif \u00e7\u0259r\u00e7iv\u0259si is\u0259 m\u00fcasir interyerl\u0259r\u0259 x\u00fcsusi bir z\u0259riflik \u0259lav\u0259 edir.<\/p>\n<\/div>\n<\/div>\n<\/div>\n<\/div>\n<div class=\"mb-2 flex gap-3 empty:hidden -ml-2\">\n<div class=\"items-center justify-start rounded-xl p-1 flex\">\n<div class=\"flex items-center\"><button class=\"rounded-lg text-token-text-secondary hover:bg-token-main-surface-secondary\" aria-label=\"Read aloud\" data-testid=\"voice-play-turn-action-button\"><\/button><button class=\"rounded-lg text-token-text-secondary hover:bg-token-main-surface-secondary\" aria-label=\"\u041a\u043e\u043f\u0438\u0440\u043e\u0432\u0430\u0442\u044c\" data-testid=\"copy-turn-action-button\"><\/button><\/p>\n<div class=\"flex\"><\/div>\n<div class=\"flex items-center pb-0\"><\/div>\n<\/div>\n<\/div>\n<\/div>\n","protected":false},"excerpt":{"rendered":"<p>Bu k\u00f6\u015f\u0259 du\u015f kabinas\u0131, m\u00fcasir dizayn\u0131 v\u0259 a\u011f \u00e7\u0259r\u00e7iv\u0259 il\u0259 t\u0259chiz edilmi\u015f \u015f\u0259ffaf \u015f\u00fc\u015f\u0259 panell\u0259ri il\u0259 diqq\u0259t \u00e7\u0259kir. Bu dizayn, h\u0259m ki\u00e7ik, h\u0259m d\u0259 b\u00f6y\u00fck vanna otaqlar\u0131 \u00fc\u00e7\u00fcn m\u00fck\u0259mm\u0259ldir, \u00e7\u00fcnki onun k\u00f6\u015f\u0259 qura\u015fd\u0131rmas\u0131 yer\u0259 q\u0259na\u0259t edir. \u015e\u00fc\u015f\u0259 panell\u0259r i\u015f\u0131q ke\u00e7iriciliyi il\u0259 m\u0259kan\u0131 daha a\u00e7\u0131q v\u0259 havadar g\u00f6st\u0259rir, bu da vanna ota\u011f\u0131n\u0131z\u0131 daha b\u00f6y\u00fck v\u0259 d\u0259v\u0259t edici edir. Kabinan\u0131n z\u0259rif \u00e7\u0259r\u00e7iv\u0259si\u2026<\/p>","protected":false},"featured_media":22945,"comment_status":"closed","ping_status":"closed","template":"","meta":[],"product_brand":[],"product_cat":[1342],"product_tag":[],"collection":[],"brand":[],"category_2":[],"catergory_brand":[],"class_list":{"0":"post-22944","1":"product","2":"type-product","3":"status-publish","4":"has-post-thumbnail","6":"product_cat-shower-cabinet","8":"first","9":"instock","10":"shipping-taxable","11":"product-type-simple"},"_links":{"self":[{"href":"https:\/\/simfoniya.az\/ru\/wp-json\/wp\/v2\/product\/22944","targetHints":{"allow":["GET"]}}],"collection":[{"href":"https:\/\/simfoniya.az\/ru\/wp-json\/wp\/v2\/product"}],"about":[{"href":"https:\/\/simfoniya.az\/ru\/wp-json\/wp\/v2\/types\/product"}],"replies":[{"embeddable":true,"href":"https:\/\/simfoniya.az\/ru\/wp-json\/wp\/v2\/comments?post=22944"}],"wp:featuredmedia":[{"embeddable":true,"href":"https:\/\/simfoniya.az\/ru\/wp-json\/wp\/v2\/media\/22945"}],"wp:attachment":[{"href":"https:\/\/simfoniya.az\/ru\/wp-json\/wp\/v2\/media?parent=22944"}],"wp:term":[{"taxonomy":"product_brand","embeddable":true,"href":"https:\/\/simfoniya.az\/ru\/wp-json\/wp\/v2\/product_brand?post=22944"},{"taxonomy":"product_cat","embeddable":true,"href":"https:\/\/simfoniya.az\/ru\/wp-json\/wp\/v2\/product_cat?post=22944"},{"taxonomy":"product_tag","embeddable":true,"href":"https:\/\/simfoniya.az\/ru\/wp-json\/wp\/v2\/product_tag?post=22944"},{"taxonomy":"collection","embeddable":true,"href":"https:\/\/simfoniya.az\/ru\/wp-json\/wp\/v2\/collection?post=22944"},{"taxonomy":"brand","embeddable":true,"href":"https:\/\/simfoniya.az\/ru\/wp-json\/wp\/v2\/brand?post=22944"},{"taxonomy":"category_2","embeddable":true,"href":"https:\/\/simfoniya.az\/ru\/wp-json\/wp\/v2\/category_2?post=22944"},{"taxonomy":"catergory_brand","embeddable":true,"href":"https:\/\/simfoniya.az\/ru\/wp-json\/wp\/v2\/catergory_brand?post=22944"}],"curies":[{"name":"WP","href":"https:\/\/api.w.org\/{rel}","templated":true}]}}